{"id":23904,"date":"2024-07-28T21:47:33","date_gmt":"2024-07-28T20:47:33","guid":{"rendered":"https:\/\/pramlux.com\/product\/multi-functional-baby-crib-with-foldable-height-adjustment-splicing-portable-and-movable-bedside-swing-cradle-sleeping-bed\/"},"modified":"2025-11-12T15:30:45","modified_gmt":"2025-11-12T15:30:45","slug":"portable-multi-functional-baby-crib-foldable-height-adjustable","status":"publish","type":"product","link":"https:\/\/pramlux.com\/it\/prodotto\/portable-multi-functional-baby-crib-foldable-height-adjustable\/","title":{"rendered":"Culla portatile multifunzionale - pieghevole e regolabile in altezza"},"content":{"rendered":"<h1>Lettino multifunzionale per neonati, pieghevole, con regolazione dell'altezza e impiombatura.<\/h1>\n<p>Benvenuti nella soluzione definitiva per il sonno e il comfort del vostro bambino. Il nostro <b>Culla multifunzionale<\/b> con <b>Regolazione dell'altezza pieghevole Giuntura<\/b> \u00e8 stato progettato per soddisfare tutte le esigenze, fornendo un'altalena, una culla e un lettino portatili e spostabili per il neonato fino a 36 mesi.<\/p>\n<h2>Descrizione del prodotto<\/h2>\n<p>La nostra culla multifunzionale offre una praticit\u00e0 e un comfort senza pari sia per i genitori che per i bambini. Grazie alla giuntura pieghevole per la regolazione dell'altezza, questa culla assicura che possiate sempre tenere il vostro bambino vicino. La zanzariera a copertura totale offre una protezione tridimensionale, isolando le zanzare e garantendo al bambino un sonno tranquillo e dolce. La culla \u00e8 realizzata con materiali delicati per la pelle del bambino e presenta una circonferenza letto traspirante per garantire visibilit\u00e0 e ventilazione.<\/p>\n<p>L'ampio cesto portaoggetti aumenta la praticit\u00e0, consentendo di tenere a portata di mano gli oggetti essenziali per il bambino. Il comodo materasso assicura al bambino sonni tranquilli e le ruote universali consentono di spostare facilmente la culla, per tenere sempre d'occhio il piccolo. Con sei regolazioni, questa culla cresce con il vostro bambino, mantenendo la distanza dell'amore a portata di mano.<\/p>\n<h2>Caratteristiche<\/h2>\n<ul>\n<li><b>Zanzariera a copertura totale<\/b>: Offre una protezione tridimensionale, isolando le zanzare per un sonno tranquillo.<\/li>\n<li><b>Tessuto confortevole<\/b>: Materiali delicati per la pelle del bambino.<\/li>\n<li><b>Circonferenza del letto traspirante<\/b>: Assicura una buona ventilazione e visibilit\u00e0 per monitorare i movimenti del bambino.<\/li>\n<li><b>Cesto portaoggetti grande<\/b>: Comoda custodia per gli oggetti essenziali del bambino.<\/li>\n<li><b>Materasso confortevole<\/b>: Materasso morbido per un buon sonno.<\/li>\n<li><b>Spingi ruota universale<\/b>: Rende la culla portatile e facile da spostare.<\/li>\n<li><b>Regolazione della sesta marcia<\/b>: Altezza regolabile per crescere con il bambino.<\/li>\n<\/ul>\n<h2>Specifiche tecniche<\/h2>\n<ul>\n<li><b>Nome del prodotto<\/b>: Culla multifunzionale<\/li>\n<li><b>Et\u00e0 applicabile<\/b>: 0-36 mesi<\/li>\n<li><b>Prodotto Portante<\/b>: 50KG+<\/li>\n<li><b>Abbinamento dei colori dei prodotti<\/b>: Grigio\/verde<\/li>\n<li><b>Dimensione del prodotto<\/b>:\n<ul>\n<li>Altezza: 71-83 CM \/ 27,95-32,68 in<\/li>\n<li>Larghezza: 56 CM \/ 22,05 in<\/li>\n<li>Lunghezza: 90 CM \/ 35,43 pollici<\/li>\n<\/ul>\n<\/li>\n<\/ul>\n<h2>Il pacchetto comprende<\/h2>\n<ul>\n<li>1 x Culla multifunzionale<\/li>\n<li>1 x Zanzariera a copertura totale<\/li>\n<li>1 x materasso confortevole<\/li>\n<li>1 x Cesto portaoggetti grande<\/li>\n<li>1 x Manuale di istruzioni<\/li>\n<\/ul>\n<h2>Perch\u00e9 scegliere la nostra culla multifunzionale?<\/h2>\n<p>La nostra culla si distingue per la sua multifunzionalit\u00e0, comodit\u00e0 e convenienza. \u00c8 stata progettata per adattarsi alle esigenze del bambino, da neonato a bambino. L'altezza regolabile, i materiali traspiranti e la facile trasportabilit\u00e0 assicurano che il vostro bambino dorma comodamente e che voi siate tranquilli. L'ampio cesto portaoggetti e la zanzariera aggiungono ulteriore praticit\u00e0 e protezione, rendendolo un'aggiunta perfetta alla cameretta.<\/p>\n<p>Investire nella <b>Culla multifunzionale<\/b> con <b>Regolazione dell'altezza pieghevole Giuntura<\/b> e offrire al vostro bambino la migliore esperienza di sonno possibile. Ordinate ora e godetevi una culla che cresce con il vostro bambino!<\/p>\n<p>&nbsp;<\/p>\n<div class=\"detailmodule_html\">\n<div class=\"detail-desc-decorate-richtext\"><img decoding=\"async\" src=\"https:\/\/pramlux.com\/wp-content\/uploads\/2024\/07\/S8138624dbf714316a1ebf7cd87222b7do.webp\" \/><br \/>\n<img decoding=\"async\" src=\"https:\/\/pramlux.com\/wp-content\/uploads\/2024\/07\/S76e573ab709e4d3baf7d5d101c888807M.webp\" \/><br \/>\n<img decoding=\"async\" src=\"https:\/\/pramlux.com\/wp-content\/uploads\/2024\/07\/S0223786397ae41beaac11ccc7c5065908.webp\" \/><br \/>\n<img decoding=\"async\" src=\"https:\/\/pramlux.com\/wp-content\/uploads\/2024\/07\/Safa7dbc135bc4ea180ef0a3b7517d540c.webp\" \/><br \/>\n<img decoding=\"async\" src=\"https:\/\/pramlux.com\/wp-content\/uploads\/2024\/07\/Sa89bd6d746c243eb92ca2eea0d135e087.webp\" \/><br \/>\n<img decoding=\"async\" src=\"https:\/\/pramlux.com\/wp-content\/uploads\/2024\/07\/S3f83c7115fe94440b0357449825ca72cd.webp\" \/><\/div>\n<\/div>\n<p>&nbsp;<\/p>","protected":false},"excerpt":{"rendered":"<div class=\"flex flex-grow flex-col max-w-full\">\n<div class=\"min-h-[20px] text-message flex w-full flex-col items-end gap-2 whitespace-pre-wrap break-words [.text-message+&amp;]:mt-5 overflow-x-auto\" dir=\"auto\" data-message-author-role=\"assistant\" data-message-id=\"843627d0-8d9a-4bc2-aa01-23360554614e\">\n<div class=\"flex w-full flex-col gap-1 empty:hidden first:pt-[3px]\">\n<div class=\"markdown prose w-full break-words dark:prose-invert dark\">\n<p>Culla multifunzionale con giuntura pieghevole per la regolazione dell'altezza, altalena mobile da letto portatile. Dotato di zanzariera, tessuto traspirante e ampio cesto portaoggetti. Adatto per neonati fino a 36 mesi<\/p>\n<\/div>\n<\/div>\n<\/div>\n<\/div>","protected":false},"featured_media":24477,"comment_status":"open","ping_status":"closed","template":"","meta":[],"product_brand":[],"product_cat":[369],"product_tag":[],"class_list":{"0":"post-23904","1":"product","2":"type-product","3":"status-publish","4":"has-post-thumbnail","6":"product_cat-nursery-bedding","8":"first","9":"instock","10":"shipping-taxable","11":"purchasable","12":"product-type-variable"},"jetpack_sharing_enabled":true,"_links":{"self":[{"href":"https:\/\/pramlux.com\/it\/wp-json\/wp\/v2\/product\/23904","targetHints":{"allow":["GET"]}}],"collection":[{"href":"https:\/\/pramlux.com\/it\/wp-json\/wp\/v2\/product"}],"about":[{"href":"https:\/\/pramlux.com\/it\/wp-json\/wp\/v2\/types\/product"}],"replies":[{"embeddable":true,"href":"https:\/\/pramlux.com\/it\/wp-json\/wp\/v2\/comments?post=23904"}],"version-history":[{"count":2,"href":"https:\/\/pramlux.com\/it\/wp-json\/wp\/v2\/product\/23904\/revisions"}],"predecessor-version":[{"id":24417,"href":"https:\/\/pramlux.com\/it\/wp-json\/wp\/v2\/product\/23904\/revisions\/24417"}],"wp:featuredmedia":[{"embeddable":true,"href":"https:\/\/pramlux.com\/it\/wp-json\/wp\/v2\/media\/24477"}],"wp:attachment":[{"href":"https:\/\/pramlux.com\/it\/wp-json\/wp\/v2\/media?parent=23904"}],"wp:term":[{"taxonomy":"product_brand","embeddable":true,"href":"https:\/\/pramlux.com\/it\/wp-json\/wp\/v2\/product_brand?post=23904"},{"taxonomy":"product_cat","embeddable":true,"href":"https:\/\/pramlux.com\/it\/wp-json\/wp\/v2\/product_cat?post=23904"},{"taxonomy":"product_tag","embeddable":true,"href":"https:\/\/pramlux.com\/it\/wp-json\/wp\/v2\/product_tag?post=23904"}],"curies":[{"name":"wp","href":"https:\/\/api.w.org\/{rel}","templated":true}]}}