{"id":23743,"date":"2024-05-25T20:40:21","date_gmt":"2024-05-25T19:40:21","guid":{"rendered":"https:\/\/pramlux.com\/product\/doona-car-seat-stroller-green-all-in-one-travel-system\/"},"modified":"2024-08-29T13:28:33","modified_gmt":"2024-08-29T12:28:33","slug":"doona-car-seat-stroller-green-all-in-one-travel-system","status":"publish","type":"product","link":"https:\/\/pramlux.com\/it\/prodotto\/doona-car-seat-stroller-green-all-in-one-travel-system\/","title":{"rendered":"Sistema da viaggio tutto in uno: Seggiolino auto e passeggino - Verde"},"content":{"rendered":"<h1>Sistema da viaggio tutto in uno: Seggiolino auto e passeggino - Verde<\/h1>\n<p><strong>DAL SEGGIOLINO AUTO AL PASSEGGINO IN POCHI SECONDI<\/strong><br \/>\nChe si tratti di commissioni o di viaggi in auto, treno o aereo, Doona \u00e8 il sistema da viaggio completo. Basta un clic per passare dal seggiolino al passeggino, senza disturbare il bambino che dorme.<\/p>\n<p><strong>FACILE DA USARE<\/strong><br \/>\nGrazie al manubrio regolabile, ai materiali lavabili e al design intuitivo, il meccanismo di sicurezza con un solo clic garantisce sempre un'installazione corretta e consente di esplorare il mondo con un neonato, in tutta libert\u00e0 e flessibilit\u00e0.<\/p>\n<p><strong>SUPPORTO ERGONOMICO<\/strong><br \/>\nDoona \u00e8 progettato per garantire il corretto sostegno del corpo del bambino. Il design ergonomico quasi piatto dell'inserto per neonati Doona favorisce la parte superiore e inferiore della schiena del neonato e garantisce l'allineamento del collo e della schiena.<\/p>\n<p><strong>SICURO<\/strong><br \/>\nInclude una protezione a 3 strati contro gli impatti laterali, la tecnologia antiribaltamento delle barre e un'imbracatura di sicurezza a 5 punti. \u00c8 omologato TUV e FAA per i viaggi, \u00e8 realizzato con materiali sicuri per i bambini e la capottina \u00e8 idrorepellente con protezione solare UPF 50+.<\/p>\n<p><strong>FATTO PER DURARE<\/strong><br \/>\nDoona \u00e8 realizzato con polimeri rinforzati con fibre di prima qualit\u00e0, alluminio antiruggine e ruote resistenti. \u00c8 l'unico seggiolino auto ad essere stato testato e certificato come seggiolino auto rivolto all'indietro, passeggino e marsupio.<\/p>\n<p><strong>COSA \u00c8 INCLUSO<\/strong><br \/>\nIl seggiolino auto e passeggino Doona comprende il seggiolino auto Doona, il passeggino Doona, l'inserto per neonati e il supporto per la testa Doona, la protezione per il seggiolino del veicolo Doona e la base per seggiolino auto LATCH Doona.<\/p>\n<p><strong>SPECIFICHE<\/strong><\/p>\n<ul>\n<li>Adatto da 1,8 kg a 15,9 kg, altezza massima di 0,81 m. 0,81 m di altezza.<\/li>\n<li>Solo seggiolino auto rivolto all'indietro.<\/li>\n<li>Il seggiolino pesa 7,5 kg, la base 4,7 kg.<\/li>\n<li>Dimensioni del prodotto: Piegato: 0,71 x 0,47 x 0,50 metri; non piegato: 0,99 x 0,44 x 0,82 metri.<\/li>\n<li>Peso: 7,5 kg.<\/li>\n<\/ul>\n<p><img decoding=\"async\" style=\"height: auto; width: 100%;\" src=\"https:\/\/pramlux.com\/wp-content\/uploads\/2024\/05\/S4b85803f9f99405a9d0cdce8d74b514bp.webp\" \/><img decoding=\"async\" style=\"height: auto; width: 100%;\" src=\"https:\/\/pramlux.com\/wp-content\/uploads\/2024\/05\/S13fd4fc735474eecbc42b1a238dcfde7u.webp\" \/><img decoding=\"async\" style=\"height: auto; width: 100%;\" src=\"https:\/\/pramlux.com\/wp-content\/uploads\/2024\/05\/Sdb93e3ff758b47bfb51b60a5afa3d382C.webp\" \/><img decoding=\"async\" style=\"height: auto; width: 100%;\" src=\"https:\/\/pramlux.com\/wp-content\/uploads\/2024\/05\/S4105fec02e064658abfb24d28d37151bd.webp\" \/><img decoding=\"async\" style=\"height: auto; width: 100%;\" src=\"https:\/\/pramlux.com\/wp-content\/uploads\/2024\/05\/S0b58e631f4e2471792c1fcc7c4be9b34a.webp\" \/><img decoding=\"async\" style=\"height: auto; width: 100%;\" src=\"https:\/\/pramlux.com\/wp-content\/uploads\/2024\/05\/S2ba30c007a88446387ff939551e5f060c.webp\" \/><\/p>","protected":false},"excerpt":{"rendered":"<p>All in One Travel System : Car Seat &amp; Stroller &#8211; Green FROM CAR SEAT TO STROLLER IN SECONDS Whether<\/p>","protected":false},"featured_media":23742,"comment_status":"open","ping_status":"closed","template":"","meta":[],"product_brand":[],"product_cat":[277],"product_tag":[],"class_list":{"0":"post-23743","1":"product","2":"type-product","3":"status-publish","4":"has-post-thumbnail","6":"product_cat-pushchairs-prams","8":"first","9":"instock","10":"sale","11":"shipping-taxable","12":"purchasable","13":"product-type-simple"},"jetpack_sharing_enabled":true,"_links":{"self":[{"href":"https:\/\/pramlux.com\/it\/wp-json\/wp\/v2\/product\/23743","targetHints":{"allow":["GET"]}}],"collection":[{"href":"https:\/\/pramlux.com\/it\/wp-json\/wp\/v2\/product"}],"about":[{"href":"https:\/\/pramlux.com\/it\/wp-json\/wp\/v2\/types\/product"}],"replies":[{"embeddable":true,"href":"https:\/\/pramlux.com\/it\/wp-json\/wp\/v2\/comments?post=23743"}],"version-history":[{"count":6,"href":"https:\/\/pramlux.com\/it\/wp-json\/wp\/v2\/product\/23743\/revisions"}],"predecessor-version":[{"id":24687,"href":"https:\/\/pramlux.com\/it\/wp-json\/wp\/v2\/product\/23743\/revisions\/24687"}],"wp:featuredmedia":[{"embeddable":true,"href":"https:\/\/pramlux.com\/it\/wp-json\/wp\/v2\/media\/23742"}],"wp:attachment":[{"href":"https:\/\/pramlux.com\/it\/wp-json\/wp\/v2\/media?parent=23743"}],"wp:term":[{"taxonomy":"product_brand","embeddable":true,"href":"https:\/\/pramlux.com\/it\/wp-json\/wp\/v2\/product_brand?post=23743"},{"taxonomy":"product_cat","embeddable":true,"href":"https:\/\/pramlux.com\/it\/wp-json\/wp\/v2\/product_cat?post=23743"},{"taxonomy":"product_tag","embeddable":true,"href":"https:\/\/pramlux.com\/it\/wp-json\/wp\/v2\/product_tag?post=23743"}],"curies":[{"name":"wp","href":"https:\/\/api.w.org\/{rel}","templated":true}]}}