{"id":23405,"date":"2023-07-23T19:41:28","date_gmt":"2023-07-23T18:41:28","guid":{"rendered":"https:\/\/pramlux.com\/?post_type=product&#038;p=23405"},"modified":"2025-12-28T19:15:09","modified_gmt":"2025-12-28T19:15:09","slug":"babybeat-fetal-doppler-detector-baby-heart-beat-rate-monitor-2","status":"publish","type":"product","link":"https:\/\/pramlux.com\/it\/prodotto\/babybeat-fetal-doppler-detector-baby-heart-beat-rate-monitor-2\/","title":{"rendered":"BabyBeat\u2122 Rilevatore Doppler Fetale Monitor della frequenza cardiaca del bambino"},"content":{"rendered":"<h1 style=\"text-align: center;\">Doppler fetale tascabile CONTEC10A<\/h1>\n<h2 style=\"text-align: center;\">\u00a0dispositivo portatile per il rilevamento della frequenza cardiaca fetale progettato con tecnologia Doppler.<\/h2>\n<h3 style=\"text-align: center;\">Questo dispositivo innovativo offre un modo semplice e comodo per monitorare la frequenza cardiaca fetale, visualizzando il valore FHR misurato e la forma d'onda sul suo schermo LCD a colori. Il design compatto e magnetico della sonda garantisce un utilizzo pratico e un aspetto gradevole.<\/h3>\n<p><img fetchpriority=\"high\" decoding=\"async\" class=\"aligncenter size-full wp-image-23414\" src=\"https:\/\/pramlux.com\/wp-content\/uploads\/2023\/07\/H8abdd6da9f034a54b47e569a122751819.jpg\" alt=\"\" width=\"725\" height=\"422\" srcset=\"https:\/\/pramlux.com\/wp-content\/uploads\/2023\/07\/H8abdd6da9f034a54b47e569a122751819.jpg 725w, https:\/\/pramlux.com\/wp-content\/uploads\/2023\/07\/H8abdd6da9f034a54b47e569a122751819-400x233.jpg 400w, https:\/\/pramlux.com\/wp-content\/uploads\/2023\/07\/H8abdd6da9f034a54b47e569a122751819-60x35.jpg 60w, https:\/\/pramlux.com\/wp-content\/uploads\/2023\/07\/H8abdd6da9f034a54b47e569a122751819-110x64.jpg 110w, https:\/\/pramlux.com\/wp-content\/uploads\/2023\/07\/H8abdd6da9f034a54b47e569a122751819-430x250.jpg 430w, https:\/\/pramlux.com\/wp-content\/uploads\/2023\/07\/H8abdd6da9f034a54b47e569a122751819-700x407.jpg 700w, https:\/\/pramlux.com\/wp-content\/uploads\/2023\/07\/H8abdd6da9f034a54b47e569a122751819-150x87.jpg 150w\" sizes=\"(max-width: 725px) 100vw, 725px\" \/><\/p>\n<p>&nbsp;<\/p>\n<h3>Funzione:<\/h3>\n<ul>\n<li>Funzionamento semplice per un utilizzo senza problemi<\/li>\n<li>Schermo a colori con cifre chiare e rappresentazione della forma d'onda<\/li>\n<li>Indicazione del livello della batteria per un facile monitoraggio dello stato di alimentazione<\/li>\n<li>Funzione di spegnimento automatico dopo 60 secondi di assenza di segnale in ingresso<\/li>\n<li>Sonda Doppler ad alta sensibilit\u00e0 che consente di sentire chiaramente i suoni cardiaci fetali per le gravidanze oltre la 12a settimana<\/li>\n<li>Doppia modalit\u00e0 di uscita del suono: altoparlante integrato e cuffie esterne, per offrire flessibilit\u00e0 negli scenari di utilizzo.<\/li>\n<\/ul>\n<h3>Prestazioni:<\/h3>\n<ul>\n<li>Classificazione di sicurezza: apparecchiatura alimentata internamente, parte applicata di tipo CF<\/li>\n<li>Display: Schermo LCD da 1,77\u2033 per una visualizzazione chiara<\/li>\n<li>Intervallo di misurazione e visualizzazione FHR: 50 BPM ~ 240 BPM (BPM: battiti al minuto)<\/li>\n<li>Risoluzione precisa: 1 BPM<\/li>\n<li>Precisione: \u00b1 2 BPM per un monitoraggio affidabile<\/li>\n<li>Tensione di lavoro nominale: DC3 V<\/li>\n<li>Tipo di batteria: due batterie da 1,5 V (AA LR6) per la massima portabilit\u00e0 e accessibilit\u00e0<\/li>\n<li>Sonda con frequenza nominale di 3,0 MHz e frequenza di lavoro di 3,0 MHz \u00b1 10%<\/li>\n<li>Misure di sicurezza garantite con pressione sonora di picco negativa: P_ &lt; 1 MPa, Intensit\u00e0 del fascio di uscita: Iob &lt; 20 mW\/cm2, e Intensit\u00e0 derivata media spaziale-picco temporale: Ispta &lt; 100 mW\/cm2<\/li>\n<li>Potenza di uscita degli ultrasuoni: P &lt; 20 mW<\/li>\n<li>Modalit\u00e0 di lavoro: Doppler a onda continua per letture accurate<\/li>\n<li>Area di irradiazione effettiva del trasduttore: \u2264 208 mm2<\/li>\n<\/ul>\n<h3>Accessori:<\/h3>\n<ul>\n<li>Include un manuale d'uso completo per semplificare la configurazione e l'utilizzo.<\/li>\n<\/ul>\n<h3>Caratteristiche fisiche:<\/h3>\n<ul>\n<li>Dimensioni compatte di 157 mm (L) \u00d7 99 mm (W) \u00d7 27 mm (H)<\/li>\n<li>Design leggero, con un peso di circa 207 g (con le batterie), che garantisce portabilit\u00e0 e maneggevolezza.<\/li>\n<\/ul>\n<p><img decoding=\"async\" class=\"aligncenter wp-image-23404 size-full\" src=\"https:\/\/pramlux.com\/wp-content\/uploads\/2023\/07\/A4d3b87c060ad4aecbd6f6e937579c7e9O-1.jpg\" alt=\"\" width=\"800\" height=\"800\" srcset=\"https:\/\/pramlux.com\/wp-content\/uploads\/2023\/07\/A4d3b87c060ad4aecbd6f6e937579c7e9O-1.jpg 800w, https:\/\/pramlux.com\/wp-content\/uploads\/2023\/07\/A4d3b87c060ad4aecbd6f6e937579c7e9O-1-300x300.jpg 300w, https:\/\/pramlux.com\/wp-content\/uploads\/2023\/07\/A4d3b87c060ad4aecbd6f6e937579c7e9O-1-150x150.jpg 150w, https:\/\/pramlux.com\/wp-content\/uploads\/2023\/07\/A4d3b87c060ad4aecbd6f6e937579c7e9O-1-768x768.jpg 768w, https:\/\/pramlux.com\/wp-content\/uploads\/2023\/07\/A4d3b87c060ad4aecbd6f6e937579c7e9O-1-70x70.jpg 70w, https:\/\/pramlux.com\/wp-content\/uploads\/2023\/07\/A4d3b87c060ad4aecbd6f6e937579c7e9O-1-60x60.jpg 60w, https:\/\/pramlux.com\/wp-content\/uploads\/2023\/07\/A4d3b87c060ad4aecbd6f6e937579c7e9O-1-110x110.jpg 110w, https:\/\/pramlux.com\/wp-content\/uploads\/2023\/07\/A4d3b87c060ad4aecbd6f6e937579c7e9O-1-500x500.jpg 500w, https:\/\/pramlux.com\/wp-content\/uploads\/2023\/07\/A4d3b87c060ad4aecbd6f6e937579c7e9O-1-430x430.jpg 430w, https:\/\/pramlux.com\/wp-content\/uploads\/2023\/07\/A4d3b87c060ad4aecbd6f6e937579c7e9O-1-700x700.jpg 700w, https:\/\/pramlux.com\/wp-content\/uploads\/2023\/07\/A4d3b87c060ad4aecbd6f6e937579c7e9O-1-32x32.jpg 32w, https:\/\/pramlux.com\/wp-content\/uploads\/2023\/07\/A4d3b87c060ad4aecbd6f6e937579c7e9O-1-80x80.jpg 80w\" sizes=\"(max-width: 800px) 100vw, 800px\" \/> <img decoding=\"async\" class=\"aligncenter wp-image-23406 size-full\" src=\"https:\/\/pramlux.com\/wp-content\/uploads\/2023\/07\/Sb95c18cc129d4923a7258838c1ee0e7dL-1.jpg\" alt=\"\" width=\"800\" height=\"800\" srcset=\"https:\/\/pramlux.com\/wp-content\/uploads\/2023\/07\/Sb95c18cc129d4923a7258838c1ee0e7dL-1.jpg 800w, https:\/\/pramlux.com\/wp-content\/uploads\/2023\/07\/Sb95c18cc129d4923a7258838c1ee0e7dL-1-300x300.jpg 300w, https:\/\/pramlux.com\/wp-content\/uploads\/2023\/07\/Sb95c18cc129d4923a7258838c1ee0e7dL-1-150x150.jpg 150w, https:\/\/pramlux.com\/wp-content\/uploads\/2023\/07\/Sb95c18cc129d4923a7258838c1ee0e7dL-1-768x768.jpg 768w, https:\/\/pramlux.com\/wp-content\/uploads\/2023\/07\/Sb95c18cc129d4923a7258838c1ee0e7dL-1-70x70.jpg 70w, https:\/\/pramlux.com\/wp-content\/uploads\/2023\/07\/Sb95c18cc129d4923a7258838c1ee0e7dL-1-60x60.jpg 60w, https:\/\/pramlux.com\/wp-content\/uploads\/2023\/07\/Sb95c18cc129d4923a7258838c1ee0e7dL-1-110x110.jpg 110w, https:\/\/pramlux.com\/wp-content\/uploads\/2023\/07\/Sb95c18cc129d4923a7258838c1ee0e7dL-1-500x500.jpg 500w, https:\/\/pramlux.com\/wp-content\/uploads\/2023\/07\/Sb95c18cc129d4923a7258838c1ee0e7dL-1-430x430.jpg 430w, https:\/\/pramlux.com\/wp-content\/uploads\/2023\/07\/Sb95c18cc129d4923a7258838c1ee0e7dL-1-700x700.jpg 700w, https:\/\/pramlux.com\/wp-content\/uploads\/2023\/07\/Sb95c18cc129d4923a7258838c1ee0e7dL-1-32x32.jpg 32w, https:\/\/pramlux.com\/wp-content\/uploads\/2023\/07\/Sb95c18cc129d4923a7258838c1ee0e7dL-1-80x80.jpg 80w\" sizes=\"(max-width: 800px) 100vw, 800px\" \/><\/p>\n<h1><\/h1>\n<p><img decoding=\"async\" class=\"aligncenter\" src=\"https:\/\/pramlux.com\/wp-content\/uploads\/2023\/07\/H61abf5f2d8fe4b5faf137ae310e00b70i.jpg\" \/><img decoding=\"async\" class=\"aligncenter\" src=\"https:\/\/pramlux.com\/wp-content\/uploads\/2023\/07\/Hd312c0ed72a24905a28b99348fd769463.jpg\" \/><img decoding=\"async\" class=\"aligncenter\" src=\"https:\/\/pramlux.com\/wp-content\/uploads\/2023\/07\/H2ddd7fd083a74d1792e42de81373d0318.jpg\" \/><img decoding=\"async\" class=\"aligncenter\" src=\"https:\/\/pramlux.com\/wp-content\/uploads\/2023\/07\/H68aab8e38e144e788c1e510bb330733e8.jpg\" \/><\/p>\n<p>&nbsp;<\/p>\n<p>&nbsp;<\/p>\n<p>&nbsp;<\/p>\n<p>&nbsp;<\/p>\n<p>&nbsp;<\/p>\n<p>&nbsp;<\/p>\n<p>&nbsp;<\/p>","protected":false},"excerpt":{"rendered":"<p>Ogni minuto della maternit\u00e0, soprattutto il primo, deve essere apprezzato! Iniziate a creare un legame con il vostro bambino quando \u00e8 ancora nel grembo materno. Sbloccate la capacit\u00e0 di comunicare con il vostro bambino e di sentire il suo battito cardiaco. In una frazione di secondo.<\/p>\n<ul>\n<li>Ascoltare il battito del cuore del bambino pu\u00f2 favorire un forte legame tra voi e il vostro bambino.<\/li>\n<li>Sentire il battito del cuore del bambino pu\u00f2 essere di conforto e tranquillit\u00e0.<\/li>\n<li>Utilizzare il doppler Lucky Baby a casa pu\u00f2 essere un'esperienza davvero emozionante e piacevole.<\/li>\n<\/ul>","protected":false},"featured_media":23404,"comment_status":"open","ping_status":"closed","template":"","meta":[],"product_brand":[],"product_cat":[277],"product_tag":[],"class_list":{"0":"post-23405","1":"product","2":"type-product","3":"status-publish","4":"has-post-thumbnail","6":"product_cat-pushchairs-prams","8":"first","9":"instock","10":"shipping-taxable","11":"purchasable","12":"product-type-simple"},"jetpack_sharing_enabled":true,"_links":{"self":[{"href":"https:\/\/pramlux.com\/it\/wp-json\/wp\/v2\/product\/23405","targetHints":{"allow":["GET"]}}],"collection":[{"href":"https:\/\/pramlux.com\/it\/wp-json\/wp\/v2\/product"}],"about":[{"href":"https:\/\/pramlux.com\/it\/wp-json\/wp\/v2\/types\/product"}],"replies":[{"embeddable":true,"href":"https:\/\/pramlux.com\/it\/wp-json\/wp\/v2\/comments?post=23405"}],"version-history":[{"count":8,"href":"https:\/\/pramlux.com\/it\/wp-json\/wp\/v2\/product\/23405\/revisions"}],"predecessor-version":[{"id":24870,"href":"https:\/\/pramlux.com\/it\/wp-json\/wp\/v2\/product\/23405\/revisions\/24870"}],"wp:featuredmedia":[{"embeddable":true,"href":"https:\/\/pramlux.com\/it\/wp-json\/wp\/v2\/media\/23404"}],"wp:attachment":[{"href":"https:\/\/pramlux.com\/it\/wp-json\/wp\/v2\/media?parent=23405"}],"wp:term":[{"taxonomy":"product_brand","embeddable":true,"href":"https:\/\/pramlux.com\/it\/wp-json\/wp\/v2\/product_brand?post=23405"},{"taxonomy":"product_cat","embeddable":true,"href":"https:\/\/pramlux.com\/it\/wp-json\/wp\/v2\/product_cat?post=23405"},{"taxonomy":"product_tag","embeddable":true,"href":"https:\/\/pramlux.com\/it\/wp-json\/wp\/v2\/product_tag?post=23405"}],"curies":[{"name":"wp","href":"https:\/\/api.w.org\/{rel}","templated":true}]}}