{"id":5001,"date":"2022-06-27T16:09:49","date_gmt":"2022-06-27T15:09:49","guid":{"rendered":"https:\/\/uk.brotsy.com\/?page_id=5001"},"modified":"2025-04-05T06:44:12","modified_gmt":"2025-04-05T05:44:12","slug":"terms-of-service","status":"publish","type":"page","link":"https:\/\/pramlux.com\/it\/terms-of-service\/","title":{"rendered":"Terms &amp; conditions"},"content":{"rendered":"<p>Data di entrata in vigore: 20 febbraio 2024<\/p>\n\n\n\n<p>SI PREGA DI LEGGERE ATTENTAMENTE LE PRESENTI CONDIZIONI DI VENDITA PRIMA DI ORDINARE PRODOTTI ONLINE DA PRAMLUX.COM (\"Sito Web\"). SI PREGA DI NOTARE CHE LE PRESENTI CONDIZIONI DI VENDITA INCLUDONO I TERMINI AGGIUNTIVI QUI INCORPORATI PER RIFERIMENTO. Se ritenete che ci sia un errore in queste condizioni, contattateci.<\/p>\n\n\n\n<p>Le presenti Condizioni di vendita regolano e si applicano all'acquisto e alla vendita di prodotti sul Sito web. Le presenti Condizioni di vendita costituiscono un accordo giuridicamente vincolante tra l'utente (\"voi\" e \"vostro\") e Brivelle LLC, con sede in 2232 Dell Range Blvd, Suite 245, #3164, Cheyenne, WY 82009, per conto di se stessa e delle sue consociate e affiliate (\"Pramlux\", \"noi\", \"nostro\" e \"noi\") in relazione agli ordini effettuati per i prodotti disponibili sul Sito web.<\/p>\n\n\n\n<p>Possiamo rivedere le presenti Condizioni di vendita senza preavviso pubblicando le Condizioni di vendita modificate sul Sito web. Le Condizioni di vendita pubblicate sul Sito Web al momento dell'inoltro dell'ordine regoleranno l'acquisto. Si prega di leggere attentamente le presenti condizioni e di verificare che i dettagli dell'ordine siano completi e accurati prima di inoltrare l'ordine. Le Condizioni d'uso di Pramlux si applicano in generale all'uso del nostro Sito web. Per informazioni sulle modalit\u00e0 di raccolta, utilizzo e divulgazione delle informazioni relative all'utente, consultare la nostra Informativa sulla privacy.<\/p>\n\n\n\n<p>NON POTETE ORDINARE O OTTENERE PRODOTTI O SERVIZI DA QUESTO SITO WEB SE (A) NON ACCETTATE QUESTI TERMINI, (B) NON AVETE LA MAGGIORANZA DI (i) ALMENO 18 ANNI O (ii) L'ETA' LEGALE PER FORMARE UN CONTRATTO COINVOLGENTE CON PRAMLUX, O (C) VIETATO L'ACCESSO O L'USO DI QUESTO SITO WEB O DI QUALSIASI CONTENUTO O PRODOTTO DI QUESTO SITO WEB DALLA LEGGE APPLICABILE.<\/p>\n\n\n\n<p>Indice dei contenuti<\/p>\n\n\n\n<p>I. Termini e definizioni<br>II. Chi siamo?<br>III. Come contattarci?<br>IV. Le vostre informazioni<br>V. Il vostro ordine<br>VI. Modifica dell'ordine<br>VII. I nostri prodotti<br>VIII. Consegna e spedizione<br>IX. Restituzioni e rimborsi<br>X. Codici sconto<br>XI. Prezzo e pagamento<br>XII. Restrizioni sui prodotti<br>XIII. Garanzia limitata<br>XIV. Ritardo ed eventi al di fuori del nostro controllo<br>XV. Limiti di et\u00e0<br>XVI. La separazione<br>XVII. Rinuncia<br>XVIII. Legge e giurisdizione<br>XIX. Terze parti<br>XX. Emendamento<br>XXI. Assegnazione<br>XXII. Avvisi<br>XXIII. Intero accordo<\/p>\n\n\n\n<p>I. Termini e definizioni<br>1.1 Effettuando un ordine, il cliente accetta di essere vincolato dai termini e dalle condizioni di seguito riportati. Se non si accetta di essere vincolati da questi termini e condizioni, non si pu\u00f2 effettuare un ordine.<\/p>\n\n\n\n<p>1.2 NOTA IMPORTANTE: si richiama l'attenzione in particolare sulla Sezione 6 (MODIFICA DELL'ORDINE), sulla Sezione 9 (RESTITUZIONE E RIMBORSO), sulla Sezione 11 (PREZZO E PAGAMENTO) e sulla Sezione 13 (GARANZIA LIMITATA). Queste disposizioni limitano la nostra responsabilit\u00e0 nei vostri confronti e influiscono sulle modalit\u00e0 di risoluzione delle controversie.<\/p>\n\n\n\n<p>II. Chi siamo?<br>2.1 Siamo Brivelle LLC, con sede a 2232 Dell Range Blvd, Suite 245, #3164, Cheyenne, WY 82009. Gestiamo Pramlux.<\/p>\n\n\n\n<p>III. Come contattarci?<br>Potete contattarci inviando un'e-mail al nostro servizio clienti, scrivendoci all'indirizzo support@pramlux.com o chiamando il nostro servizio clienti al numero +1 2343 859 961 o attraverso i moduli di contatto presenti sul nostro sito web.<\/p>\n\n\n\n<p>IV. Le vostre informazioni<br>4.1 L'utente conferma che i dati personali forniti al momento della registrazione di un account o dell'effettuazione di un ordine sono veritieri, accurati, aggiornati e completi sotto tutti i punti di vista e che ci comunicher\u00e0 immediatamente eventuali modifiche ai dati personali aggiornando tali dettagli sul proprio account online. Utilizzeremo i dati personali dell'utente solo come indicato nel nostro sito web <a href=\"https:\/\/pramlux.com\/it\/privacy-policy\/\">Informativa sulla privacy<\/a>.<\/p>\n\n\n\n<p>4.2 L'utente accetta di non impersonare altre persone o entit\u00e0 o di utilizzare un nome falso o un nome che non \u00e8 autorizzato a utilizzare.<\/p>\n\n\n\n<p>V. Il vostro ordine<br>5.1 Per effettuare un ordine di prodotti sul sito web, dovete premere il pulsante \"Procedi alla cassa\" dal vostro carrello. Il processo di ordinazione sar\u00e0 guidato da una serie di semplici istruzioni sul sito web.<\/p>\n\n\n\n<p>5.2 Alla cassa vi sar\u00e0 data la possibilit\u00e0 di rivedere il riepilogo dell'ordine e di apportare eventuali modifiche prima di effettuare l'ordine.<\/p>\n\n\n\n<p>5.3 Riceverete un'e-mail di conferma dell'ordine con i dettagli dei prodotti ordinati. Questa e-mail non costituisce l'accettazione dell'ordine da parte nostra. L'accettazione dell'ordine avverr\u00e0 con la spedizione dei prodotti ordinati.<\/p>\n\n\n\n<p>5.4 Se non possiamo accettare il vostro ordine, vi informeremo via e-mail e non vi addebiteremo il prodotto. Se abbiamo effettuato il pagamento prima della mancata accettazione dell'ordine, provvederemo a rimborsare il cliente, ma si prega di notare che possono essere necessari fino a 7 giorni lavorativi per il trasferimento dei fondi da parte della banca. La mancata accettazione di un ordine pu\u00f2 essere dovuta a:<\/p>\n\n\n\n<ul class=\"wp-block-list\">\n<li>il prodotto \u00e8 esaurito;<\/li>\n\n\n\n<li>non siamo riusciti ad autorizzare il pagamento o i dati di fatturazione non sono verificabili;<\/li>\n\n\n\n<li>a causa di limiti imprevisti delle nostre risorse che non potevamo ragionevolmente prevedere;<\/li>\n\n\n\n<li>un errore nel prezzo o nella descrizione del prodotto;<\/li>\n\n\n\n<li>a nostra esclusiva discrezione, l'ordine sembra essere stato effettuato da commercianti, rivenditori o distributori o appare altrimenti fraudolento;<\/li>\n\n\n\n<li>il vostro ordine viene segnalato dai nostri sistemi di sicurezza come un ordine insolito o suscettibile di frode;<\/li>\n\n\n\n<li>non abbiamo potuto effettuare la consegna all'indirizzo da voi fornito; oppure<\/li>\n\n\n\n<li>a causa di un evento al di fuori del nostro controllo (vedi sotto).<\/li>\n<\/ul>\n\n\n\n<p>5.5 Al vostro ordine verr\u00e0 assegnato un numero d'ordine. Ci sar\u00e0 utile se potrete indicarci il numero d'ordine ogni volta che ci contatterete in merito al vostro ordine.<\/p>\n\n\n\n<p>5.6 La transazione sar\u00e0 conclusa in inglese.<\/p>\n\n\n\n<p>5.7 Il sito web \u00e8 destinato esclusivamente alla vendita di prodotti Pramlux direttamente ai consumatori finali, e pertanto l'acquisto di prodotti per la rivendita \u00e8 severamente vietato. Per acquisto a scopo di rivendita si intende l'acquisto di un prodotto Pramlux da parte di chi rivende, o intende rivendere, il prodotto Pramlux ad altri (consumatori, aziende o qualsiasi terza parte). Qualora Pramlux ritenga che l'utente sia coinvolto in un acquisto a scopo di rivendita, Pramlux si riserva il diritto di intraprendere qualsiasi azione nei suoi confronti, tra cui, a titolo esemplificativo e non esaustivo, limitare le vendite all'utente, annullare gli ordini e\/o sospendere o chiudere l'account.<\/p>\n\n\n\n<p>VI. Modifica dell'ordine<\/p>\n\n\n\n<p>6.1 \u00c8 possibile annullare l'ordine direttamente dall'e-mail di conferma entro un'ora dall'invio. Scorrere verso il basso per trovare la sezione \"Hai cambiato idea?\". Dopo 1 ora, inviare un'e-mail a support@pramlux.com per ricevere assistenza su soluzioni alternative.<br>6.2 Se l'ordine \u00e8 stato annullato e si desidera riceverlo, effettuare un nuovo ordine sul sito web. Per qualsiasi domanda, contattare support@pramlux.com.<br>6.3 Se avete effettuato un ordine contenente una carta regalo e dovete annullarlo, inviate un'e-mail a support@pramlux.com il prima possibile con il numero dell'ordine e la richiesta di annullamento.<br>6.4 Per aggiungere prodotti a un ordine esistente \u00e8 necessario effettuare un nuovo ordine.<\/p>\n\n\n\n<p>VII. I nostri prodotti<br>7.1 Tutti gli ordini sono soggetti ad accettazione e disponibilit\u00e0, che possono variare a seconda della destinazione di spedizione.<\/p>\n\n\n\n<p>7.2 Ogni prodotto acquistato \u00e8 venduto in base alla sua descrizione. Adotteremo ogni ragionevole cura per assicurare che tutti i dettagli, le descrizioni e i prezzi dei prodotti che appaiono sul sito web siano corretti, tuttavia non possiamo garantire l'accuratezza del sito web e potremmo, a volte, commettere involontariamente errori tipografici, imprecisioni o omissioni relative a prezzi e disponibilit\u00e0. Ci riserviamo il diritto di correggere eventuali errori, imprecisioni o omissioni in qualsiasi momento e di annullare eventuali ordini derivanti da tali eventi.<\/p>\n\n\n\n<p>7.3 Le immagini dei prodotti presenti sul nostro sito web sono solo a scopo illustrativo. Il prodotto e la confezione possono variare leggermente rispetto alle immagini pubblicizzate sul sito Web, a causa della visualizzazione dei colori da parte del dispositivo.<\/p>\n\n\n\n<p>7.4 In caso di domande o reclami su qualsiasi prodotto, si prega di contattare il nostro servizio clienti all'indirizzo support@pramlux.com, telefonicamente al numero +1 2343 859 961, o tramite il modulo di contatto sulla homepage del sito Web.<\/p>\n\n\n\n<p>VIII. Consegna e spedizione<br>8.1 Tutti gli ordini vengono elaborati entro 1 o 2 giorni lavorativi (esclusi i fine settimana e le festivit\u00e0) dalla ricezione dell'e-mail di conferma dell'ordine. Una volta spedito l'ordine, il cliente ricever\u00e0 una nuova notifica.<\/p>\n\n\n\n<p>8.2 Pramlux offre la consegna standard gratuita su tutti i prodotti in localit\u00e0 all'interno degli Stati Uniti. Non \u00e8 possibile effettuare spedizioni a caselle postali. Al momento non offriamo spedizioni a indirizzi APO o FPO. I tempi di consegna del sito Web variano a seconda della destinazione e saranno consegnati entro 3-8 giorni lavorativi.<\/p>\n\n\n\n<p>8.3 Organizzeremo la spedizione dei prodotti al cliente. Si prega di controllare la pagina del singolo prodotto per le specifiche opzioni di consegna.<\/p>\n\n\n\n<p>8.4 Le date di spedizione e consegna sono solo stime e non possono essere garantite. Non siamo responsabili di eventuali ritardi nelle spedizioni.<\/p>\n\n\n\n<p>8.5 \u00c8 responsabilit\u00e0 dell'utente fornirci informazioni complete e accurate sull'indirizzo di consegna. Non saremo responsabili se l'utente ci fornir\u00e0 informazioni incomplete o inaccurate.<\/p>\n\n\n\n<p>8.6 Quando il prodotto viene spedito dal nostro magazzino, vi invieremo un'e-mail di conferma della spedizione. Si prega di notare che i prodotti possono arrivare in pacchi separati e possono richiedere una firma.<\/p>\n\n\n\n<p>8.7 Un prodotto sar\u00e0 sotto la vostra responsabilit\u00e0 dal momento in cui lo consegneremo all'indirizzo da voi indicato. Il rischio di perdita e la propriet\u00e0 dei prodotti acquistati passano al cliente al momento della consegna.<\/p>\n\n\n\n<p>8.8 Se non si riceve l'ordine entro 10 giorni dall'e-mail di conferma della spedizione, si prega di contattarci all'indirizzo support@pramlux.com indicando il nome e il numero d'ordine.<\/p>\n\n\n\n<p>IX. Restituzioni e rimborsi<br>9.1 I resi devono essere avviati entro 14 giorni dalla data di consegna. Contattateci entro 14 giorni dalla ricezione dell'articolo per avviare una restituzione compilando il modulo sul nostro sito web. Una volta fornite le istruzioni per la restituzione, \u00e8 necessario inviare l'articolo entro 7 giorni.<\/p>\n\n\n\n<p>9.2 Per avviare una restituzione e ricevere le relative istruzioni, contattateci all'indirizzo support@pramlux.com o compilate il modulo sul nostro sito web entro 14 giorni dalla ricezione dell'articolo. Le istruzioni saranno inviate via e-mail entro 1-3 giorni. Imballare in modo sicuro i prodotti per la restituzione.<\/p>\n\n\n\n<p>9.3 Gli articoli devono essere nelle loro condizioni originali, non utilizzati, con tutti i cartellini e gli imballaggi intatti.<\/p>\n\n\n\n<p>9.4 Alcuni articoli, come gli accessori per i prodotti per l'infanzia, i prodotti personalizzati o gli articoli sensibili all'igiene, non possono essere restituiti.<\/p>\n\n\n\n<p>9.5 Per gli articoli difettosi o errati, la restituzione non comporta alcun costo. Contattateci immediatamente all'indirizzo support@pramlux.com con prove fotografiche se il vostro articolo \u00e8 difettoso o errato.<\/p>\n\n\n\n<p>9.6 Quando ci contattate, specificate se preferite un rimborso o un cambio. I cambi sono soggetti alla disponibilit\u00e0 dell'articolo.<\/p>\n\n\n\n<p>9.7 I prodotti non utilizzati restituiti entro i termini previsti saranno rimborsati. I prodotti usati non possono essere restituiti a meno che non siano difettosi. \u00c8 possibile chiedere se il prodotto usato \u00e8 idoneo per un rimborso parziale.<\/p>\n\n\n\n<p>9.8 Gli articoli non consegnati a causa di dati di indirizzo errati forniti dal cliente non possono essere rimborsati.<\/p>\n\n\n\n<p>9.9 Se avete ricevuto un prodotto difettoso, inviateci un'e-mail all'indirizzo support@pramlux.com o compilate il modulo sul nostro sito web prima di restituire l'ordine per agevolare la procedura di restituzione.<\/p>\n\n\n\n<p>9.10 Per gli ordini non acquistati tramite www.pramlux.com, si applicher\u00e0 la politica di restituzione del negozio in cui \u00e8 stato acquistato il prodotto.<\/p>\n\n\n\n<p>9.11 I resi vengono elaborati entro 3-5 giorni dal ricevimento del prodotto.<\/p>\n\n\n\n<p>X. Codici sconto<br>10.1 \u00c8 possibile utilizzare un solo codice sconto per ogni ordine. Ci riserviamo il diritto di rifiutare o annullare qualsiasi ordine in cui l'utente aggiunga pi\u00f9 di un codice sconto al carrello. Vi consentiamo di utilizzare i codici sconto esclusivamente in base ai termini e alle condizioni in base ai quali sono stati emessi che, tra l'altro, possono includere termini relativi alla vostra idoneit\u00e0 ad utilizzarli e un valore massimo dell'ordine.<\/p>\n\n\n\n<p>10.2 I codici sconto e le altre offerte promozionali sono soggetti alle Condizioni d'uso, alle presenti Condizioni di vendita e ad eventuali termini e condizioni aggiuntivi specifici dell'offerta promozionale. In caso di conflitto tra i termini di una promozione e le presenti Condizioni di vendita, prevarranno i termini della promozione.<\/p>\n\n\n\n<p>XI. Prezzo e pagamento<br>11.1 I prezzi dei prodotti indicati sul sito web sono espressi in dollari statunitensi e sono validi ed efficaci solo negli Stati Uniti.<\/p>\n\n\n\n<p>11.2 I prezzi dei prodotti indicati sul sito web possono cambiare di volta in volta senza preavviso. Il prezzo applicato per un prodotto sar\u00e0 quello in vigore al momento dell'ordine e sar\u00e0 indicato nell'e-mail di conferma dell'ordine. Gli aumenti di prezzo saranno applicati solo agli ordini effettuati dopo tali modifiche. I prezzi pubblicati non includono le spese di spedizione e di gestione e non comprendono le imposte di vendita, ove applicabili. Il cliente \u00e8 responsabile di tutte le tasse di vendita o di utilizzo statali e locali che possono essere applicate all'ordine, che verranno aggiunte al prezzo totale della fattura durante il processo di checkout.<\/p>\n\n\n\n<p>11.3 Se si sceglie di pagare con una carta di pagamento con un conto denominato in una valuta diversa da quella dell'ordine, potrebbero essere applicate spese aggiuntive e differenze di cambio. Tali spese e i tassi di cambio applicati sono al di fuori del nostro controllo.<\/p>\n\n\n\n<p>11.4 Al momento della consegna, il cliente potrebbe essere tenuto a pagare dazi d'importazione locali e spese aggiuntive a seconda del luogo di consegna. Il cliente \u00e8 responsabile di eventuali dazi all'importazione e spese di sdoganamento (ove applicabili) nel proprio paese e deve verificare i dazi e le spese di sdoganamento con le autorit\u00e0 locali.<\/p>\n\n\n\n<p>11.5 I metodi di pagamento disponibili sono disponibili durante il processo di checkout. Accettiamo pagamenti con carta di credito. I pagamenti con carta di credito, compresi gli addebiti ricorrenti, sono gestiti da processori di pagamento terzi. Questi processori di pagamento terzi raccoglieranno e conserveranno i dati della carta di credito dell'utente al fine di elaborare il pagamento. Per ulteriori informazioni, consultare il nostro sito <a href=\"https:\/\/pramlux.com\/it\/privacy-policy\/\">Informativa sulla privacy.<\/a><\/p>\n\n\n\n<p>11.6 Il vostro metodo di pagamento sar\u00e0 autorizzato per l'intero importo dell'ordine quando premete il pulsante Acquista ora alla fine del processo di checkout o tramite il processo separato completato da Apple Pay, se applicabile, e l'intero importo del pagamento sar\u00e0 addebitato al vostro metodo di pagamento quando l'ordine sar\u00e0 spedito.<\/p>\n\n\n\n<p>11.7 Effettuando un ordine e facendo un'offerta per l'acquisto di un prodotto, l'utente ci autorizza a trasmettere informazioni (comprese quelle aggiornate) o a ottenere informazioni sull'utente da terze parti di volta in volta; ci\u00f2 pu\u00f2 includere controlli di verifica che coinvolgono il numero di carta di debito o di credito o rapporti di credito, ad esempio al fine di autenticare la sua identit\u00e0.<\/p>\n\n\n\n<p>11.8 L'utente dichiara e garantisce che (i) i dati della carta di credito forniti sono veritieri, corretti e completi, (ii) l'utente \u00e8 debitamente autorizzato a utilizzare tale carta di credito per l'acquisto, (iii) gli addebiti sostenuti dall'utente saranno onorati dalla societ\u00e0 emittente della carta di credito e (iv) l'utente pagher\u00e0 gli addebiti sostenuti dall'utente ai prezzi pubblicati, comprese le spese di spedizione e di gestione e tutte le tasse applicabili, se del caso, indipendentemente dall'importo indicato sul sito web al momento dell'ordine.<\/p>\n\n\n\n<p>XII. Restrizioni sui prodotti<br>12.1 Potrebbero verificarsi casi in cui, a causa di restrizioni (legali o di altro tipo) o di pratiche relative a un prodotto, ci sia impedito di consegnarlo all'utente. Non saremo ritenuti responsabili in relazione a qualsiasi prodotto che non siamo in grado di vendere o consegnare all'utente a causa di tali restrizioni. Nel caso in cui una restrizione venga applicata dopo che l'utente ha effettuato l'ordine presso di noi, faremo del nostro meglio per informarlo non appena ragionevolmente possibile.<\/p>\n\n\n\n<p>XIII. Garanzia limitata<br>13.1 LA GARANZIA LIMITATA \u00c8 RIPORTATA NELLA DOCUMENTAZIONE FORNITA CON I PRODOTTI.<\/p>\n\n\n\n<p>XIV. Ritardo ed eventi al di fuori del nostro controllo<br>14.1 Non saremo responsabili nei vostri confronti per qualsiasi ritardo o inadempimento dei nostri obblighi ai sensi delle presenti Condizioni di vendita se il ritardo o l'inadempimento deriva da cause al di fuori del nostro ragionevole controllo. Se la nostra fornitura dei prodotti \u00e8 ritardata da un evento al di fuori del nostro controllo, vi contatteremo per informarvi. A condizione che ci\u00f2 avvenga, non saremo responsabili per i ritardi causati dall'evento, ma se c'\u00e8 il rischio di un ritardo sostanziale, potrete contattarci per porre fine al contratto e ricevere un rimborso per i prodotti che avete pagato ma non avete ricevuto. La presente Sezione 14 non limita in alcun modo i diritti legali o i diritti di cui alla Sezione 8.3.<\/p>\n\n\n\n<p>XV. Limiti di et\u00e0<br>15.1 Effettuando un ordine per un prodotto, l'utente dichiara di essere almeno maggiorenne nel proprio paese, stato o provincia di residenza.<\/p>\n\n\n\n<p>XVI. La separazione<br>16.1 Qualora una qualsiasi parte delle Condizioni di vendita sia ritenuta illegale, nulla o per qualsiasi motivo inapplicabile, tale disposizione sar\u00e0 considerata separabile dalle presenti condizioni e non pregiudicher\u00e0 la validit\u00e0 e l'applicabilit\u00e0 delle restanti disposizioni delle condizioni.<\/p>\n\n\n\n<p>XVII. Rinuncia<br>17.1 Nessuna rinuncia da parte nostra potr\u00e0 essere interpretata come una rinuncia a qualsiasi procedimento o violazione successiva di qualsiasi disposizione.<\/p>\n\n\n\n<p>XVIII. Legge e giurisdizione<br>18.1 Le presenti Condizioni di vendita, i documenti a cui si riferiscono e qualsiasi controversia derivante da o in relazione alle stesse o ai documenti a cui si riferiscono, sia di natura contrattuale che extracontrattuale, saranno disciplinati e interpretati in conformit\u00e0 alle leggi degli Stati Uniti nello Stato del Wyoming, senza dare effetto a qualsiasi disposizione o norma di scelta o conflitto di leggi (sia dello Stato del Wyoming che di qualsiasi altra giurisdizione) che causerebbe l'applicazione delle leggi di qualsiasi giurisdizione diversa da quelle dello Stato del Wyoming.<\/p>\n\n\n\n<p>Il tribunale statale e federale di Cheyenne, Wyoming, avr\u00e0 giurisdizione esclusiva su qualsiasi reclamo o controversia derivante da o in relazione alle presenti Condizioni di vendita.<\/p>\n\n\n\n<p>XIX. Terze parti<br>19.1 Nessun altro ha diritti ai sensi del presente contratto. Il presente contratto \u00e8 stipulato tra voi e noi. Nessun'altra persona avr\u00e0 il diritto di far valere uno qualsiasi dei suoi termini.<\/p>\n\n\n\n<p>XX. Emendamento<br>20.1 Ci riserviamo il diritto di modificare periodicamente i presenti termini e condizioni, ma eventuali modifiche non si applicheranno agli ordini effettuati prima della modifica.<\/p>\n\n\n\n<p>XXI. Assegnazione<br>21.1 Non potrete cedere nessuno dei vostri diritti o delegare nessuno dei vostri obblighi ai sensi delle presenti Condizioni di vendita senza il nostro preventivo consenso scritto. Qualsiasi presunta cessione o delega in violazione della presente Sezione \u00e8 nulla. Nessuna cessione o delega solleva l'utente da qualsiasi obbligo ai sensi delle presenti Condizioni di vendita.<\/p>\n\n\n\n<p>XXII. Avvisi<br>22.1 Possiamo fornire qualsiasi comunicazione all'utente ai sensi delle presenti Condizioni di vendita mediante: (i) inviando un messaggio all'indirizzo e-mail fornito dall'utente o (ii) pubblicandolo sul Sito. Le comunicazioni inviate via e-mail saranno efficaci al momento dell'invio dell'e-mail e le comunicazioni fornite tramite affissione saranno efficaci al momento dell'affissione. \u00c8 responsabilit\u00e0 dell'utente mantenere aggiornato il proprio indirizzo e-mail.<\/p>\n\n\n\n<p>22.2 Salvo quanto specificamente previsto nelle presenti Condizioni di Vendita, per inviarci comunicazioni ai sensi delle presenti Condizioni di Vendita, l'utente deve contattarci come segue: tramite consegna personale, corriere notturno o posta raccomandata o certificata all'indirizzo support@pramlux.com. Possiamo aggiornare l'indirizzo per le comunicazioni a noi inviate pubblicando un avviso sul Sito Web. Le comunicazioni fornite tramite consegna personale avranno effetto immediato. Le comunicazioni fornite tramite corriere notturno saranno efficaci un giorno lavorativo dopo l'invio. Le comunicazioni inviate tramite posta raccomandata o certificata avranno effetto tre giorni lavorativi dopo l'invio.<\/p>\n\n\n\n<p>XXIII. Intero accordo<br>23.1 Le presenti Condizioni di Vendita (inclusi eventuali termini o politiche incorporate) costituiscono l'intero accordo tra l'utente e Pramlux in relazione alla transazione per l'acquisto di prodotti.<\/p>\n\n\n\n<p>In caso di domande sui presenti Termini, si prega di contattarci all'indirizzo:<\/p>\n\n\n\n<p>Indirizzo: 2232 Dell Range Blvd, Suite 245, #3164, Cheyenne, WY 82009<\/p>\n\n\n\n<p>Email: admin@pramlux.com o support@pramlux.com<\/p>\n\n\n\n<p>Numero di telefono: +1 2343 859 961<\/p>\n\n\n\n<p>Nome di fatturazione: Brivelle LLC<\/p>\n\n\n\n<p>Indirizzo di fatturazione: 2232 Dell Range Blvd, Suite 245, #3164, Cheyenne, WY 82009 USA<\/p>","protected":false},"excerpt":{"rendered":"<p>Effective date: February 20, 2024 PLEASE READ THESE TERMS OF SALE CAREFULLY BEFORE ORDERING PRODUCTS ONLINE FROM PRAMLUX.COM (\u201cWebsite\u201d). PLEASE<\/p>","protected":false},"author":1,"featured_media":0,"parent":0,"menu_order":0,"comment_status":"closed","ping_status":"closed","template":"","meta":{"footnotes":""},"class_list":["post-5001","page","type-page","status-publish","hentry"],"jetpack_sharing_enabled":true,"_links":{"self":[{"href":"https:\/\/pramlux.com\/it\/wp-json\/wp\/v2\/pages\/5001","targetHints":{"allow":["GET"]}}],"collection":[{"href":"https:\/\/pramlux.com\/it\/wp-json\/wp\/v2\/pages"}],"about":[{"href":"https:\/\/pramlux.com\/it\/wp-json\/wp\/v2\/types\/page"}],"author":[{"embeddable":true,"href":"https:\/\/pramlux.com\/it\/wp-json\/wp\/v2\/users\/1"}],"replies":[{"embeddable":true,"href":"https:\/\/pramlux.com\/it\/wp-json\/wp\/v2\/comments?post=5001"}],"version-history":[{"count":21,"href":"https:\/\/pramlux.com\/it\/wp-json\/wp\/v2\/pages\/5001\/revisions"}],"predecessor-version":[{"id":24841,"href":"https:\/\/pramlux.com\/it\/wp-json\/wp\/v2\/pages\/5001\/revisions\/24841"}],"wp:attachment":[{"href":"https:\/\/pramlux.com\/it\/wp-json\/wp\/v2\/media?parent=5001"}],"curies":[{"name":"wp","href":"https:\/\/api.w.org\/{rel}","templated":true}]}}