{"id":24089,"date":"2024-07-28T21:58:33","date_gmt":"2024-07-28T20:58:33","guid":{"rendered":"https:\/\/pramlux.com\/product\/electric-baby-bouncer-rocker-with-sun-shade-mosquito-net-portable-cradle-bed-baby-swing-bouncer-bluetooth-touch-screen-rocker\/"},"modified":"2025-08-18T04:15:47","modified_gmt":"2025-08-18T03:15:47","slug":"electric-baby-bouncer-rocker-sun-shade-mosquito-net-bluetooth","status":"publish","type":"product","link":"https:\/\/pramlux.com\/fr\/produit\/electric-baby-bouncer-rocker-sun-shade-mosquito-net-bluetooth\/","title":{"rendered":"Ch\u00e2teau gonflable et balancelle \u00e9lectrique pour b\u00e9b\u00e9 - ombrelle, moustiquaire et Bluetooth"},"content":{"rendered":"<h1>Berceuse \u00e9lectrique pour b\u00e9b\u00e9 - Lit berceau portable avec pare-soleil et Bluetooth<\/h1>\n<p>Bienvenue dans la solution ultime pour apaiser et divertir votre b\u00e9b\u00e9. Notre <b>Ch\u00e2teau gonflable et balancelle \u00e9lectrique pour b\u00e9b\u00e9<\/b> est con\u00e7u pour simuler un balancement naturel, afin que votre b\u00e9b\u00e9 se sente calme et d\u00e9tendu. Dot\u00e9 de fonctions telles qu'un pare-soleil, une moustiquaire et un \u00e9cran tactile Bluetooth, ce berceau-lit portable est parfait pour une utilisation \u00e0 l'int\u00e9rieur comme \u00e0 l'ext\u00e9rieur.<\/p>\n<h2>Description du produit<\/h2>\n<p>Notre transat \u00e9lectrique offre cinq vitesses de balancement scientifiques qui imitent le mouvement naturel des parents, cr\u00e9ant ainsi un environnement apaisant pour votre b\u00e9b\u00e9. Adapt\u00e9 aux nourrissons et aux jeunes enfants, le fauteuil \u00e0 bascule comprend des angles de 18\u00b0, 21\u00b0, 23\u00b0, 25\u00b0 et 31\u00b0, ce qui vous permet de trouver le rythme parfait pour calmer votre b\u00e9b\u00e9. Les trois fonctions de minutage (8, 15 et 30 minutes) en font une solution de garde d'enfants pratique lorsque vous avez besoin de temps libre.<\/p>\n<p>La conception ergonomique comporte une inclinaison de 25\u00b0 de la colonne vert\u00e9brale, assurant un soutien et un confort ad\u00e9quats pour le d\u00e9veloppement de la colonne vert\u00e9brale de votre b\u00e9b\u00e9. Le transat comprend \u00e9galement trois modes d'inclinaison pour r\u00e9pondre aux diff\u00e9rents besoins au cours des diff\u00e9rentes \u00e9tapes de la croissance. La fonctionnalit\u00e9 de musique Bluetooth vous permet d'\u00e9couter les chansons ou les histoires pr\u00e9f\u00e9r\u00e9es de votre b\u00e9b\u00e9. La touche tactile et la t\u00e9l\u00e9commande facilitent l'utilisation.<\/p>\n<h2>Caract\u00e9ristiques<\/h2>\n<ul>\n<li><b>5 Vitesses de basculement scientifiques<\/b>: Simule le balancement naturel \u00e0 cinq vitesses diff\u00e9rentes (18\u00b0, 21\u00b0, 23\u00b0, 25\u00b0, 31\u00b0) pour apaiser votre b\u00e9b\u00e9.<\/li>\n<li><b>3 Fonctions de synchronisation<\/b>: R\u00e9glez la minuterie sur 8, 15 ou 30 minutes pour plus de commodit\u00e9.<\/li>\n<li><b>Conception ergonomique de l'inclinaison de la colonne vert\u00e9brale<\/b>Inclinaison de 25\u00b0 avec un coussin pour b\u00e9b\u00e9 afin de favoriser le d\u00e9veloppement de la colonne vert\u00e9brale.<\/li>\n<li><b>Musique Bluetooth et t\u00e9l\u00e9commande<\/b>: Jouez des berceuses et contr\u00f4lez le transat via Bluetooth ou la t\u00e9l\u00e9commande.<\/li>\n<li><b>Caract\u00e9ristiques de s\u00e9curit\u00e9<\/b>: Sangles d'attache r\u00e9glables en 3 points et base en aluminium durable pour la stabilit\u00e9 et la s\u00e9curit\u00e9.<\/li>\n<li><b>Conception portable<\/b>: Le si\u00e8ge et l'appui-t\u00eate sont amovibles et lavables en machine. Aliment\u00e9 par USB ou par des piles 3A (non incluses).<\/li>\n<\/ul>\n<h2>Sp\u00e9cifications techniques<\/h2>\n<ul>\n<li><b>Vitesses de basculement<\/b>: 5 vitesses (18\u00b0, 21\u00b0, 23\u00b0, 25\u00b0, 31\u00b0)<\/li>\n<li><b>Fonctions de synchronisation<\/b>: 8, 15, 30 minutes<\/li>\n<li><b>Conception de l'inclinaison du dos<\/b>Inclinaison ergonomique de 25<\/li>\n<li><b>Bluetooth<\/b>: Oui<\/li>\n<li><b>T\u00e9l\u00e9commande<\/b>: Oui<\/li>\n<li><b>Sangles de s\u00e9curit\u00e9<\/b>: Sangles d'attache r\u00e9glables en 3 points<\/li>\n<li><b>Capacit\u00e9 de poids<\/b>: Jusqu'\u00e0 12 kg (26 lbs)<\/li>\n<li><b>Tranche d'\u00e2ge<\/b>: 0-12 mois<\/li>\n<li><b>Alimentation \u00e9lectrique<\/b>: USB ou piles 3A (non incluses)<\/li>\n<\/ul>\n<h2>Le paquet comprend<\/h2>\n<ul>\n<li>1 x Ch\u00e2teau gonflable et balancelle \u00e9lectrique pour b\u00e9b\u00e9<\/li>\n<li>1 x Pare-soleil<\/li>\n<li>1 x Moustiquaire<\/li>\n<li>1 x T\u00e9l\u00e9commande<\/li>\n<li>1 x c\u00e2ble de chargement USB<\/li>\n<li>1 x Manuel d'instruction<\/li>\n<\/ul>\n<h2>Pourquoi choisir notre transat et balancelle \u00e9lectrique ?<\/h2>\n<p>Notre transat \u00e9lectrique se distingue par sa combinaison de fonctions de confort, de s\u00e9curit\u00e9 et de divertissement. Les vitesses de balancement r\u00e9glables et le design ergonomique garantissent le soutien de la colonne vert\u00e9brale de votre b\u00e9b\u00e9 tout en lui offrant un environnement apaisant. La fonction de musique Bluetooth et la t\u00e9l\u00e9commande sont tr\u00e8s pratiques pour les parents. Son design portable le rend parfait pour la maison et les voyages. Investissez dans le <b>Ch\u00e2teau gonflable et balancelle \u00e9lectrique pour b\u00e9b\u00e9<\/b> et offrez \u00e0 votre b\u00e9b\u00e9 le confort et le divertissement qu'il m\u00e9rite.<\/p>\n<p>avec vous.<img decoding=\"async\" src=\"https:\/\/pramlux.com\/wp-content\/uploads\/2024\/07\/S809ad4a666424d34b7dbe553a19a5f74s.webp\" \/><img decoding=\"async\" src=\"https:\/\/pramlux.com\/wp-content\/uploads\/2024\/07\/S2de6c81e5be740e6bf02c88386ee978cy.webp\" \/><img decoding=\"async\" src=\"https:\/\/pramlux.com\/wp-content\/uploads\/2024\/07\/Sb88140e6d5e74189b379c44c586b1095n.webp\" \/><img decoding=\"async\" src=\"https:\/\/pramlux.com\/wp-content\/uploads\/2024\/07\/S177d64d866054f918f18e67174786b91I.webp\" \/><img decoding=\"async\" src=\"https:\/\/pramlux.com\/wp-content\/uploads\/2024\/07\/S70d0945cab6e4a2dbdb41e7e72e59ff2C.webp\" \/><img decoding=\"async\" src=\"https:\/\/pramlux.com\/wp-content\/uploads\/2024\/07\/S25aad9eab6964679a6b5cf3136352a62r.webp\" \/><\/p>","protected":false},"excerpt":{"rendered":"<p>Ch\u00e2teau gonflable et balancelle \u00e9lectrique pour b\u00e9b\u00e9 avec pare-soleil, moustiquaire, \u00e9cran tactile Bluetooth et 5 vitesses de balancement. Design portable et ergonomique pour les b\u00e9b\u00e9s et les enfants en bas \u00e2ge. Parfait pour apaiser et divertir votre b\u00e9b\u00e9.<\/p>","protected":false},"featured_media":24472,"comment_status":"open","ping_status":"closed","template":"","meta":[],"product_brand":[],"product_cat":[365],"product_tag":[],"class_list":{"0":"post-24089","1":"product","2":"type-product","3":"status-publish","4":"has-post-thumbnail","6":"product_cat-baby-bouncers-jumpers-swings","8":"first","9":"instock","10":"sale","11":"shipping-taxable","12":"purchasable","13":"product-type-variable"},"jetpack_sharing_enabled":true,"_links":{"self":[{"href":"https:\/\/pramlux.com\/fr\/wp-json\/wp\/v2\/product\/24089","targetHints":{"allow":["GET"]}}],"collection":[{"href":"https:\/\/pramlux.com\/fr\/wp-json\/wp\/v2\/product"}],"about":[{"href":"https:\/\/pramlux.com\/fr\/wp-json\/wp\/v2\/types\/product"}],"replies":[{"embeddable":true,"href":"https:\/\/pramlux.com\/fr\/wp-json\/wp\/v2\/comments?post=24089"}],"version-history":[{"count":3,"href":"https:\/\/pramlux.com\/fr\/wp-json\/wp\/v2\/product\/24089\/revisions"}],"predecessor-version":[{"id":24473,"href":"https:\/\/pramlux.com\/fr\/wp-json\/wp\/v2\/product\/24089\/revisions\/24473"}],"wp:featuredmedia":[{"embeddable":true,"href":"https:\/\/pramlux.com\/fr\/wp-json\/wp\/v2\/media\/24472"}],"wp:attachment":[{"href":"https:\/\/pramlux.com\/fr\/wp-json\/wp\/v2\/media?parent=24089"}],"wp:term":[{"taxonomy":"product_brand","embeddable":true,"href":"https:\/\/pramlux.com\/fr\/wp-json\/wp\/v2\/product_brand?post=24089"},{"taxonomy":"product_cat","embeddable":true,"href":"https:\/\/pramlux.com\/fr\/wp-json\/wp\/v2\/product_cat?post=24089"},{"taxonomy":"product_tag","embeddable":true,"href":"https:\/\/pramlux.com\/fr\/wp-json\/wp\/v2\/product_tag?post=24089"}],"curies":[{"name":"wp","href":"https:\/\/api.w.org\/{rel}","templated":true}]}}