{"id":23941,"date":"2024-07-28T21:47:42","date_gmt":"2024-07-28T20:47:42","guid":{"rendered":"https:\/\/pramlux.com\/product\/lazychild-0-3-years-old-baby-cradle-multi-function-electric-intelligent-sleep-rocking-chair-newborn-baby-sleeping-basket-2023\/"},"modified":"2025-08-18T04:21:07","modified_gmt":"2025-08-18T03:21:07","slug":"portable-crib-baby-sleeping-basket-5-gears-adjustable-bluetooth-music","status":"publish","type":"product","link":"https:\/\/pramlux.com\/fr\/produit\/portable-crib-baby-sleeping-basket-5-gears-adjustable-bluetooth-music\/","title":{"rendered":"Panier de couchage portable pour b\u00e9b\u00e9 - 5 vitesses r\u00e9glables et musique Bluetooth"},"content":{"rendered":"<h1>Panier de couchage pour b\u00e9b\u00e9 Little Child | 5 vitesses r\u00e9glables et musique Bluetooth<\/h1>\n<p>Bienvenue dans la solution ultime pour le sommeil et le confort de votre b\u00e9b\u00e9. Notre <b>Panier de couchage pour petit enfant<\/b> avec <b>5 vitesses R\u00e9glable<\/b> et <b>Musique Bluetooth<\/b> est con\u00e7u pour offrir un environnement de sommeil apaisant et s\u00fbr \u00e0 votre nouveau-n\u00e9 jusqu'\u00e0 l'\u00e2ge de 36 mois.<\/p>\n<h2>Description du produit<\/h2>\n<p>Notre panier de couchage pour b\u00e9b\u00e9 Little Child allie parfaitement fonctionnalit\u00e9 et confort. La fonction r\u00e9glable \u00e0 cinq niveaux imite un doux mouvement de bercement, semblable \u00e0 celui d'\u00eatre berc\u00e9 dans les bras d'une m\u00e8re, ce qui a un effet calmant qui aide votre b\u00e9b\u00e9 \u00e0 s'endormir facilement. Les fonctions intelligentes \u00e0 double commande permettent une utilisation facile gr\u00e2ce \u00e0 divers boutons et \u00e0 la t\u00e9l\u00e9commande infrarouge.<\/p>\n<p>La fonction musicale Bluetooth cr\u00e9e une atmosph\u00e8re de sommeil sereine en diffusant des m\u00e9lodies douces et apaisantes qui aident votre b\u00e9b\u00e9 \u00e0 s'endormir. Vous pouvez \u00e9galement le connecter \u00e0 votre t\u00e9l\u00e9phone portable pour \u00e9couter les chansons pr\u00e9f\u00e9r\u00e9es de votre b\u00e9b\u00e9. Le grand espace du panier permet \u00e0 votre b\u00e9b\u00e9 de se d\u00e9placer confortablement, et le support en alliage d'aluminium d'aviation offre un soutien solide et stable.<\/p>\n<h2>Caract\u00e9ristiques<\/h2>\n<ul>\n<li><b>5 vitesses R\u00e9glable<\/b>: Mouvement de bercement doux avec cinq vitesses r\u00e9glables pour apaiser votre b\u00e9b\u00e9.<\/li>\n<li><b>Musique Bluetooth<\/b>: Jouez de la musique douce et apaisante ou connectez-vous \u00e0 votre t\u00e9l\u00e9phone pour des musiques personnalis\u00e9es.<\/li>\n<li><b>Double commande intelligente<\/b>: Utilisation facile gr\u00e2ce aux boutons et \u00e0 la t\u00e9l\u00e9commande infrarouge.<\/li>\n<li><b>Matelas confortable<\/b>: La surface douce et confortable favorise le d\u00e9veloppement de la colonne vert\u00e9brale de votre b\u00e9b\u00e9.<\/li>\n<li><b>Support en alliage d'aluminium aviation<\/b>: Support solide et stable avec un design industriel en forme de H.<\/li>\n<li><b>Grand espace<\/b>: Convient aux b\u00e9b\u00e9s \u00e2g\u00e9s de 0 \u00e0 36 mois et offre une grande libert\u00e9 de mouvement.<\/li>\n<\/ul>\n<h2>Sp\u00e9cifications techniques<\/h2>\n<ul>\n<li><b>Nom du produit<\/b>: Panier de couchage pour petit enfant<\/li>\n<li><b>\u00c2ge applicable<\/b>: 0-36 mois<\/li>\n<li><b>Palier de charge du produit<\/b>: 50KG+<\/li>\n<li><b>Taille du produit<\/b>:\n<ul>\n<li>Diam\u00e8tre int\u00e9rieur : 80 cm x 48 cm<\/li>\n<li>Hauteur : 62 cm<\/li>\n<li>Longueur : 106 cm<\/li>\n<\/ul>\n<\/li>\n<\/ul>\n<h2>Le paquet comprend<\/h2>\n<ul>\n<li>1 x Panier de couchage pour b\u00e9b\u00e9<\/li>\n<li>1 x Matelas confortable<\/li>\n<li>1 x Syst\u00e8me de musique Bluetooth<\/li>\n<li>1 x T\u00e9l\u00e9commande infrarouge<\/li>\n<li>1 x Moustiquaire compl\u00e8te<\/li>\n<li>1 x Manuel d'instruction<\/li>\n<\/ul>\n<h2>Pourquoi choisir notre panier de couchage pour b\u00e9b\u00e9 Little Child ?<\/h2>\n<p>Notre panier de couchage pour b\u00e9b\u00e9 se distingue par sa multifonctionnalit\u00e9, son confort et ses caract\u00e9ristiques avanc\u00e9es. Les vitesses de balancement r\u00e9glables, la musique apaisante et les commandes faciles \u00e0 utiliser en font un choix id\u00e9al pour les parents qui souhaitent offrir le meilleur environnement de sommeil \u00e0 leur b\u00e9b\u00e9. Le grand espace confortable et la construction robuste garantissent que votre b\u00e9b\u00e9 dort en toute s\u00e9curit\u00e9 et en toute s\u00e9r\u00e9nit\u00e9. Investissez dans le <b>Panier de couchage pour petit enfant<\/b> avec <b>5 vitesses R\u00e9glable<\/b> et <b>Musique Bluetooth<\/b> aujourd'hui et offrez \u00e0 votre b\u00e9b\u00e9 le cadeau d'un sommeil paisible.<\/p>\n<p>&nbsp;<\/p>\n<div class=\"detailmodule_html\">\n<div class=\"detail-desc-decorate-richtext\">\n<p><img decoding=\"async\" style=\"width: 800px;\" src=\"https:\/\/pramlux.com\/wp-content\/uploads\/2024\/07\/Se1c52f7742784855859c01a909843e7eO.webp\" width=\"800px\" \/><\/p>\n<p><img decoding=\"async\" style=\"width: 800px;\" src=\"https:\/\/pramlux.com\/wp-content\/uploads\/2024\/07\/S96a817059c884e679a63e79ecde82312X.webp\" width=\"800px\" \/><br \/>\n<img decoding=\"async\" style=\"width: 800px;\" src=\"https:\/\/pramlux.com\/wp-content\/uploads\/2024\/07\/S4bf79df6f0be4afd9e1c9ef0f0799758h.webp\" width=\"800px\" \/><br \/>\n<img decoding=\"async\" style=\"width: 800px;\" src=\"https:\/\/pramlux.com\/wp-content\/uploads\/2024\/07\/Sb833411d20584228a829b42b4e3f83a5e.webp\" width=\"800px\" \/><br \/>\n<img decoding=\"async\" style=\"width: 800px;\" src=\"https:\/\/pramlux.com\/wp-content\/uploads\/2024\/07\/S2269287d027f447982c649c2c2f703b9N.webp\" width=\"800px\" \/><br \/>\n<img decoding=\"async\" style=\"width: 800px;\" src=\"https:\/\/pramlux.com\/wp-content\/uploads\/2024\/07\/S3d05f211b7394ed392121fad302878c52.webp\" width=\"800px\" \/><br \/>\n<img decoding=\"async\" style=\"width: 800px;\" src=\"https:\/\/pramlux.com\/wp-content\/uploads\/2024\/07\/S560282c6060f4e0bb04eb66d03bac5edM.webp\" width=\"800px\" \/><br \/>\n<img decoding=\"async\" style=\"width: 800px;\" src=\"https:\/\/pramlux.com\/wp-content\/uploads\/2024\/07\/S5fa6e0a796144854b03bf12bfd7e9849N.webp\" width=\"800px\" \/><br \/>\n<img decoding=\"async\" style=\"width: 800px;\" src=\"https:\/\/pramlux.com\/wp-content\/uploads\/2024\/07\/S22f2e6eaf3b8450fa13732e60ac7c59bT.webp\" width=\"800px\" \/><br \/>\n<img decoding=\"async\" style=\"width: 800px;\" src=\"https:\/\/pramlux.com\/wp-content\/uploads\/2024\/07\/S1a21a6016c7e4e969187973b86b051a8l.webp\" width=\"800px\" \/><br \/>\n<img decoding=\"async\" style=\"width: 800px;\" src=\"https:\/\/pramlux.com\/wp-content\/uploads\/2024\/07\/S00c28a3eeecb4c53a8e1791f869ff60f3.webp\" width=\"800px\" \/><\/p>\n<p><img decoding=\"async\" style=\"width: 800px;\" src=\"https:\/\/pramlux.com\/wp-content\/uploads\/2024\/07\/S3ed7835cd42a4e74b23bdf007e3b3d5cL.webp\" width=\"800px\" \/><\/p>\n<p><img decoding=\"async\" style=\"width: 800px;\" src=\"https:\/\/pramlux.com\/wp-content\/uploads\/2024\/07\/Se19f298993b64d3ab0228a27e487810bi.webp\" width=\"800px\" \/><\/p>\n<p>&nbsp;<\/p>\n<\/div>\n<\/div>","protected":false},"excerpt":{"rendered":"<p>Panier de couchage pour b\u00e9b\u00e9 Little Child avec 5 vitesses r\u00e9glables, musique Bluetooth et matelas confortable. Convient aux nouveau-n\u00e9s jusqu'\u00e0 36 mois, offrant un environnement de sommeil s\u00fbr et apaisant.<\/p>","protected":false},"featured_media":24476,"comment_status":"open","ping_status":"closed","template":"","meta":[],"product_brand":[],"product_cat":[369],"product_tag":[],"class_list":{"0":"post-23941","1":"product","2":"type-product","3":"status-publish","4":"has-post-thumbnail","6":"product_cat-nursery-bedding","8":"first","9":"instock","10":"sale","11":"shipping-taxable","12":"purchasable","13":"product-type-variable"},"jetpack_sharing_enabled":true,"_links":{"self":[{"href":"https:\/\/pramlux.com\/fr\/wp-json\/wp\/v2\/product\/23941","targetHints":{"allow":["GET"]}}],"collection":[{"href":"https:\/\/pramlux.com\/fr\/wp-json\/wp\/v2\/product"}],"about":[{"href":"https:\/\/pramlux.com\/fr\/wp-json\/wp\/v2\/types\/product"}],"replies":[{"embeddable":true,"href":"https:\/\/pramlux.com\/fr\/wp-json\/wp\/v2\/comments?post=23941"}],"version-history":[{"count":2,"href":"https:\/\/pramlux.com\/fr\/wp-json\/wp\/v2\/product\/23941\/revisions"}],"predecessor-version":[{"id":24418,"href":"https:\/\/pramlux.com\/fr\/wp-json\/wp\/v2\/product\/23941\/revisions\/24418"}],"wp:featuredmedia":[{"embeddable":true,"href":"https:\/\/pramlux.com\/fr\/wp-json\/wp\/v2\/media\/24476"}],"wp:attachment":[{"href":"https:\/\/pramlux.com\/fr\/wp-json\/wp\/v2\/media?parent=23941"}],"wp:term":[{"taxonomy":"product_brand","embeddable":true,"href":"https:\/\/pramlux.com\/fr\/wp-json\/wp\/v2\/product_brand?post=23941"},{"taxonomy":"product_cat","embeddable":true,"href":"https:\/\/pramlux.com\/fr\/wp-json\/wp\/v2\/product_cat?post=23941"},{"taxonomy":"product_tag","embeddable":true,"href":"https:\/\/pramlux.com\/fr\/wp-json\/wp\/v2\/product_tag?post=23941"}],"curies":[{"name":"wp","href":"https:\/\/api.w.org\/{rel}","templated":true}]}}