{"id":23940,"date":"2024-07-28T21:48:04","date_gmt":"2024-07-28T20:48:04","guid":{"rendered":"https:\/\/pramlux.com\/product\/die-cast-foldable-baby-crib-movable-portable-cradle-bed-load-bearing-baby-fence-baby-nest-with-changing-table-for-infant-toddler\/"},"modified":"2025-08-18T04:13:23","modified_gmt":"2025-08-18T03:13:23","slug":"die-cast-foldable-baby-crib-movable-with-adjustable-height","status":"publish","type":"product","link":"https:\/\/pramlux.com\/fr\/produit\/die-cast-foldable-baby-crib-movable-with-adjustable-height\/","title":{"rendered":"Lit d'enfant pliable en fonte - mobile et r\u00e9glable en hauteur"},"content":{"rendered":"<h1>Lit d'enfant pliable en fonte, berceau mobile et portable<\/h1>\n<p>Bienvenue dans la solution ultime pour le confort et la s\u00e9curit\u00e9 de votre b\u00e9b\u00e9. Nos <b>Berceau pliable en fonte<\/b> avec <b>Lit berceau mobile et portable<\/b> et <b>Barri\u00e8re porteuse pour b\u00e9b\u00e9s<\/b> est con\u00e7u pour offrir un environnement s\u00fbr et confortable \u00e0 votre b\u00e9b\u00e9 ou \u00e0 votre enfant en bas \u00e2ge. Gr\u00e2ce \u00e0 ses caract\u00e9ristiques polyvalentes et \u00e0 sa construction robuste, c'est le choix id\u00e9al pour les parents d'aujourd'hui.<\/p>\n<h2>Description du produit<\/h2>\n<p>Ce berceau pliable offre une commodit\u00e9 et une s\u00e9curit\u00e9 in\u00e9gal\u00e9es pour les parents et les b\u00e9b\u00e9s. Le berceau de s\u00e9curit\u00e9 peut \u00eatre plac\u00e9 directement sur votre lit, ce qui vous permet de vous occuper facilement de votre b\u00e9b\u00e9 ou de le nourrir. Le filet lat\u00e9ral peut \u00eatre ouvert pour faciliter l'acc\u00e8s, et la conception portable vous permet de tenir confortablement votre b\u00e9b\u00e9 lors de vos d\u00e9placements.<\/p>\n<p>Construit avec un cadre en alliage d'aluminium de qualit\u00e9 a\u00e9ronautique, ce lit d'enfant offre une structure robuste qui peut supporter jusqu'\u00e0 50 kg. La structure de soutien en 7 points au fond du lit am\u00e9liore la stabilit\u00e9, tandis que les quatre coins arrondis \u00e9vitent les collisions et les rayures. La barri\u00e8re int\u00e9gr\u00e9e grandit avec votre b\u00e9b\u00e9, et la table \u00e0 langer facilite les changements de couches. Le matelas moelleux assure un sommeil confortable \u00e0 votre b\u00e9b\u00e9.<\/p>\n<h2>Caract\u00e9ristiques<\/h2>\n<ul>\n<li><b>Berceau de s\u00e9curit\u00e9<\/b>: Placer directement sur le lit avec des roues verrouillables pour faciliter les soins et l'alimentation du b\u00e9b\u00e9.<\/li>\n<li><b>Structure solide<\/b>: Le cadre en alliage d'aluminium de qualit\u00e9 a\u00e9ronautique supporte jusqu'\u00e0 50 kg gr\u00e2ce \u00e0 une structure de soutien en 7 points.<\/li>\n<li><b>Barri\u00e8re b\u00e9b\u00e9 int\u00e9gr\u00e9e<\/b>: Grandit avec votre b\u00e9b\u00e9 et comprend une table \u00e0 langer pour faciliter les changements.<\/li>\n<li><b>R\u00e9glage de la hauteur<\/b>: Six niveaux de r\u00e9glage en hauteur pour s'adapter \u00e0 diff\u00e9rentes hauteurs de lit avec une inclinaison de 5 degr\u00e9s pour pr\u00e9venir le reflux.<\/li>\n<li><b>Facile \u00e0 assembler et \u00e0 plier<\/b>: Conception d'installation rapide sans outils ; peut \u00eatre assembl\u00e9 en 10 minutes.<\/li>\n<li><b>Conception portable<\/b>: Fonction pliable pour faciliter le transport et le stockage, comprend une moustiquaire et un matelas.<\/li>\n<\/ul>\n<h2>Sp\u00e9cifications techniques<\/h2>\n<ul>\n<li><b>Nom du produit<\/b>: Berceau pliable en fonte<\/li>\n<li><b>\u00c2ge applicable<\/b>: Du nourrisson au tout-petit<\/li>\n<li><b>Palier de charge du produit<\/b>: 50KG+<\/li>\n<li><b>Mat\u00e9riau<\/b>: Alliage d'aluminium de qualit\u00e9 a\u00e9ronautique<\/li>\n<li><b>Niveaux de r\u00e9glage de la hauteur<\/b>: 6<\/li>\n<li><b>Angle d'inclinaison<\/b>: 5 degr\u00e9s<\/li>\n<li><b>Temps de montage<\/b>: 10 minutes<\/li>\n<\/ul>\n<h2>Le paquet comprend<\/h2>\n<ul>\n<li>1 x Lit d'enfant pliable en fonte d'aluminium<\/li>\n<li>1 x Matelas souple<\/li>\n<li>1 x Moustiquaire compl\u00e8te<\/li>\n<li>1 x Barri\u00e8re b\u00e9b\u00e9 int\u00e9gr\u00e9e<\/li>\n<li>1 x Table \u00e0 langer<\/li>\n<li>1 x Manuel d'instruction<\/li>\n<\/ul>\n<h2>Pourquoi choisir notre berceau pliable moul\u00e9 sous pression ?<\/h2>\n<p>Notre lit pour b\u00e9b\u00e9 se distingue par sa multifonctionnalit\u00e9, sa construction robuste et ses caract\u00e9ristiques de s\u00e9curit\u00e9 avanc\u00e9es. La hauteur r\u00e9glable, le cadre robuste et le matelas confortable en font un choix id\u00e9al pour assurer la s\u00e9curit\u00e9 et le confort de votre b\u00e9b\u00e9. La barri\u00e8re \u00e0 b\u00e9b\u00e9 et la table \u00e0 langer int\u00e9gr\u00e9es ajoutent \u00e0 la commodit\u00e9, facilitant ainsi la gestion des t\u00e2ches quotidiennes des parents. Investissez dans le <b>Berceau pliable en fonte<\/b> avec <b>Lit berceau mobile et portable<\/b> aujourd'hui et offrez \u00e0 votre b\u00e9b\u00e9 le meilleur du confort et de la s\u00e9curit\u00e9.<\/p>\n<p>&nbsp;<\/p>\n<p><img decoding=\"async\" src=\"https:\/\/pramlux.com\/wp-content\/uploads\/2024\/07\/Se158f2568c0b435988bf0d8b455e3239b.webp\" \/><img decoding=\"async\" src=\"https:\/\/pramlux.com\/wp-content\/uploads\/2024\/07\/S0b9b0f508dab470381d792a213b0700fv.webp\" \/><img decoding=\"async\" src=\"https:\/\/pramlux.com\/wp-content\/uploads\/2024\/07\/Sd93a9191ca2c45f4a2b30c03bbff176ap.webp\" \/><img decoding=\"async\" src=\"https:\/\/pramlux.com\/wp-content\/uploads\/2024\/07\/Se29f0be4b5b04821a56fcdc97570794dy.webp\" \/><img decoding=\"async\" src=\"https:\/\/pramlux.com\/wp-content\/uploads\/2024\/07\/Sde78fbf25f674bbb9b8524367771195bQ.webp\" \/><img decoding=\"async\" src=\"https:\/\/pramlux.com\/wp-content\/uploads\/2024\/07\/S586ba29e044e48c990f14289ee6e60d8h.webp\" \/><\/p>\n<p>&nbsp;<\/p>","protected":false},"excerpt":{"rendered":"<div class=\"flex flex-grow flex-col max-w-full\">\n<div class=\"min-h-[20px] text-message flex w-full flex-col items-end gap-2 whitespace-pre-wrap break-words [.text-message+&amp;]:mt-5 overflow-x-auto\" dir=\"auto\" data-message-author-role=\"assistant\" data-message-id=\"d04ead85-9cb7-4a67-a055-3a0e3e04a33f\">\n<div class=\"flex w-full flex-col gap-1 empty:hidden first:pt-[3px]\">\n<div class=\"markdown prose w-full break-words dark:prose-invert dark\">\n<p>Lit pliant pour b\u00e9b\u00e9 en fonte avec berceau mobile, barri\u00e8re portante pour b\u00e9b\u00e9 et hauteur r\u00e9glable. Cadre en aluminium robuste, assemblage facile, moustiquaire et matelas inclus. Parfait pour les nourrissons et les enfants en bas \u00e2ge<\/p>\n<\/div>\n<\/div>\n<\/div>\n<\/div>","protected":false},"featured_media":24475,"comment_status":"open","ping_status":"closed","template":"","meta":[],"product_brand":[],"product_cat":[369],"product_tag":[],"class_list":{"0":"post-23940","1":"product","2":"type-product","3":"status-publish","4":"has-post-thumbnail","6":"product_cat-nursery-bedding","8":"first","9":"instock","10":"sale","11":"shipping-taxable","12":"purchasable","13":"product-type-variable"},"jetpack_sharing_enabled":true,"_links":{"self":[{"href":"https:\/\/pramlux.com\/fr\/wp-json\/wp\/v2\/product\/23940","targetHints":{"allow":["GET"]}}],"collection":[{"href":"https:\/\/pramlux.com\/fr\/wp-json\/wp\/v2\/product"}],"about":[{"href":"https:\/\/pramlux.com\/fr\/wp-json\/wp\/v2\/types\/product"}],"replies":[{"embeddable":true,"href":"https:\/\/pramlux.com\/fr\/wp-json\/wp\/v2\/comments?post=23940"}],"version-history":[{"count":2,"href":"https:\/\/pramlux.com\/fr\/wp-json\/wp\/v2\/product\/23940\/revisions"}],"predecessor-version":[{"id":24422,"href":"https:\/\/pramlux.com\/fr\/wp-json\/wp\/v2\/product\/23940\/revisions\/24422"}],"wp:featuredmedia":[{"embeddable":true,"href":"https:\/\/pramlux.com\/fr\/wp-json\/wp\/v2\/media\/24475"}],"wp:attachment":[{"href":"https:\/\/pramlux.com\/fr\/wp-json\/wp\/v2\/media?parent=23940"}],"wp:term":[{"taxonomy":"product_brand","embeddable":true,"href":"https:\/\/pramlux.com\/fr\/wp-json\/wp\/v2\/product_brand?post=23940"},{"taxonomy":"product_cat","embeddable":true,"href":"https:\/\/pramlux.com\/fr\/wp-json\/wp\/v2\/product_cat?post=23940"},{"taxonomy":"product_tag","embeddable":true,"href":"https:\/\/pramlux.com\/fr\/wp-json\/wp\/v2\/product_tag?post=23940"}],"curies":[{"name":"wp","href":"https:\/\/api.w.org\/{rel}","templated":true}]}}