{"id":23904,"date":"2024-07-28T21:47:33","date_gmt":"2024-07-28T20:47:33","guid":{"rendered":"https:\/\/pramlux.com\/product\/multi-functional-baby-crib-with-foldable-height-adjustment-splicing-portable-and-movable-bedside-swing-cradle-sleeping-bed\/"},"modified":"2025-11-12T15:30:45","modified_gmt":"2025-11-12T15:30:45","slug":"portable-multi-functional-baby-crib-foldable-height-adjustable","status":"publish","type":"product","link":"https:\/\/pramlux.com\/fr\/produit\/portable-multi-functional-baby-crib-foldable-height-adjustable\/","title":{"rendered":"Lit de b\u00e9b\u00e9 portable multifonctionnel - pliable et r\u00e9glable en hauteur"},"content":{"rendered":"<h1>Lit de b\u00e9b\u00e9 multifonctionnel, pliable, r\u00e9glable en hauteur, avec \u00e9pissure<\/h1>\n<p>Bienvenue dans la solution ultime pour le sommeil et le confort de votre b\u00e9b\u00e9. Notre <b>Lit d'enfant multifonctionnel<\/b> avec <b>R\u00e9glage pliable de la hauteur \u00c9pissage<\/b> est con\u00e7u pour r\u00e9pondre \u00e0 tous vos besoins, en offrant une balan\u00e7oire de chevet, un berceau et un lit de repos portables et mobiles pour votre nouveau-n\u00e9 jusqu'\u00e0 36 mois.<\/p>\n<h2>Description du produit<\/h2>\n<p>Notre berceau multifonctionnel offre une commodit\u00e9 et un confort in\u00e9gal\u00e9s pour les parents et les b\u00e9b\u00e9s. Gr\u00e2ce \u00e0 son syst\u00e8me de r\u00e9glage en hauteur pliable, ce berceau vous permet de toujours garder votre b\u00e9b\u00e9 pr\u00e8s de vous. La moustiquaire int\u00e9grale assure une protection tridimensionnelle, isolant les moustiques et garantissant \u00e0 votre b\u00e9b\u00e9 un sommeil calme et doux. Le lit est fabriqu\u00e9 avec des mat\u00e9riaux respectueux de la peau pour prendre soin de la peau d\u00e9licate de votre b\u00e9b\u00e9 et comporte un tour de lit respirant pour une meilleure visibilit\u00e9 et une meilleure ventilation.<\/p>\n<p>Le grand panier de rangement ajoute \u00e0 la commodit\u00e9, vous permettant de garder les objets essentiels pour b\u00e9b\u00e9 \u00e0 port\u00e9e de main. Le matelas confortable garantit un bon sommeil \u00e0 votre b\u00e9b\u00e9, et les roulettes universelles facilitent le d\u00e9placement du lit, pour que vous puissiez toujours garder un \u0153il sur votre petit. Gr\u00e2ce \u00e0 ses six r\u00e9glages, ce berceau grandit avec votre b\u00e9b\u00e9, gardant la distance de l'amour \u00e0 port\u00e9e de main.<\/p>\n<h2>Caract\u00e9ristiques<\/h2>\n<ul>\n<li><b>Moustiquaire int\u00e9grale<\/b>: Offre une protection tridimensionnelle, isolant les moustiques pour un sommeil paisible.<\/li>\n<li><b>Tissu confortable<\/b>: Mat\u00e9riaux respectueux de la peau pour prendre soin de la peau d\u00e9licate de votre b\u00e9b\u00e9.<\/li>\n<li><b>Circonf\u00e9rence du lit respirant<\/b>: Assure une bonne ventilation et une bonne visibilit\u00e9 pour surveiller les mouvements de votre b\u00e9b\u00e9.<\/li>\n<li><b>Grand panier de rangement<\/b>: Rangement pratique pour les articles de premi\u00e8re n\u00e9cessit\u00e9 pour b\u00e9b\u00e9.<\/li>\n<li><b>Matelas confortable<\/b>: Matelas souple pour une bonne nuit de sommeil.<\/li>\n<li><b>Pousse-roue universel<\/b>: Rend le lit d'enfant portable et facile \u00e0 d\u00e9placer.<\/li>\n<li><b>R\u00e9glage de la sixi\u00e8me vitesse<\/b>: Hauteur r\u00e9glable pour grandir avec votre b\u00e9b\u00e9.<\/li>\n<\/ul>\n<h2>Sp\u00e9cifications techniques<\/h2>\n<ul>\n<li><b>Nom du produit<\/b>: Lit de b\u00e9b\u00e9 multifonctionnel<\/li>\n<li><b>\u00c2ge applicable<\/b>: 0-36 mois<\/li>\n<li><b>Palier de charge du produit<\/b>: 50KG+<\/li>\n<li><b>Correspondance des couleurs des produits<\/b>: Gris\/vert<\/li>\n<li><b>Taille du produit<\/b>:\n<ul>\n<li>Hauteur : 71-83 CM \/ 27.95-32.68 in<\/li>\n<li>Largeur : 56 CM \/ 22.05 in<\/li>\n<li>Longueur : 90 CM \/ 35.43 in<\/li>\n<\/ul>\n<\/li>\n<\/ul>\n<h2>Le paquet comprend<\/h2>\n<ul>\n<li>1 x Lit d'enfant multifonctionnel<\/li>\n<li>1 x Moustiquaire compl\u00e8te<\/li>\n<li>1 x Matelas confortable<\/li>\n<li>1 x Grand panier de rangement<\/li>\n<li>1 x Manuel d'instruction<\/li>\n<\/ul>\n<h2>Pourquoi choisir notre berceau multifonctionnel ?<\/h2>\n<p>Notre lit d'enfant se distingue par sa multifonctionnalit\u00e9, son confort et sa commodit\u00e9. Il est con\u00e7u pour s'adapter aux besoins de votre b\u00e9b\u00e9, du nouveau-n\u00e9 au jeune enfant. La hauteur r\u00e9glable, les mat\u00e9riaux respirants et la facilit\u00e9 de transport garantissent que votre b\u00e9b\u00e9 dort confortablement et que vous avez l'esprit tranquille. Le grand panier de rangement et la moustiquaire ajoutent une commodit\u00e9 et une protection suppl\u00e9mentaires, ce qui en fait un compl\u00e9ment parfait \u00e0 votre chambre d'enfant.<\/p>\n<p>Investir dans la <b>Lit d'enfant multifonctionnel<\/b> avec <b>R\u00e9glage pliable de la hauteur \u00c9pissage<\/b> et offrez \u00e0 votre b\u00e9b\u00e9 la meilleure exp\u00e9rience de sommeil possible. Commandez maintenant et profitez d'un berceau qui grandit avec votre b\u00e9b\u00e9 !<\/p>\n<p>&nbsp;<\/p>\n<div class=\"detailmodule_html\">\n<div class=\"detail-desc-decorate-richtext\"><img decoding=\"async\" src=\"https:\/\/pramlux.com\/wp-content\/uploads\/2024\/07\/S8138624dbf714316a1ebf7cd87222b7do.webp\" \/><br \/>\n<img decoding=\"async\" src=\"https:\/\/pramlux.com\/wp-content\/uploads\/2024\/07\/S76e573ab709e4d3baf7d5d101c888807M.webp\" \/><br \/>\n<img decoding=\"async\" src=\"https:\/\/pramlux.com\/wp-content\/uploads\/2024\/07\/S0223786397ae41beaac11ccc7c5065908.webp\" \/><br \/>\n<img decoding=\"async\" src=\"https:\/\/pramlux.com\/wp-content\/uploads\/2024\/07\/Safa7dbc135bc4ea180ef0a3b7517d540c.webp\" \/><br \/>\n<img decoding=\"async\" src=\"https:\/\/pramlux.com\/wp-content\/uploads\/2024\/07\/Sa89bd6d746c243eb92ca2eea0d135e087.webp\" \/><br \/>\n<img decoding=\"async\" src=\"https:\/\/pramlux.com\/wp-content\/uploads\/2024\/07\/S3f83c7115fe94440b0357449825ca72cd.webp\" \/><\/div>\n<\/div>\n<p>&nbsp;<\/p>","protected":false},"excerpt":{"rendered":"<div class=\"flex flex-grow flex-col max-w-full\">\n<div class=\"min-h-[20px] text-message flex w-full flex-col items-end gap-2 whitespace-pre-wrap break-words [.text-message+&amp;]:mt-5 overflow-x-auto\" dir=\"auto\" data-message-author-role=\"assistant\" data-message-id=\"843627d0-8d9a-4bc2-aa01-23360554614e\">\n<div class=\"flex w-full flex-col gap-1 empty:hidden first:pt-[3px]\">\n<div class=\"markdown prose w-full break-words dark:prose-invert dark\">\n<p>Lit de b\u00e9b\u00e9 multifonctionnel avec r\u00e9glage en hauteur pliable, balan\u00e7oire de chevet mobile et portable. Dot\u00e9 d'une moustiquaire, d'un tissu respirant et d'un grand panier de rangement. Convient aux nouveau-n\u00e9s jusqu'\u00e0 36 mois<\/p>\n<\/div>\n<\/div>\n<\/div>\n<\/div>","protected":false},"featured_media":24477,"comment_status":"open","ping_status":"closed","template":"","meta":[],"product_brand":[],"product_cat":[369],"product_tag":[],"class_list":{"0":"post-23904","1":"product","2":"type-product","3":"status-publish","4":"has-post-thumbnail","6":"product_cat-nursery-bedding","8":"first","9":"instock","10":"shipping-taxable","11":"purchasable","12":"product-type-variable"},"jetpack_sharing_enabled":true,"_links":{"self":[{"href":"https:\/\/pramlux.com\/fr\/wp-json\/wp\/v2\/product\/23904","targetHints":{"allow":["GET"]}}],"collection":[{"href":"https:\/\/pramlux.com\/fr\/wp-json\/wp\/v2\/product"}],"about":[{"href":"https:\/\/pramlux.com\/fr\/wp-json\/wp\/v2\/types\/product"}],"replies":[{"embeddable":true,"href":"https:\/\/pramlux.com\/fr\/wp-json\/wp\/v2\/comments?post=23904"}],"version-history":[{"count":2,"href":"https:\/\/pramlux.com\/fr\/wp-json\/wp\/v2\/product\/23904\/revisions"}],"predecessor-version":[{"id":24417,"href":"https:\/\/pramlux.com\/fr\/wp-json\/wp\/v2\/product\/23904\/revisions\/24417"}],"wp:featuredmedia":[{"embeddable":true,"href":"https:\/\/pramlux.com\/fr\/wp-json\/wp\/v2\/media\/24477"}],"wp:attachment":[{"href":"https:\/\/pramlux.com\/fr\/wp-json\/wp\/v2\/media?parent=23904"}],"wp:term":[{"taxonomy":"product_brand","embeddable":true,"href":"https:\/\/pramlux.com\/fr\/wp-json\/wp\/v2\/product_brand?post=23904"},{"taxonomy":"product_cat","embeddable":true,"href":"https:\/\/pramlux.com\/fr\/wp-json\/wp\/v2\/product_cat?post=23904"},{"taxonomy":"product_tag","embeddable":true,"href":"https:\/\/pramlux.com\/fr\/wp-json\/wp\/v2\/product_tag?post=23904"}],"curies":[{"name":"wp","href":"https:\/\/api.w.org\/{rel}","templated":true}]}}