{"id":23767,"date":"2024-05-25T20:56:43","date_gmt":"2024-05-25T19:56:43","guid":{"rendered":"https:\/\/pramlux.com\/product\/lightweight-portable-travel-baby-stroller\/"},"modified":"2025-11-11T15:19:57","modified_gmt":"2025-11-11T15:19:57","slug":"lightweight-portable-travel-baby-stroller","status":"publish","type":"product","link":"https:\/\/pramlux.com\/fr\/produit\/lightweight-portable-travel-baby-stroller\/","title":{"rendered":"Poussette de voyage l\u00e9g\u00e8re et portable"},"content":{"rendered":"<div class=\"flex flex-grow flex-col max-w-full\">\n<div class=\"min-h-[20px] text-message flex flex-col items-start whitespace-pre-wrap break-words [.text-message+&amp;]:mt-5 juice:w-full juice:items-end overflow-x-auto gap-2\" dir=\"auto\" data-message-author-role=\"assistant\" data-message-id=\"7f182ded-006a-4400-916b-65d51067dc82\">\n<div class=\"flex w-full flex-col gap-1 juice:empty:hidden juice:first:pt-[3px]\">\n<div class=\"markdown prose w-full break-words dark:prose-invert light\">\n<h3>B\u00e9b\u00e9 pouss\u00e9 \u00e0 deux voies - Voyage<\/h3>\n<h4>Caract\u00e9ristiques<\/h4>\n<ol>\n<li><strong>Cadre en alliage d'aluminium<\/strong><br \/>\nL\u00e9ger et compact, il est facile \u00e0 man\u0153uvrer et \u00e0 transporter.<\/li>\n<li><strong>Voiture \u00e0 deux voies<\/strong><br \/>\nLe dossier en carton dur est r\u00e9glable en hauteur et en longueur pour les b\u00e9b\u00e9s en pleine croissance.<\/li>\n<li><strong>Grand espace et coussin de si\u00e8ge confortable<\/strong><br \/>\nOffre beaucoup d'espace et de confort \u00e0 votre b\u00e9b\u00e9.<\/li>\n<li><strong>Hauteur r\u00e9glable de la barre de pouss\u00e9e<\/strong><br \/>\nLa hauteur de la barre de pouss\u00e9e peut \u00eatre r\u00e9gl\u00e9e \u00e0 votre convenance.<\/li>\n<li><strong>Dossier r\u00e9glable<\/strong><br \/>\nLe dossier de la poussette peut \u00eatre r\u00e9gl\u00e9 m\u00e9caniquement entre 98\u00b0 et 175\u00b0 gr\u00e2ce \u00e0 trois vitesses.<\/li>\n<li><strong>Si\u00e8ge en forme d'\u0153uf<\/strong><br \/>\nCon\u00e7u avec un support lat\u00e9ral pour prot\u00e9ger la colonne vert\u00e9brale de votre b\u00e9b\u00e9.<\/li>\n<li><strong>L\u00e9ger<\/strong><br \/>\nPoids net d'environ 8,3 kg.<\/li>\n<li><strong>Tissu amovible<\/strong><br \/>\nTous les tissus peuvent \u00eatre retir\u00e9s pour \u00eatre lav\u00e9s, ce qui garantit la propret\u00e9 et l'hygi\u00e8ne.<\/li>\n<li><strong>Certifications<\/strong><br \/>\nCertification EN1888:2012 et certification CPC pour la s\u00e9curit\u00e9 et la qualit\u00e9.<\/li>\n<\/ol>\n<\/div>\n<\/div>\n<\/div>\n<\/div>\n<p>&nbsp;<\/p>\n<p>&nbsp;<\/p>\n<p>&nbsp;<\/p>\n<p>&nbsp;<\/p>\n<p>&nbsp;<\/p>\n<p>&nbsp;<\/p>","protected":false},"excerpt":{"rendered":"<p>Two Way Push Baby Travel Features Aluminum Alloy Frame Lightweight and compact size, making it easy to maneuver and transport.<\/p>","protected":false},"featured_media":24480,"comment_status":"open","ping_status":"closed","template":"","meta":[],"product_brand":[],"product_cat":[277],"product_tag":[],"class_list":{"0":"post-23767","1":"product","2":"type-product","3":"status-publish","4":"has-post-thumbnail","6":"product_cat-pushchairs-prams","8":"first","9":"instock","10":"sale","11":"shipping-taxable","12":"purchasable","13":"product-type-variable"},"jetpack_sharing_enabled":true,"_links":{"self":[{"href":"https:\/\/pramlux.com\/fr\/wp-json\/wp\/v2\/product\/23767","targetHints":{"allow":["GET"]}}],"collection":[{"href":"https:\/\/pramlux.com\/fr\/wp-json\/wp\/v2\/product"}],"about":[{"href":"https:\/\/pramlux.com\/fr\/wp-json\/wp\/v2\/types\/product"}],"replies":[{"embeddable":true,"href":"https:\/\/pramlux.com\/fr\/wp-json\/wp\/v2\/comments?post=23767"}],"version-history":[{"count":4,"href":"https:\/\/pramlux.com\/fr\/wp-json\/wp\/v2\/product\/23767\/revisions"}],"predecessor-version":[{"id":24673,"href":"https:\/\/pramlux.com\/fr\/wp-json\/wp\/v2\/product\/23767\/revisions\/24673"}],"wp:featuredmedia":[{"embeddable":true,"href":"https:\/\/pramlux.com\/fr\/wp-json\/wp\/v2\/media\/24480"}],"wp:attachment":[{"href":"https:\/\/pramlux.com\/fr\/wp-json\/wp\/v2\/media?parent=23767"}],"wp:term":[{"taxonomy":"product_brand","embeddable":true,"href":"https:\/\/pramlux.com\/fr\/wp-json\/wp\/v2\/product_brand?post=23767"},{"taxonomy":"product_cat","embeddable":true,"href":"https:\/\/pramlux.com\/fr\/wp-json\/wp\/v2\/product_cat?post=23767"},{"taxonomy":"product_tag","embeddable":true,"href":"https:\/\/pramlux.com\/fr\/wp-json\/wp\/v2\/product_tag?post=23767"}],"curies":[{"name":"wp","href":"https:\/\/api.w.org\/{rel}","templated":true}]}}