{"id":23757,"date":"2024-05-25T20:45:14","date_gmt":"2024-05-25T19:45:14","guid":{"rendered":"https:\/\/pramlux.com\/product\/baby-stroller-with-height-adjustable-reversible-seat\/"},"modified":"2024-08-27T14:16:34","modified_gmt":"2024-08-27T13:16:34","slug":"baby-stroller-with-height-adjustable-reversible-seat","status":"publish","type":"product","link":"https:\/\/pramlux.com\/fr\/produit\/baby-stroller-with-height-adjustable-reversible-seat\/","title":{"rendered":"Poussette avec si\u00e8ge r\u00e9versible r\u00e9glable en hauteur"},"content":{"rendered":"<h1>Poussette avec si\u00e8ge r\u00e9versible r\u00e9glable en hauteur<\/h1>\n<h1>Cadre l\u00e9ger en aluminium<\/h1>\n<h3>Si\u00e8ge auto pour b\u00e9b\u00e9 SnugRide 35 Lite Elite<\/h3>\n<p>&nbsp;<\/p>\n<p><strong>Profiter des sourires en face \u00e0 face<\/strong><br \/>\nRelevez le si\u00e8ge Slide2Me ou le si\u00e8ge auto pour b\u00e9b\u00e9 \u00e0 l'une des trois positions de hauteur pour trouver la bonne position au fur et \u00e0 mesure que votre b\u00e9b\u00e9 grandit.<\/p>\n<p><strong>Si\u00e8ge de poussette r\u00e9versible<\/strong><br \/>\nLe si\u00e8ge peut \u00eatre orient\u00e9 vers le parent ou vers le monde, ce qui permet \u00e0 votre b\u00e9b\u00e9 de grandir en toute s\u00e9r\u00e9nit\u00e9.<\/p>\n<p><strong>3 poussettes en 1<\/strong><br \/>\nCette poussette polyvalente sert de porte-si\u00e8ge auto pour b\u00e9b\u00e9, de poussette pour b\u00e9b\u00e9 et de poussette pour tout-petits, vous permettant de vous promener de l'enfance \u00e0 la petite enfance.<\/p>\n<p><strong>Comprend le si\u00e8ge auto pour b\u00e9b\u00e9 Graco SnugRide 35 Lite Elite<\/strong><br \/>\nCe si\u00e8ge auto orient\u00e9 vers l'arri\u00e8re convient aux enfants de 1,8 kg \u00e0 15,9 kg et d'une taille maximale de 0,81 m\u00e8tre, ce qui facilite le passage de la voiture \u00e0 la poussette.<\/p>\n<p><strong>Panier de rangement extra-large extensible<\/strong><br \/>\nIl offre plus de place pour les objets essentiels des parents et de l'enfant, ce qui rend les sorties plus pratiques.<\/p>\n<p>SPECS<\/p>\n<ul>\n<li><strong>Mat\u00e9riau<\/strong>: Cadre l\u00e9ger en aluminium<\/li>\n<li><strong>Configurations de poussettes<\/strong>: 3 en 1 (Si\u00e8ge auto pour b\u00e9b\u00e9, Poussette pour b\u00e9b\u00e9, Poussette pour tout-petits)<\/li>\n<li><strong>Positions en hauteur<\/strong>: 3 (si\u00e8ge Slide2Me ou si\u00e8ge auto pour b\u00e9b\u00e9)<\/li>\n<li><strong>Si\u00e8ge de voiture<\/strong>: Si\u00e8ge auto pour b\u00e9b\u00e9 Graco SnugRide 35 Lite Elite<\/li>\n<li><strong>Gamme de poids<\/strong>: Convient aux nourrissons de 1,8 kg \u00e0 15,9 kg<\/li>\n<li><strong>Limite de hauteur<\/strong>: Jusqu'\u00e0 0,81 m\u00e8tre<\/li>\n<li><strong>Panier de rangement<\/strong>: Extensible et extra-large pour les essentiels des parents et du b\u00e9b\u00e9<\/li>\n<\/ul>\n<p><img decoding=\"async\" style=\"height: auto; width: 100%;\" src=\"https:\/\/pramlux.com\/wp-content\/uploads\/2024\/05\/Sd5f8761b470d48c48418d9012ed9ec3cN.webp\" \/><img decoding=\"async\" style=\"height: auto; width: 100%;\" src=\"https:\/\/pramlux.com\/wp-content\/uploads\/2024\/05\/Sccb3a9a259bc405a8a591d13b6aecf55z.webp\" \/><img decoding=\"async\" style=\"height: auto; width: 100%;\" src=\"https:\/\/pramlux.com\/wp-content\/uploads\/2024\/05\/S3e8a741b24cf4be5987102686bfb23416.webp\" \/><img decoding=\"async\" style=\"height: auto; width: 100%;\" src=\"https:\/\/pramlux.com\/wp-content\/uploads\/2024\/05\/Sdccc4f9d497941ddb3f848e7bf898308W.webp\" \/><img decoding=\"async\" style=\"height: auto; width: 100%;\" src=\"https:\/\/pramlux.com\/wp-content\/uploads\/2024\/05\/S1608626ac70f46d8ae20feb265544aa4w.webp\" \/><img decoding=\"async\" style=\"height: auto; width: 100%;\" src=\"https:\/\/pramlux.com\/wp-content\/uploads\/2024\/05\/S30a949638b054cf7bf081c18793177886.webp\" \/><\/p>","protected":false},"excerpt":{"rendered":"<p>Baby Stroller with Height Adjustable Reversible Seat Lightweight Aluminum Frame SnugRide 35 Lite Elite Infant Car Seat &nbsp; Enjoy face-to-face<\/p>","protected":false},"featured_media":23751,"comment_status":"open","ping_status":"closed","template":"","meta":[],"product_brand":[],"product_cat":[277],"product_tag":[],"class_list":{"0":"post-23757","1":"product","2":"type-product","3":"status-publish","4":"has-post-thumbnail","6":"product_cat-pushchairs-prams","8":"first","9":"instock","10":"sale","11":"shipping-taxable","12":"purchasable","13":"product-type-simple"},"jetpack_sharing_enabled":true,"_links":{"self":[{"href":"https:\/\/pramlux.com\/fr\/wp-json\/wp\/v2\/product\/23757","targetHints":{"allow":["GET"]}}],"collection":[{"href":"https:\/\/pramlux.com\/fr\/wp-json\/wp\/v2\/product"}],"about":[{"href":"https:\/\/pramlux.com\/fr\/wp-json\/wp\/v2\/types\/product"}],"replies":[{"embeddable":true,"href":"https:\/\/pramlux.com\/fr\/wp-json\/wp\/v2\/comments?post=23757"}],"version-history":[{"count":2,"href":"https:\/\/pramlux.com\/fr\/wp-json\/wp\/v2\/product\/23757\/revisions"}],"predecessor-version":[{"id":24489,"href":"https:\/\/pramlux.com\/fr\/wp-json\/wp\/v2\/product\/23757\/revisions\/24489"}],"wp:featuredmedia":[{"embeddable":true,"href":"https:\/\/pramlux.com\/fr\/wp-json\/wp\/v2\/media\/23751"}],"wp:attachment":[{"href":"https:\/\/pramlux.com\/fr\/wp-json\/wp\/v2\/media?parent=23757"}],"wp:term":[{"taxonomy":"product_brand","embeddable":true,"href":"https:\/\/pramlux.com\/fr\/wp-json\/wp\/v2\/product_brand?post=23757"},{"taxonomy":"product_cat","embeddable":true,"href":"https:\/\/pramlux.com\/fr\/wp-json\/wp\/v2\/product_cat?post=23757"},{"taxonomy":"product_tag","embeddable":true,"href":"https:\/\/pramlux.com\/fr\/wp-json\/wp\/v2\/product_tag?post=23757"}],"curies":[{"name":"wp","href":"https:\/\/api.w.org\/{rel}","templated":true}]}}