{"id":23743,"date":"2024-05-25T20:40:21","date_gmt":"2024-05-25T19:40:21","guid":{"rendered":"https:\/\/pramlux.com\/product\/doona-car-seat-stroller-green-all-in-one-travel-system\/"},"modified":"2024-08-29T13:28:33","modified_gmt":"2024-08-29T12:28:33","slug":"doona-car-seat-stroller-green-all-in-one-travel-system","status":"publish","type":"product","link":"https:\/\/pramlux.com\/fr\/produit\/doona-car-seat-stroller-green-all-in-one-travel-system\/","title":{"rendered":"Syst\u00e8me de voyage tout-en-un : Si\u00e8ge auto et poussette - Vert"},"content":{"rendered":"<h1>Syst\u00e8me de voyage tout-en-un : Si\u00e8ge auto et poussette - Vert<\/h1>\n<p><strong>DU SI\u00c8GE AUTO \u00c0 LA POUSSETTE EN QUELQUES SECONDES<\/strong><br \/>\nQue vous fassiez des courses ou que vous voyagiez en voiture, en train ou en avion, Doona est le syst\u00e8me de voyage complet. Passez du si\u00e8ge auto \u00e0 la poussette d'un simple clic, sans d\u00e9ranger votre enfant qui dort.<\/p>\n<p><strong>FACILE \u00c0 UTILISER<\/strong><br \/>\nAvec un guidon r\u00e9glable, des mat\u00e9riaux lavables et un design intuitif, le m\u00e9canisme s\u00e9curis\u00e9 en un seul clic de Doona garantit une installation correcte \u00e0 chaque fois et vous permet d'explorer le monde avec un b\u00e9b\u00e9, en toute libert\u00e9 et flexibilit\u00e9.<\/p>\n<p><strong>SOUTIEN ERGONOMIQUE<\/strong><br \/>\nDoona est con\u00e7u pour assurer un bon soutien du corps de votre b\u00e9b\u00e9. La conception ergonomique presque plate de l'insert pour b\u00e9b\u00e9 Doona renforce le haut et le bas du dos de votre nouveau-n\u00e9 et garantit l'alignement de la nuque et du dos.<\/p>\n<p><strong>SAFE<\/strong><br \/>\nIl comprend une protection contre les chocs lat\u00e9raux \u00e0 3 couches, une technologie anti-rebondissement et un harnais de s\u00e9curit\u00e9 \u00e0 5 points. Il est homologu\u00e9 TUV et FAA pour les voyages en avion, fabriqu\u00e9 avec des mat\u00e9riaux sans danger pour les b\u00e9b\u00e9s, et la capote est d\u00e9perlante avec une protection solaire UPF 50+.<\/p>\n<p><strong>MADE TO LAST<\/strong><br \/>\nDoona est fabriqu\u00e9 \u00e0 partir de polym\u00e8res renforc\u00e9s de fibres de premi\u00e8re qualit\u00e9, d'aluminium inoxydable et de roues durables. C'est le seul si\u00e8ge auto \u00e0 avoir \u00e9t\u00e9 test\u00e9 et certifi\u00e9 comme si\u00e8ge auto orient\u00e9 vers l'arri\u00e8re, comme poussette et comme porte-b\u00e9b\u00e9.<\/p>\n<p><strong>CE QUI EST INCLUS<\/strong><br \/>\nLe si\u00e8ge auto et la poussette Doona comprennent le si\u00e8ge auto Doona, la poussette Doona, l'insert et le support de t\u00eate pour b\u00e9b\u00e9 Doona, le protecteur de si\u00e8ge de v\u00e9hicule Doona et la base de si\u00e8ge auto Doona LATCH.<\/p>\n<p><strong>SPECS<\/strong><\/p>\n<ul>\n<li>Convient de 1,8 kg \u00e0 15,9 kg, max. 0,81 m de hauteur.<\/li>\n<li>Si\u00e8ge auto orient\u00e9 vers l'arri\u00e8re uniquement.<\/li>\n<li>Le si\u00e8ge auto p\u00e8se 7,5 kg, la base 4,7 kg.<\/li>\n<li>Dimensions du produit : Pli\u00e9 : 0,71 x 0,47 x 0,50 m\u00e8tres ; d\u00e9pli\u00e9 : 0,99 x 0,44 x 0,82 m\u00e8tres.<\/li>\n<li>Poids : 7,5 kg.<\/li>\n<\/ul>\n<p><img decoding=\"async\" style=\"height: auto; width: 100%;\" src=\"https:\/\/pramlux.com\/wp-content\/uploads\/2024\/05\/S4b85803f9f99405a9d0cdce8d74b514bp.webp\" \/><img decoding=\"async\" style=\"height: auto; width: 100%;\" src=\"https:\/\/pramlux.com\/wp-content\/uploads\/2024\/05\/S13fd4fc735474eecbc42b1a238dcfde7u.webp\" \/><img decoding=\"async\" style=\"height: auto; width: 100%;\" src=\"https:\/\/pramlux.com\/wp-content\/uploads\/2024\/05\/Sdb93e3ff758b47bfb51b60a5afa3d382C.webp\" \/><img decoding=\"async\" style=\"height: auto; width: 100%;\" src=\"https:\/\/pramlux.com\/wp-content\/uploads\/2024\/05\/S4105fec02e064658abfb24d28d37151bd.webp\" \/><img decoding=\"async\" style=\"height: auto; width: 100%;\" src=\"https:\/\/pramlux.com\/wp-content\/uploads\/2024\/05\/S0b58e631f4e2471792c1fcc7c4be9b34a.webp\" \/><img decoding=\"async\" style=\"height: auto; width: 100%;\" src=\"https:\/\/pramlux.com\/wp-content\/uploads\/2024\/05\/S2ba30c007a88446387ff939551e5f060c.webp\" \/><\/p>","protected":false},"excerpt":{"rendered":"<p>All in One Travel System : Car Seat &amp; Stroller &#8211; Green FROM CAR SEAT TO STROLLER IN SECONDS Whether<\/p>","protected":false},"featured_media":23742,"comment_status":"open","ping_status":"closed","template":"","meta":[],"product_brand":[],"product_cat":[277],"product_tag":[],"class_list":{"0":"post-23743","1":"product","2":"type-product","3":"status-publish","4":"has-post-thumbnail","6":"product_cat-pushchairs-prams","8":"first","9":"instock","10":"sale","11":"shipping-taxable","12":"purchasable","13":"product-type-simple"},"jetpack_sharing_enabled":true,"_links":{"self":[{"href":"https:\/\/pramlux.com\/fr\/wp-json\/wp\/v2\/product\/23743","targetHints":{"allow":["GET"]}}],"collection":[{"href":"https:\/\/pramlux.com\/fr\/wp-json\/wp\/v2\/product"}],"about":[{"href":"https:\/\/pramlux.com\/fr\/wp-json\/wp\/v2\/types\/product"}],"replies":[{"embeddable":true,"href":"https:\/\/pramlux.com\/fr\/wp-json\/wp\/v2\/comments?post=23743"}],"version-history":[{"count":6,"href":"https:\/\/pramlux.com\/fr\/wp-json\/wp\/v2\/product\/23743\/revisions"}],"predecessor-version":[{"id":24687,"href":"https:\/\/pramlux.com\/fr\/wp-json\/wp\/v2\/product\/23743\/revisions\/24687"}],"wp:featuredmedia":[{"embeddable":true,"href":"https:\/\/pramlux.com\/fr\/wp-json\/wp\/v2\/media\/23742"}],"wp:attachment":[{"href":"https:\/\/pramlux.com\/fr\/wp-json\/wp\/v2\/media?parent=23743"}],"wp:term":[{"taxonomy":"product_brand","embeddable":true,"href":"https:\/\/pramlux.com\/fr\/wp-json\/wp\/v2\/product_brand?post=23743"},{"taxonomy":"product_cat","embeddable":true,"href":"https:\/\/pramlux.com\/fr\/wp-json\/wp\/v2\/product_cat?post=23743"},{"taxonomy":"product_tag","embeddable":true,"href":"https:\/\/pramlux.com\/fr\/wp-json\/wp\/v2\/product_tag?post=23743"}],"curies":[{"name":"wp","href":"https:\/\/api.w.org\/{rel}","templated":true}]}}