{"id":23405,"date":"2023-07-23T19:41:28","date_gmt":"2023-07-23T18:41:28","guid":{"rendered":"https:\/\/pramlux.com\/?post_type=product&#038;p=23405"},"modified":"2025-12-28T19:15:09","modified_gmt":"2025-12-28T19:15:09","slug":"babybeat-fetal-doppler-detector-baby-heart-beat-rate-monitor-2","status":"publish","type":"product","link":"https:\/\/pramlux.com\/fr\/produit\/babybeat-fetal-doppler-detector-baby-heart-beat-rate-monitor-2\/","title":{"rendered":"BabyBeat\u2122 D\u00e9tecteur Doppler f\u0153tal Moniteur de rythme cardiaque pour b\u00e9b\u00e9"},"content":{"rendered":"<h1 style=\"text-align: center;\">CONTEC10A Doppler f\u0153tal de poche<\/h1>\n<h2 style=\"text-align: center;\">\u00a0appareil portatif de d\u00e9tection du rythme cardiaque f\u0153tal con\u00e7u avec la technologie Doppler.<\/h2>\n<h3 style=\"text-align: center;\">Ce dispositif innovant offre un moyen simple et pratique de surveiller le rythme cardiaque f\u0153tal, en affichant la valeur mesur\u00e9e du RCF et la forme d'onde sur son \u00e9cran LCD couleur. La conception compacte et magn\u00e9tique de la sonde garantit une utilisation pratique et un aspect esth\u00e9tique.<\/h3>\n<p><img fetchpriority=\"high\" decoding=\"async\" class=\"aligncenter size-full wp-image-23414\" src=\"https:\/\/pramlux.com\/wp-content\/uploads\/2023\/07\/H8abdd6da9f034a54b47e569a122751819.jpg\" alt=\"\" width=\"725\" height=\"422\" srcset=\"https:\/\/pramlux.com\/wp-content\/uploads\/2023\/07\/H8abdd6da9f034a54b47e569a122751819.jpg 725w, https:\/\/pramlux.com\/wp-content\/uploads\/2023\/07\/H8abdd6da9f034a54b47e569a122751819-400x233.jpg 400w, https:\/\/pramlux.com\/wp-content\/uploads\/2023\/07\/H8abdd6da9f034a54b47e569a122751819-60x35.jpg 60w, https:\/\/pramlux.com\/wp-content\/uploads\/2023\/07\/H8abdd6da9f034a54b47e569a122751819-110x64.jpg 110w, https:\/\/pramlux.com\/wp-content\/uploads\/2023\/07\/H8abdd6da9f034a54b47e569a122751819-430x250.jpg 430w, https:\/\/pramlux.com\/wp-content\/uploads\/2023\/07\/H8abdd6da9f034a54b47e569a122751819-700x407.jpg 700w, https:\/\/pramlux.com\/wp-content\/uploads\/2023\/07\/H8abdd6da9f034a54b47e569a122751819-150x87.jpg 150w\" sizes=\"(max-width: 725px) 100vw, 725px\" \/><\/p>\n<p>&nbsp;<\/p>\n<h3>Fonction :<\/h3>\n<ul>\n<li>Fonctionnement convivial pour une utilisation sans faille<\/li>\n<li>\u00c9cran d'affichage couleur avec chiffres clairs et repr\u00e9sentation de la forme d'onde<\/li>\n<li>Indication du niveau de la batterie pour un contr\u00f4le ais\u00e9 de l'\u00e9tat de l'alimentation<\/li>\n<li>Fonction d'arr\u00eat automatique apr\u00e8s 60 secondes d'absence de signal d'entr\u00e9e<\/li>\n<li>Sonde Doppler haute sensibilit\u00e9 permettant d'obtenir des bruits cardiaques f\u0153taux clairs pour les grossesses au-del\u00e0 de 12 semaines.<\/li>\n<li>Deux modes de sortie du son : haut-parleur int\u00e9gr\u00e9 et casque externe, offrant une grande souplesse dans les sc\u00e9narios d'utilisation.<\/li>\n<\/ul>\n<h3>Performance :<\/h3>\n<ul>\n<li>Classification de s\u00e9curit\u00e9 : appareils \u00e0 moteur interne, type CF partie appliqu\u00e9e<\/li>\n<li>\u00c9cran : \u00c9cran LCD de 1,77\u2033 pour une visualisation claire<\/li>\n<li>Plage de mesure et d'affichage du rythme cardiaque : 50 BPM ~ 240 BPM (BPM : battements par minute)<\/li>\n<li>R\u00e9solution pr\u00e9cise : 1 BPM<\/li>\n<li>Pr\u00e9cision : \u00b1 2 BPM pour une surveillance fiable<\/li>\n<li>Tension nominale de fonctionnement : DC3 V<\/li>\n<li>Type de pile : deux piles de 1,5 V (AA LR6) pour la portabilit\u00e9 et l'accessibilit\u00e9<\/li>\n<li>Sonde avec une fr\u00e9quence nominale de 3,0 MHz et une fr\u00e9quence de travail de 3,0 MHz \u00b1 10%<\/li>\n<li>Mesures de s\u00e9curit\u00e9 garanties gr\u00e2ce \u00e0 la pression acoustique de cr\u00eate n\u00e9gative : P_ &lt; 1 MPa, intensit\u00e9 du faisceau de sortie : Iob &lt; 20 mW\/cm2, et l&#039;intensit\u00e9 d\u00e9riv\u00e9e moyenne temporelle de la cr\u00eate spatiale : Ispta &lt; 100 mW\/cm2<\/li>\n<li>Puissance de sortie des ultrasons : P &lt; 20 mW<\/li>\n<li>Mode de fonctionnement : Doppler \u00e0 onde continue pour des lectures pr\u00e9cises<\/li>\n<li>Surface de rayonnement effective du transducteur : \u2264 208 mm2<\/li>\n<\/ul>\n<h3>Accessoires :<\/h3>\n<ul>\n<li>Comprend un manuel d'utilisation complet pour faciliter l'installation et l'utilisation.<\/li>\n<\/ul>\n<h3>Caract\u00e9ristiques physiques :<\/h3>\n<ul>\n<li>Dimensions compactes de 157 mm(L) \u00d7 99 mm(L) \u00d7 27 mm(H)<\/li>\n<li>L\u00e9ger, il p\u00e8se environ 207 g (avec les piles), ce qui garantit sa portabilit\u00e9 et sa facilit\u00e9 d'utilisation.<\/li>\n<\/ul>\n<p><img decoding=\"async\" class=\"aligncenter wp-image-23404 size-full\" src=\"https:\/\/pramlux.com\/wp-content\/uploads\/2023\/07\/A4d3b87c060ad4aecbd6f6e937579c7e9O-1.jpg\" alt=\"\" width=\"800\" height=\"800\" srcset=\"https:\/\/pramlux.com\/wp-content\/uploads\/2023\/07\/A4d3b87c060ad4aecbd6f6e937579c7e9O-1.jpg 800w, https:\/\/pramlux.com\/wp-content\/uploads\/2023\/07\/A4d3b87c060ad4aecbd6f6e937579c7e9O-1-300x300.jpg 300w, https:\/\/pramlux.com\/wp-content\/uploads\/2023\/07\/A4d3b87c060ad4aecbd6f6e937579c7e9O-1-150x150.jpg 150w, https:\/\/pramlux.com\/wp-content\/uploads\/2023\/07\/A4d3b87c060ad4aecbd6f6e937579c7e9O-1-768x768.jpg 768w, https:\/\/pramlux.com\/wp-content\/uploads\/2023\/07\/A4d3b87c060ad4aecbd6f6e937579c7e9O-1-70x70.jpg 70w, https:\/\/pramlux.com\/wp-content\/uploads\/2023\/07\/A4d3b87c060ad4aecbd6f6e937579c7e9O-1-60x60.jpg 60w, https:\/\/pramlux.com\/wp-content\/uploads\/2023\/07\/A4d3b87c060ad4aecbd6f6e937579c7e9O-1-110x110.jpg 110w, https:\/\/pramlux.com\/wp-content\/uploads\/2023\/07\/A4d3b87c060ad4aecbd6f6e937579c7e9O-1-500x500.jpg 500w, https:\/\/pramlux.com\/wp-content\/uploads\/2023\/07\/A4d3b87c060ad4aecbd6f6e937579c7e9O-1-430x430.jpg 430w, https:\/\/pramlux.com\/wp-content\/uploads\/2023\/07\/A4d3b87c060ad4aecbd6f6e937579c7e9O-1-700x700.jpg 700w, https:\/\/pramlux.com\/wp-content\/uploads\/2023\/07\/A4d3b87c060ad4aecbd6f6e937579c7e9O-1-32x32.jpg 32w, https:\/\/pramlux.com\/wp-content\/uploads\/2023\/07\/A4d3b87c060ad4aecbd6f6e937579c7e9O-1-80x80.jpg 80w\" sizes=\"(max-width: 800px) 100vw, 800px\" \/> <img decoding=\"async\" class=\"aligncenter wp-image-23406 size-full\" src=\"https:\/\/pramlux.com\/wp-content\/uploads\/2023\/07\/Sb95c18cc129d4923a7258838c1ee0e7dL-1.jpg\" alt=\"\" width=\"800\" height=\"800\" srcset=\"https:\/\/pramlux.com\/wp-content\/uploads\/2023\/07\/Sb95c18cc129d4923a7258838c1ee0e7dL-1.jpg 800w, https:\/\/pramlux.com\/wp-content\/uploads\/2023\/07\/Sb95c18cc129d4923a7258838c1ee0e7dL-1-300x300.jpg 300w, https:\/\/pramlux.com\/wp-content\/uploads\/2023\/07\/Sb95c18cc129d4923a7258838c1ee0e7dL-1-150x150.jpg 150w, https:\/\/pramlux.com\/wp-content\/uploads\/2023\/07\/Sb95c18cc129d4923a7258838c1ee0e7dL-1-768x768.jpg 768w, https:\/\/pramlux.com\/wp-content\/uploads\/2023\/07\/Sb95c18cc129d4923a7258838c1ee0e7dL-1-70x70.jpg 70w, https:\/\/pramlux.com\/wp-content\/uploads\/2023\/07\/Sb95c18cc129d4923a7258838c1ee0e7dL-1-60x60.jpg 60w, https:\/\/pramlux.com\/wp-content\/uploads\/2023\/07\/Sb95c18cc129d4923a7258838c1ee0e7dL-1-110x110.jpg 110w, https:\/\/pramlux.com\/wp-content\/uploads\/2023\/07\/Sb95c18cc129d4923a7258838c1ee0e7dL-1-500x500.jpg 500w, https:\/\/pramlux.com\/wp-content\/uploads\/2023\/07\/Sb95c18cc129d4923a7258838c1ee0e7dL-1-430x430.jpg 430w, https:\/\/pramlux.com\/wp-content\/uploads\/2023\/07\/Sb95c18cc129d4923a7258838c1ee0e7dL-1-700x700.jpg 700w, https:\/\/pramlux.com\/wp-content\/uploads\/2023\/07\/Sb95c18cc129d4923a7258838c1ee0e7dL-1-32x32.jpg 32w, https:\/\/pramlux.com\/wp-content\/uploads\/2023\/07\/Sb95c18cc129d4923a7258838c1ee0e7dL-1-80x80.jpg 80w\" sizes=\"(max-width: 800px) 100vw, 800px\" \/><\/p>\n<h1><\/h1>\n<p><img decoding=\"async\" class=\"aligncenter\" src=\"https:\/\/pramlux.com\/wp-content\/uploads\/2023\/07\/H61abf5f2d8fe4b5faf137ae310e00b70i.jpg\" \/><img decoding=\"async\" class=\"aligncenter\" src=\"https:\/\/pramlux.com\/wp-content\/uploads\/2023\/07\/Hd312c0ed72a24905a28b99348fd769463.jpg\" \/><img decoding=\"async\" class=\"aligncenter\" src=\"https:\/\/pramlux.com\/wp-content\/uploads\/2023\/07\/H2ddd7fd083a74d1792e42de81373d0318.jpg\" \/><img decoding=\"async\" class=\"aligncenter\" src=\"https:\/\/pramlux.com\/wp-content\/uploads\/2023\/07\/H68aab8e38e144e788c1e510bb330733e8.jpg\" \/><\/p>\n<p>&nbsp;<\/p>\n<p>&nbsp;<\/p>\n<p>&nbsp;<\/p>\n<p>&nbsp;<\/p>\n<p>&nbsp;<\/p>\n<p>&nbsp;<\/p>\n<p>&nbsp;<\/p>","protected":false},"excerpt":{"rendered":"<p>Chaque minute de la maternit\u00e9, surtout la premi\u00e8re, doit \u00eatre ch\u00e9rie ! Commencez \u00e0 tisser des liens avec votre b\u00e9b\u00e9 alors qu'il est encore dans le ventre de sa m\u00e8re. D\u00e9bloquez la capacit\u00e9 de communiquer avec votre b\u00e9b\u00e9 et d'entendre les battements de son c\u0153ur. En une fraction de seconde.<\/p>\n<ul>\n<li>\u00c9couter les battements de c\u0153ur de votre b\u00e9b\u00e9 peut favoriser l'\u00e9tablissement d'un lien fort entre vous et votre enfant.<\/li>\n<li>Entendre les battements de c\u0153ur de votre b\u00e9b\u00e9 peut vous apporter r\u00e9confort et tranquillit\u00e9 d'esprit.<\/li>\n<li>L'utilisation du doppler Lucky Baby \u00e0 la maison peut \u00eatre une exp\u00e9rience vraiment passionnante et agr\u00e9able.<\/li>\n<\/ul>","protected":false},"featured_media":23404,"comment_status":"open","ping_status":"closed","template":"","meta":[],"product_brand":[],"product_cat":[277],"product_tag":[],"class_list":{"0":"post-23405","1":"product","2":"type-product","3":"status-publish","4":"has-post-thumbnail","6":"product_cat-pushchairs-prams","8":"first","9":"instock","10":"shipping-taxable","11":"purchasable","12":"product-type-simple"},"jetpack_sharing_enabled":true,"_links":{"self":[{"href":"https:\/\/pramlux.com\/fr\/wp-json\/wp\/v2\/product\/23405","targetHints":{"allow":["GET"]}}],"collection":[{"href":"https:\/\/pramlux.com\/fr\/wp-json\/wp\/v2\/product"}],"about":[{"href":"https:\/\/pramlux.com\/fr\/wp-json\/wp\/v2\/types\/product"}],"replies":[{"embeddable":true,"href":"https:\/\/pramlux.com\/fr\/wp-json\/wp\/v2\/comments?post=23405"}],"version-history":[{"count":8,"href":"https:\/\/pramlux.com\/fr\/wp-json\/wp\/v2\/product\/23405\/revisions"}],"predecessor-version":[{"id":24870,"href":"https:\/\/pramlux.com\/fr\/wp-json\/wp\/v2\/product\/23405\/revisions\/24870"}],"wp:featuredmedia":[{"embeddable":true,"href":"https:\/\/pramlux.com\/fr\/wp-json\/wp\/v2\/media\/23404"}],"wp:attachment":[{"href":"https:\/\/pramlux.com\/fr\/wp-json\/wp\/v2\/media?parent=23405"}],"wp:term":[{"taxonomy":"product_brand","embeddable":true,"href":"https:\/\/pramlux.com\/fr\/wp-json\/wp\/v2\/product_brand?post=23405"},{"taxonomy":"product_cat","embeddable":true,"href":"https:\/\/pramlux.com\/fr\/wp-json\/wp\/v2\/product_cat?post=23405"},{"taxonomy":"product_tag","embeddable":true,"href":"https:\/\/pramlux.com\/fr\/wp-json\/wp\/v2\/product_tag?post=23405"}],"curies":[{"name":"wp","href":"https:\/\/api.w.org\/{rel}","templated":true}]}}