{"id":23904,"date":"2024-07-28T21:47:33","date_gmt":"2024-07-28T20:47:33","guid":{"rendered":"https:\/\/pramlux.com\/product\/multi-functional-baby-crib-with-foldable-height-adjustment-splicing-portable-and-movable-bedside-swing-cradle-sleeping-bed\/"},"modified":"2025-11-12T15:30:45","modified_gmt":"2025-11-12T15:30:45","slug":"portable-multi-functional-baby-crib-foldable-height-adjustable","status":"publish","type":"product","link":"https:\/\/pramlux.com\/es\/producto\/portable-multi-functional-baby-crib-foldable-height-adjustable\/","title":{"rendered":"Cuna de Beb\u00e9 Port\u00e1til Multi Funcional - Plegable Ajustable en Altura"},"content":{"rendered":"<h1>Cuna de Beb\u00e9 Multi Funcional | Plegable Ajuste de Altura Empalme<\/h1>\n<p>Bienvenido a la soluci\u00f3n definitiva para el sue\u00f1o y el confort de su beb\u00e9. Nuestro <b>Cuna multifuncional<\/b> con <b>Ajuste de altura plegable Empalme<\/b> est\u00e1 dise\u00f1ado para satisfacer todas sus necesidades, proporcionando un columpio port\u00e1til y m\u00f3vil, una cuna y una cama para dormir para su reci\u00e9n nacido hasta los 36 meses.<\/p>\n<h2>Descripci\u00f3n del producto<\/h2>\n<p>Nuestra cuna multifuncional ofrece una comodidad y un confort inigualables tanto para los padres como para los beb\u00e9s. Con su empalme plegable de ajuste de altura, esta cuna garantiza que siempre pueda tener a su beb\u00e9 cerca. La mosquitera de cobertura total proporciona protecci\u00f3n tridimensional, aislando a los mosquitos y asegurando que su beb\u00e9 disfrute de un sue\u00f1o tranquilo y dulce. La cuna est\u00e1 fabricada con materiales respetuosos con la piel para cuidar la delicada piel de su beb\u00e9 y cuenta con una circunferencia de cama transpirable para mayor visibilidad y ventilaci\u00f3n.<\/p>\n<p>La gran cesta de almacenamiento aumenta la comodidad, permiti\u00e9ndote tener a mano los art\u00edculos esenciales del beb\u00e9. El c\u00f3modo colch\u00f3n garantiza que tu beb\u00e9 duerma bien, y las ruedas universales facilitan el desplazamiento de la cuna, para que siempre puedas vigilar a tu peque\u00f1o. Con seis ajustes de marcha, esta cuna crece con tu beb\u00e9, manteniendo la distancia del amor al alcance de la mano.<\/p>\n<h2>Caracter\u00edsticas<\/h2>\n<ul>\n<li><b>Mosquitera integral<\/b>: Proporciona protecci\u00f3n tridimensional, aislando a los mosquitos para un sue\u00f1o tranquilo.<\/li>\n<li><b>Tejido c\u00f3modo<\/b>: Materiales respetuosos con la piel para cuidar la delicada piel de tu beb\u00e9.<\/li>\n<li><b>Circunferencia de la cama transpirable<\/b>: Garantiza una buena ventilaci\u00f3n y visibilidad para controlar los movimientos del beb\u00e9.<\/li>\n<li><b>Cesta de almacenaje grande<\/b>: Almacenamiento pr\u00e1ctico para lo esencial del beb\u00e9.<\/li>\n<li><b>Colch\u00f3n confortable<\/b>: Colch\u00f3n blando para dormir bien.<\/li>\n<li><b>Empujador de rueda universal<\/b>: Hace que la cuna sea port\u00e1til y f\u00e1cil de mover.<\/li>\n<li><b>Ajuste de la sexta marcha<\/b>: Altura ajustable para crecer con tu beb\u00e9.<\/li>\n<\/ul>\n<h2>Especificaciones t\u00e9cnicas<\/h2>\n<ul>\n<li><b>Nombre del producto<\/b>: Cuna de beb\u00e9 multifuncional<\/li>\n<li><b>Edad aplicable<\/b>: 0-36 meses<\/li>\n<li><b>Soporte de carga del producto<\/b>: 50KG+<\/li>\n<li><b>Combinaci\u00f3n de colores de productos<\/b>: Gris\/Verde<\/li>\n<li><b>Tama\u00f1o del producto<\/b>:\n<ul>\n<li>Altura: 71-83 CM \/ 27.95-32.68 in<\/li>\n<li>Anchura: 56 cm<\/li>\n<li>Longitud: 90 cm<\/li>\n<\/ul>\n<\/li>\n<\/ul>\n<h2>El paquete incluye<\/h2>\n<ul>\n<li>1 x Cuna multifuncional<\/li>\n<li>1 x Mosquitera<\/li>\n<li>1 x Colch\u00f3n confortable<\/li>\n<li>1 x Cesta de almacenamiento grande<\/li>\n<li>1 x Manual de instrucciones<\/li>\n<\/ul>\n<h2>\u00bfPor qu\u00e9 elegir nuestra cuna multifuncional?<\/h2>\n<p>Nuestra cuna destaca por su multifuncionalidad, comodidad y confort. Est\u00e1 dise\u00f1ada para adaptarse a las necesidades de su beb\u00e9, desde reci\u00e9n nacido hasta ni\u00f1o peque\u00f1o. La altura ajustable, los materiales transpirables y su f\u00e1cil transporte garantizan que su beb\u00e9 duerma c\u00f3modamente mientras usted est\u00e1 tranquilo. La gran cesta de almacenamiento y la mosquitera a\u00f1aden comodidad y protecci\u00f3n adicionales, lo que la convierte en un complemento perfecto para la habitaci\u00f3n del beb\u00e9.<\/p>\n<p>Invertir en la <b>Cuna multifuncional<\/b> con <b>Ajuste de altura plegable Empalme<\/b> hoy mismo y proporcione a su beb\u00e9 la mejor experiencia de sue\u00f1o posible. \u00a1Haz tu pedido ahora y disfruta de una cuna que crece con tu beb\u00e9!<\/p>\n<p>&nbsp;<\/p>\n<div class=\"detailmodule_html\">\n<div class=\"detail-desc-decorate-richtext\"><img decoding=\"async\" src=\"https:\/\/pramlux.com\/wp-content\/uploads\/2024\/07\/S8138624dbf714316a1ebf7cd87222b7do.webp\" \/><br \/>\n<img decoding=\"async\" src=\"https:\/\/pramlux.com\/wp-content\/uploads\/2024\/07\/S76e573ab709e4d3baf7d5d101c888807M.webp\" \/><br \/>\n<img decoding=\"async\" src=\"https:\/\/pramlux.com\/wp-content\/uploads\/2024\/07\/S0223786397ae41beaac11ccc7c5065908.webp\" \/><br \/>\n<img decoding=\"async\" src=\"https:\/\/pramlux.com\/wp-content\/uploads\/2024\/07\/Safa7dbc135bc4ea180ef0a3b7517d540c.webp\" \/><br \/>\n<img decoding=\"async\" src=\"https:\/\/pramlux.com\/wp-content\/uploads\/2024\/07\/Sa89bd6d746c243eb92ca2eea0d135e087.webp\" \/><br \/>\n<img decoding=\"async\" src=\"https:\/\/pramlux.com\/wp-content\/uploads\/2024\/07\/S3f83c7115fe94440b0357449825ca72cd.webp\" \/><\/div>\n<\/div>\n<p>&nbsp;<\/p>","protected":false},"excerpt":{"rendered":"<div class=\"flex flex-grow flex-col max-w-full\">\n<div class=\"min-h-[20px] text-message flex w-full flex-col items-end gap-2 whitespace-pre-wrap break-words [.text-message+&amp;]:mt-5 overflow-x-auto\" dir=\"auto\" data-message-author-role=\"assistant\" data-message-id=\"843627d0-8d9a-4bc2-aa01-23360554614e\">\n<div class=\"flex w-full flex-col gap-1 empty:hidden first:pt-[3px]\">\n<div class=\"markdown prose w-full break-words dark:prose-invert dark\">\n<p>Cuna de Beb\u00e9 Multi Funcional con Empalme Plegable de Ajuste de Altura, Columpio de Lecho M\u00f3vil Port\u00e1til. Dispone de mosquitera, tejido transpirable y gran cesta de almacenamiento. Adecuada para reci\u00e9n nacidos hasta 36 meses<\/p>\n<\/div>\n<\/div>\n<\/div>\n<\/div>","protected":false},"featured_media":24477,"comment_status":"open","ping_status":"closed","template":"","meta":[],"product_brand":[],"product_cat":[369],"product_tag":[],"class_list":{"0":"post-23904","1":"product","2":"type-product","3":"status-publish","4":"has-post-thumbnail","6":"product_cat-nursery-bedding","8":"first","9":"instock","10":"shipping-taxable","11":"purchasable","12":"product-type-variable"},"jetpack_sharing_enabled":true,"_links":{"self":[{"href":"https:\/\/pramlux.com\/es\/wp-json\/wp\/v2\/product\/23904","targetHints":{"allow":["GET"]}}],"collection":[{"href":"https:\/\/pramlux.com\/es\/wp-json\/wp\/v2\/product"}],"about":[{"href":"https:\/\/pramlux.com\/es\/wp-json\/wp\/v2\/types\/product"}],"replies":[{"embeddable":true,"href":"https:\/\/pramlux.com\/es\/wp-json\/wp\/v2\/comments?post=23904"}],"version-history":[{"count":2,"href":"https:\/\/pramlux.com\/es\/wp-json\/wp\/v2\/product\/23904\/revisions"}],"predecessor-version":[{"id":24417,"href":"https:\/\/pramlux.com\/es\/wp-json\/wp\/v2\/product\/23904\/revisions\/24417"}],"wp:featuredmedia":[{"embeddable":true,"href":"https:\/\/pramlux.com\/es\/wp-json\/wp\/v2\/media\/24477"}],"wp:attachment":[{"href":"https:\/\/pramlux.com\/es\/wp-json\/wp\/v2\/media?parent=23904"}],"wp:term":[{"taxonomy":"product_brand","embeddable":true,"href":"https:\/\/pramlux.com\/es\/wp-json\/wp\/v2\/product_brand?post=23904"},{"taxonomy":"product_cat","embeddable":true,"href":"https:\/\/pramlux.com\/es\/wp-json\/wp\/v2\/product_cat?post=23904"},{"taxonomy":"product_tag","embeddable":true,"href":"https:\/\/pramlux.com\/es\/wp-json\/wp\/v2\/product_tag?post=23904"}],"curies":[{"name":"wp","href":"https:\/\/api.w.org\/{rel}","templated":true}]}}