{"id":23757,"date":"2024-05-25T20:45:14","date_gmt":"2024-05-25T19:45:14","guid":{"rendered":"https:\/\/pramlux.com\/product\/baby-stroller-with-height-adjustable-reversible-seat\/"},"modified":"2024-08-27T14:16:34","modified_gmt":"2024-08-27T13:16:34","slug":"baby-stroller-with-height-adjustable-reversible-seat","status":"publish","type":"product","link":"https:\/\/pramlux.com\/es\/producto\/baby-stroller-with-height-adjustable-reversible-seat\/","title":{"rendered":"Cochecito de beb\u00e9 con asiento reversible ajustable en altura"},"content":{"rendered":"<h1>Cochecito de beb\u00e9 con asiento reversible ajustable en altura<\/h1>\n<h1>Marco de aluminio ligero<\/h1>\n<h3>Silla de auto SnugRide 35 Lite Elite<\/h3>\n<p>&nbsp;<\/p>\n<p><strong>Disfrutar de sonrisas cara a cara<\/strong><br \/>\nLevanta el asiento Slide2Me o la silla de coche infantil a una de las tres posiciones de altura para encontrar el viaje adecuado a medida que tu beb\u00e9 crece.<\/p>\n<p><strong>Asiento de silla de paseo reversible<\/strong><br \/>\nEl asiento puede mirar hacia los padres o hacia el mundo, proporcionando el paseo perfecto a medida que el beb\u00e9 crece.<\/p>\n<p><strong>3 sillas de paseo en 1<\/strong><br \/>\nEsta vers\u00e1til silla de paseo sirve como portabeb\u00e9s, cochecito de beb\u00e9 y silla de paseo para ni\u00f1os peque\u00f1os, permiti\u00e9ndole pasear desde la infancia hasta la ni\u00f1ez.<\/p>\n<p><strong>Incluye la silla de coche infantil SnugRide 35 Lite Elite de Graco<\/strong><br \/>\nEsta silla de auto orientada hacia atr\u00e1s es adecuada para beb\u00e9s de 1,8 kg a 15,9 kg y de hasta 0,81 metros de altura, lo que garantiza una f\u00e1cil transici\u00f3n del coche a la silla de paseo.<\/p>\n<p><strong>Cesta de almacenamiento extragrande extensible<\/strong><br \/>\nOfrece m\u00e1s espacio para los art\u00edculos esenciales de los padres y el beb\u00e9, haciendo que las salidas sean m\u00e1s c\u00f3modas.<\/p>\n<p>ESPECIFICACIONES<\/p>\n<ul>\n<li><strong>Material<\/strong>: Estructura ligera de aluminio<\/li>\n<li><strong>Configuraciones de cochecitos<\/strong>: 3 en 1 (Portabeb\u00e9s, Cochecito y Silla de Paseo)<\/li>\n<li><strong>Posiciones de altura<\/strong>: 3 (silla Slide2Me o silla de coche infantil)<\/li>\n<li><strong>Asiento de coche<\/strong>: Silla de auto SnugRide 35 Lite Elite de Graco<\/li>\n<li><strong>Rango de pesos<\/strong>: Adecuado para beb\u00e9s de 1,8 kg a 15,9 kg<\/li>\n<li><strong>L\u00edmite de altura<\/strong>: Hasta 0,81 metros<\/li>\n<li><strong>Cesta de almacenaje<\/strong>: Ampliable y extragrande para guardar lo esencial de padres y beb\u00e9s<\/li>\n<\/ul>\n<p><img decoding=\"async\" style=\"height: auto; width: 100%;\" src=\"https:\/\/pramlux.com\/wp-content\/uploads\/2024\/05\/Sd5f8761b470d48c48418d9012ed9ec3cN.webp\" \/><img decoding=\"async\" style=\"height: auto; width: 100%;\" src=\"https:\/\/pramlux.com\/wp-content\/uploads\/2024\/05\/Sccb3a9a259bc405a8a591d13b6aecf55z.webp\" \/><img decoding=\"async\" style=\"height: auto; width: 100%;\" src=\"https:\/\/pramlux.com\/wp-content\/uploads\/2024\/05\/S3e8a741b24cf4be5987102686bfb23416.webp\" \/><img decoding=\"async\" style=\"height: auto; width: 100%;\" src=\"https:\/\/pramlux.com\/wp-content\/uploads\/2024\/05\/Sdccc4f9d497941ddb3f848e7bf898308W.webp\" \/><img decoding=\"async\" style=\"height: auto; width: 100%;\" src=\"https:\/\/pramlux.com\/wp-content\/uploads\/2024\/05\/S1608626ac70f46d8ae20feb265544aa4w.webp\" \/><img decoding=\"async\" style=\"height: auto; width: 100%;\" src=\"https:\/\/pramlux.com\/wp-content\/uploads\/2024\/05\/S30a949638b054cf7bf081c18793177886.webp\" \/><\/p>","protected":false},"excerpt":{"rendered":"<p>Baby Stroller with Height Adjustable Reversible Seat Lightweight Aluminum Frame SnugRide 35 Lite Elite Infant Car Seat &nbsp; Enjoy face-to-face<\/p>","protected":false},"featured_media":23751,"comment_status":"open","ping_status":"closed","template":"","meta":[],"product_brand":[],"product_cat":[277],"product_tag":[],"class_list":{"0":"post-23757","1":"product","2":"type-product","3":"status-publish","4":"has-post-thumbnail","6":"product_cat-pushchairs-prams","8":"first","9":"instock","10":"sale","11":"shipping-taxable","12":"purchasable","13":"product-type-simple"},"jetpack_sharing_enabled":true,"_links":{"self":[{"href":"https:\/\/pramlux.com\/es\/wp-json\/wp\/v2\/product\/23757","targetHints":{"allow":["GET"]}}],"collection":[{"href":"https:\/\/pramlux.com\/es\/wp-json\/wp\/v2\/product"}],"about":[{"href":"https:\/\/pramlux.com\/es\/wp-json\/wp\/v2\/types\/product"}],"replies":[{"embeddable":true,"href":"https:\/\/pramlux.com\/es\/wp-json\/wp\/v2\/comments?post=23757"}],"version-history":[{"count":2,"href":"https:\/\/pramlux.com\/es\/wp-json\/wp\/v2\/product\/23757\/revisions"}],"predecessor-version":[{"id":24489,"href":"https:\/\/pramlux.com\/es\/wp-json\/wp\/v2\/product\/23757\/revisions\/24489"}],"wp:featuredmedia":[{"embeddable":true,"href":"https:\/\/pramlux.com\/es\/wp-json\/wp\/v2\/media\/23751"}],"wp:attachment":[{"href":"https:\/\/pramlux.com\/es\/wp-json\/wp\/v2\/media?parent=23757"}],"wp:term":[{"taxonomy":"product_brand","embeddable":true,"href":"https:\/\/pramlux.com\/es\/wp-json\/wp\/v2\/product_brand?post=23757"},{"taxonomy":"product_cat","embeddable":true,"href":"https:\/\/pramlux.com\/es\/wp-json\/wp\/v2\/product_cat?post=23757"},{"taxonomy":"product_tag","embeddable":true,"href":"https:\/\/pramlux.com\/es\/wp-json\/wp\/v2\/product_tag?post=23757"}],"curies":[{"name":"wp","href":"https:\/\/api.w.org\/{rel}","templated":true}]}}