{"id":23743,"date":"2024-05-25T20:40:21","date_gmt":"2024-05-25T19:40:21","guid":{"rendered":"https:\/\/pramlux.com\/product\/doona-car-seat-stroller-green-all-in-one-travel-system\/"},"modified":"2024-08-29T13:28:33","modified_gmt":"2024-08-29T12:28:33","slug":"doona-car-seat-stroller-green-all-in-one-travel-system","status":"publish","type":"product","link":"https:\/\/pramlux.com\/es\/producto\/doona-car-seat-stroller-green-all-in-one-travel-system\/","title":{"rendered":"Sistema de Viaje Todo en Uno : Silla de Auto y Cochecito - Verde"},"content":{"rendered":"<h1>Sistema de Viaje Todo en Uno : Silla de Auto y Cochecito - Verde<\/h1>\n<p><strong>DE SILLA DE COCHE A COCHECITO EN SEGUNDOS<\/strong><br \/>\nTanto si hace recados como si viaja en coche, tren o avi\u00f3n, Doona es el sistema de viaje completo. Pasa del asiento del coche a la silla de paseo con solo pulsar un bot\u00f3n, sin molestar a tu hijo dormido.<\/p>\n<p><strong>F\u00c1CIL DE USAR<\/strong><br \/>\nCon un manillar ajustable, materiales lavables y un dise\u00f1o intuitivo, el mecanismo seguro de un solo clic de Doona garantiza una instalaci\u00f3n correcta en todo momento y le permite explorar el mundo con un beb\u00e9, con libertad y flexibilidad.<\/p>\n<p><strong>SOPORTE ERGON\u00d3MICO<\/strong><br \/>\nDoona est\u00e1 dise\u00f1ado para asegurar que el cuerpo de tu beb\u00e9 est\u00e9 correctamente apoyado. El dise\u00f1o ergon\u00f3mico casi plano del Doona Infant Insert estimula la parte superior e inferior de la espalda del reci\u00e9n nacido y garantiza la alineaci\u00f3n del cuello y la espalda.<\/p>\n<p><strong>SEGURO<\/strong><br \/>\nIncluye protecci\u00f3n contra impactos laterales de 3 capas, tecnolog\u00eda antichoque con barra antirrebote y arn\u00e9s de seguridad de 5 puntos. Est\u00e1 homologada por TUV y la FAA para viajes en avi\u00f3n, fabricada con materiales seguros para beb\u00e9s, y la capota es repelente al agua con protecci\u00f3n solar UPF 50+.<\/p>\n<p><strong>HECHO PARA DURAR<\/strong><br \/>\nDoona est\u00e1 fabricada con pol\u00edmeros reforzados con fibra de primera calidad, aluminio inoxidable y ruedas duraderas. Es la \u00fanica silla de auto que ha sido probada y certificada como silla de auto orientada hacia atr\u00e1s, silla de paseo y portabeb\u00e9s.<\/p>\n<p><strong>QU\u00c9 INCLUYE<\/strong><br \/>\nLa silla de coche y cochecito Doona incluye la silla de coche Doona, el cochecito Doona, el coj\u00edn y soporte para la cabeza Doona, el protector del asiento Doona y la base LATCH Doona.<\/p>\n<p><strong>ESPECIFICACIONES<\/strong><\/p>\n<ul>\n<li>Adecuado de 1,8 kg a 15,9 kg, m\u00e1x. 0,81 m de altura.<\/li>\n<li>Silla de auto orientada s\u00f3lo hacia atr\u00e1s.<\/li>\n<li>La silla de auto pesa 7,5 kg, la base pesa 4,7 kg.<\/li>\n<li>Dimensiones del producto: Plegado: 0,71 x 0,47 x 0,50 metros; Desplegado: 0,99 x 0,44 x 0,82 metros.<\/li>\n<li>Peso: 7,5 kg.<\/li>\n<\/ul>\n<p><img decoding=\"async\" style=\"height: auto; width: 100%;\" src=\"https:\/\/pramlux.com\/wp-content\/uploads\/2024\/05\/S4b85803f9f99405a9d0cdce8d74b514bp.webp\" \/><img decoding=\"async\" style=\"height: auto; width: 100%;\" src=\"https:\/\/pramlux.com\/wp-content\/uploads\/2024\/05\/S13fd4fc735474eecbc42b1a238dcfde7u.webp\" \/><img decoding=\"async\" style=\"height: auto; width: 100%;\" src=\"https:\/\/pramlux.com\/wp-content\/uploads\/2024\/05\/Sdb93e3ff758b47bfb51b60a5afa3d382C.webp\" \/><img decoding=\"async\" style=\"height: auto; width: 100%;\" src=\"https:\/\/pramlux.com\/wp-content\/uploads\/2024\/05\/S4105fec02e064658abfb24d28d37151bd.webp\" \/><img decoding=\"async\" style=\"height: auto; width: 100%;\" src=\"https:\/\/pramlux.com\/wp-content\/uploads\/2024\/05\/S0b58e631f4e2471792c1fcc7c4be9b34a.webp\" \/><img decoding=\"async\" style=\"height: auto; width: 100%;\" src=\"https:\/\/pramlux.com\/wp-content\/uploads\/2024\/05\/S2ba30c007a88446387ff939551e5f060c.webp\" \/><\/p>","protected":false},"excerpt":{"rendered":"<p>All in One Travel System : Car Seat &amp; Stroller &#8211; Green FROM CAR SEAT TO STROLLER IN SECONDS Whether<\/p>","protected":false},"featured_media":23742,"comment_status":"open","ping_status":"closed","template":"","meta":[],"product_brand":[],"product_cat":[277],"product_tag":[],"class_list":{"0":"post-23743","1":"product","2":"type-product","3":"status-publish","4":"has-post-thumbnail","6":"product_cat-pushchairs-prams","8":"first","9":"instock","10":"sale","11":"shipping-taxable","12":"purchasable","13":"product-type-simple"},"jetpack_sharing_enabled":true,"_links":{"self":[{"href":"https:\/\/pramlux.com\/es\/wp-json\/wp\/v2\/product\/23743","targetHints":{"allow":["GET"]}}],"collection":[{"href":"https:\/\/pramlux.com\/es\/wp-json\/wp\/v2\/product"}],"about":[{"href":"https:\/\/pramlux.com\/es\/wp-json\/wp\/v2\/types\/product"}],"replies":[{"embeddable":true,"href":"https:\/\/pramlux.com\/es\/wp-json\/wp\/v2\/comments?post=23743"}],"version-history":[{"count":6,"href":"https:\/\/pramlux.com\/es\/wp-json\/wp\/v2\/product\/23743\/revisions"}],"predecessor-version":[{"id":24687,"href":"https:\/\/pramlux.com\/es\/wp-json\/wp\/v2\/product\/23743\/revisions\/24687"}],"wp:featuredmedia":[{"embeddable":true,"href":"https:\/\/pramlux.com\/es\/wp-json\/wp\/v2\/media\/23742"}],"wp:attachment":[{"href":"https:\/\/pramlux.com\/es\/wp-json\/wp\/v2\/media?parent=23743"}],"wp:term":[{"taxonomy":"product_brand","embeddable":true,"href":"https:\/\/pramlux.com\/es\/wp-json\/wp\/v2\/product_brand?post=23743"},{"taxonomy":"product_cat","embeddable":true,"href":"https:\/\/pramlux.com\/es\/wp-json\/wp\/v2\/product_cat?post=23743"},{"taxonomy":"product_tag","embeddable":true,"href":"https:\/\/pramlux.com\/es\/wp-json\/wp\/v2\/product_tag?post=23743"}],"curies":[{"name":"wp","href":"https:\/\/api.w.org\/{rel}","templated":true}]}}