{"id":23405,"date":"2023-07-23T19:41:28","date_gmt":"2023-07-23T18:41:28","guid":{"rendered":"https:\/\/pramlux.com\/?post_type=product&#038;p=23405"},"modified":"2025-12-28T19:15:09","modified_gmt":"2025-12-28T19:15:09","slug":"babybeat-fetal-doppler-detector-baby-heart-beat-rate-monitor-2","status":"publish","type":"product","link":"https:\/\/pramlux.com\/es\/producto\/babybeat-fetal-doppler-detector-baby-heart-beat-rate-monitor-2\/","title":{"rendered":"BabyBeat\u2122 Detector Doppler Fetal Monitor de frecuencia cardiaca del beb\u00e9"},"content":{"rendered":"<h1 style=\"text-align: center;\">CONTEC10A Doppler fetal de bolsillo<\/h1>\n<h2 style=\"text-align: center;\">\u00a0Dispositivo port\u00e1til de detecci\u00f3n de la frecuencia cardiaca fetal dise\u00f1ado con tecnolog\u00eda Doppler.<\/h2>\n<h3 style=\"text-align: center;\">Este innovador dispositivo proporciona una forma f\u00e1cil y c\u00f3moda de monitorizar la frecuencia cardiaca fetal, mostrando el valor de FCF medido y la forma de onda en su pantalla LCD en color. El dise\u00f1o compacto y magn\u00e9tico de la sonda garantiza un uso c\u00f3modo y un aspecto atractivo.<\/h3>\n<p><img fetchpriority=\"high\" decoding=\"async\" class=\"aligncenter size-full wp-image-23414\" src=\"https:\/\/pramlux.com\/wp-content\/uploads\/2023\/07\/H8abdd6da9f034a54b47e569a122751819.jpg\" alt=\"\" width=\"725\" height=\"422\" srcset=\"https:\/\/pramlux.com\/wp-content\/uploads\/2023\/07\/H8abdd6da9f034a54b47e569a122751819.jpg 725w, https:\/\/pramlux.com\/wp-content\/uploads\/2023\/07\/H8abdd6da9f034a54b47e569a122751819-400x233.jpg 400w, https:\/\/pramlux.com\/wp-content\/uploads\/2023\/07\/H8abdd6da9f034a54b47e569a122751819-60x35.jpg 60w, https:\/\/pramlux.com\/wp-content\/uploads\/2023\/07\/H8abdd6da9f034a54b47e569a122751819-110x64.jpg 110w, https:\/\/pramlux.com\/wp-content\/uploads\/2023\/07\/H8abdd6da9f034a54b47e569a122751819-430x250.jpg 430w, https:\/\/pramlux.com\/wp-content\/uploads\/2023\/07\/H8abdd6da9f034a54b47e569a122751819-700x407.jpg 700w, https:\/\/pramlux.com\/wp-content\/uploads\/2023\/07\/H8abdd6da9f034a54b47e569a122751819-150x87.jpg 150w\" sizes=\"(max-width: 725px) 100vw, 725px\" \/><\/p>\n<p>&nbsp;<\/p>\n<h3>Funci\u00f3n:<\/h3>\n<ul>\n<li>Funcionamiento sencillo para un uso sin problemas<\/li>\n<li>Pantalla en color con d\u00edgitos claros y representaci\u00f3n de la forma de onda<\/li>\n<li>Indicaci\u00f3n del nivel de carga de la bater\u00eda para controlar f\u00e1cilmente el estado de la alimentaci\u00f3n<\/li>\n<li>Funci\u00f3n de apagado autom\u00e1tico tras 60 segundos sin entrada de se\u00f1al<\/li>\n<li>Sonda Doppler de alta sensibilidad que permite obtener sonidos card\u00edacos fetales n\u00edtidos en embarazos de m\u00e1s de 12 semanas.<\/li>\n<li>Dos modos de salida de sonido: altavoz integrado y auriculares externos, que ofrecen flexibilidad en los escenarios de uso.<\/li>\n<\/ul>\n<h3>Rendimiento:<\/h3>\n<ul>\n<li>Clasificaci\u00f3n de seguridad: equipo accionado internamente, pieza aplicada de tipo CF<\/li>\n<li>Pantalla: Pantalla LCD de 1,77\u2033 para una visualizaci\u00f3n clara.<\/li>\n<li>Rango de medici\u00f3n y visualizaci\u00f3n de la FCF 50 BPM ~ 240 BPM (BPM: pulsaciones por minuto)<\/li>\n<li>Resoluci\u00f3n precisa: 1 BPM<\/li>\n<li>Precisi\u00f3n: \u00b1 2 BPM para un control fiable<\/li>\n<li>Tensi\u00f3n nominal de trabajo: DC3 V<\/li>\n<li>Tipo de pilas: dos pilas de 1,5 V (AA LR6) para mayor portabilidad y accesibilidad<\/li>\n<li>Sonda con una frecuencia nominal de 3,0 MHz y una frecuencia de trabajo de 3,0 MHz \u00b1 10%<\/li>\n<li>Medidas de seguridad garantizadas con Presi\u00f3n ac\u00fastica m\u00e1xima negativa: P_ &lt; 1 MPa, Intensidad del haz de salida: Iob &lt; 20 mW\/cm2, e Intensidad derivada de pico espacial y media temporal: Ispta &lt; 100 mW\/cm2<\/li>\n<li>Potencia de salida ultras\u00f3nica: P &lt; 20 mW<\/li>\n<li>Modo de trabajo: Doppler de onda continua para lecturas precisas<\/li>\n<li>\u00c1rea efectiva de radiaci\u00f3n del transductor: \u2264 208 mm2<\/li>\n<\/ul>\n<h3>Accesorios:<\/h3>\n<ul>\n<li>Incluye un completo manual de usuario para facilitar la configuraci\u00f3n y el uso.<\/li>\n<\/ul>\n<h3>Caracter\u00edsticas f\u00edsicas:<\/h3>\n<ul>\n<li>Dimensiones compactas de 157 mm (largo) \u00d7 99 mm (ancho) \u00d7 27 mm (alto)<\/li>\n<li>Dise\u00f1o ligero, con un peso aproximado de 207 g (con pilas), que garantiza su portabilidad y facilidad de manejo.<\/li>\n<\/ul>\n<p><img decoding=\"async\" class=\"aligncenter wp-image-23404 size-full\" src=\"https:\/\/pramlux.com\/wp-content\/uploads\/2023\/07\/A4d3b87c060ad4aecbd6f6e937579c7e9O-1.jpg\" alt=\"\" width=\"800\" height=\"800\" srcset=\"https:\/\/pramlux.com\/wp-content\/uploads\/2023\/07\/A4d3b87c060ad4aecbd6f6e937579c7e9O-1.jpg 800w, https:\/\/pramlux.com\/wp-content\/uploads\/2023\/07\/A4d3b87c060ad4aecbd6f6e937579c7e9O-1-300x300.jpg 300w, https:\/\/pramlux.com\/wp-content\/uploads\/2023\/07\/A4d3b87c060ad4aecbd6f6e937579c7e9O-1-150x150.jpg 150w, https:\/\/pramlux.com\/wp-content\/uploads\/2023\/07\/A4d3b87c060ad4aecbd6f6e937579c7e9O-1-768x768.jpg 768w, https:\/\/pramlux.com\/wp-content\/uploads\/2023\/07\/A4d3b87c060ad4aecbd6f6e937579c7e9O-1-70x70.jpg 70w, https:\/\/pramlux.com\/wp-content\/uploads\/2023\/07\/A4d3b87c060ad4aecbd6f6e937579c7e9O-1-60x60.jpg 60w, https:\/\/pramlux.com\/wp-content\/uploads\/2023\/07\/A4d3b87c060ad4aecbd6f6e937579c7e9O-1-110x110.jpg 110w, https:\/\/pramlux.com\/wp-content\/uploads\/2023\/07\/A4d3b87c060ad4aecbd6f6e937579c7e9O-1-500x500.jpg 500w, https:\/\/pramlux.com\/wp-content\/uploads\/2023\/07\/A4d3b87c060ad4aecbd6f6e937579c7e9O-1-430x430.jpg 430w, https:\/\/pramlux.com\/wp-content\/uploads\/2023\/07\/A4d3b87c060ad4aecbd6f6e937579c7e9O-1-700x700.jpg 700w, https:\/\/pramlux.com\/wp-content\/uploads\/2023\/07\/A4d3b87c060ad4aecbd6f6e937579c7e9O-1-32x32.jpg 32w, https:\/\/pramlux.com\/wp-content\/uploads\/2023\/07\/A4d3b87c060ad4aecbd6f6e937579c7e9O-1-80x80.jpg 80w\" sizes=\"(max-width: 800px) 100vw, 800px\" \/> <img decoding=\"async\" class=\"aligncenter wp-image-23406 size-full\" src=\"https:\/\/pramlux.com\/wp-content\/uploads\/2023\/07\/Sb95c18cc129d4923a7258838c1ee0e7dL-1.jpg\" alt=\"\" width=\"800\" height=\"800\" srcset=\"https:\/\/pramlux.com\/wp-content\/uploads\/2023\/07\/Sb95c18cc129d4923a7258838c1ee0e7dL-1.jpg 800w, https:\/\/pramlux.com\/wp-content\/uploads\/2023\/07\/Sb95c18cc129d4923a7258838c1ee0e7dL-1-300x300.jpg 300w, https:\/\/pramlux.com\/wp-content\/uploads\/2023\/07\/Sb95c18cc129d4923a7258838c1ee0e7dL-1-150x150.jpg 150w, https:\/\/pramlux.com\/wp-content\/uploads\/2023\/07\/Sb95c18cc129d4923a7258838c1ee0e7dL-1-768x768.jpg 768w, https:\/\/pramlux.com\/wp-content\/uploads\/2023\/07\/Sb95c18cc129d4923a7258838c1ee0e7dL-1-70x70.jpg 70w, https:\/\/pramlux.com\/wp-content\/uploads\/2023\/07\/Sb95c18cc129d4923a7258838c1ee0e7dL-1-60x60.jpg 60w, https:\/\/pramlux.com\/wp-content\/uploads\/2023\/07\/Sb95c18cc129d4923a7258838c1ee0e7dL-1-110x110.jpg 110w, https:\/\/pramlux.com\/wp-content\/uploads\/2023\/07\/Sb95c18cc129d4923a7258838c1ee0e7dL-1-500x500.jpg 500w, https:\/\/pramlux.com\/wp-content\/uploads\/2023\/07\/Sb95c18cc129d4923a7258838c1ee0e7dL-1-430x430.jpg 430w, https:\/\/pramlux.com\/wp-content\/uploads\/2023\/07\/Sb95c18cc129d4923a7258838c1ee0e7dL-1-700x700.jpg 700w, https:\/\/pramlux.com\/wp-content\/uploads\/2023\/07\/Sb95c18cc129d4923a7258838c1ee0e7dL-1-32x32.jpg 32w, https:\/\/pramlux.com\/wp-content\/uploads\/2023\/07\/Sb95c18cc129d4923a7258838c1ee0e7dL-1-80x80.jpg 80w\" sizes=\"(max-width: 800px) 100vw, 800px\" \/><\/p>\n<h1><\/h1>\n<p><img decoding=\"async\" class=\"aligncenter\" src=\"https:\/\/pramlux.com\/wp-content\/uploads\/2023\/07\/H61abf5f2d8fe4b5faf137ae310e00b70i.jpg\" \/><img decoding=\"async\" class=\"aligncenter\" src=\"https:\/\/pramlux.com\/wp-content\/uploads\/2023\/07\/Hd312c0ed72a24905a28b99348fd769463.jpg\" \/><img decoding=\"async\" class=\"aligncenter\" src=\"https:\/\/pramlux.com\/wp-content\/uploads\/2023\/07\/H2ddd7fd083a74d1792e42de81373d0318.jpg\" \/><img decoding=\"async\" class=\"aligncenter\" src=\"https:\/\/pramlux.com\/wp-content\/uploads\/2023\/07\/H68aab8e38e144e788c1e510bb330733e8.jpg\" \/><\/p>\n<p>&nbsp;<\/p>\n<p>&nbsp;<\/p>\n<p>&nbsp;<\/p>\n<p>&nbsp;<\/p>\n<p>&nbsp;<\/p>\n<p>&nbsp;<\/p>\n<p>&nbsp;<\/p>","protected":false},"excerpt":{"rendered":"<p>Cada minuto de maternidad, sobre todo el primero, debe atesorarse. Empieza a establecer v\u00ednculos con tu beb\u00e9 mientras a\u00fan est\u00e1 en el \u00fatero. Desbloquea la capacidad de comunicarte con tu beb\u00e9 y escuchar los latidos de su coraz\u00f3n. En una fracci\u00f3n de segundo.<\/p>\n<ul>\n<li>Escuchar los latidos del coraz\u00f3n de su beb\u00e9 puede fomentar un fuerte v\u00ednculo entre usted y su hijo.<\/li>\n<li>O\u00edr los latidos del coraz\u00f3n de tu beb\u00e9 puede reconfortarte y tranquilizarte.<\/li>\n<li>Utilizar el Doppler Lucky Baby en casa puede ser una experiencia realmente emocionante y placentera.<\/li>\n<\/ul>","protected":false},"featured_media":23404,"comment_status":"open","ping_status":"closed","template":"","meta":[],"product_brand":[],"product_cat":[277],"product_tag":[],"class_list":{"0":"post-23405","1":"product","2":"type-product","3":"status-publish","4":"has-post-thumbnail","6":"product_cat-pushchairs-prams","8":"first","9":"instock","10":"shipping-taxable","11":"purchasable","12":"product-type-simple"},"jetpack_sharing_enabled":true,"_links":{"self":[{"href":"https:\/\/pramlux.com\/es\/wp-json\/wp\/v2\/product\/23405","targetHints":{"allow":["GET"]}}],"collection":[{"href":"https:\/\/pramlux.com\/es\/wp-json\/wp\/v2\/product"}],"about":[{"href":"https:\/\/pramlux.com\/es\/wp-json\/wp\/v2\/types\/product"}],"replies":[{"embeddable":true,"href":"https:\/\/pramlux.com\/es\/wp-json\/wp\/v2\/comments?post=23405"}],"version-history":[{"count":8,"href":"https:\/\/pramlux.com\/es\/wp-json\/wp\/v2\/product\/23405\/revisions"}],"predecessor-version":[{"id":24870,"href":"https:\/\/pramlux.com\/es\/wp-json\/wp\/v2\/product\/23405\/revisions\/24870"}],"wp:featuredmedia":[{"embeddable":true,"href":"https:\/\/pramlux.com\/es\/wp-json\/wp\/v2\/media\/23404"}],"wp:attachment":[{"href":"https:\/\/pramlux.com\/es\/wp-json\/wp\/v2\/media?parent=23405"}],"wp:term":[{"taxonomy":"product_brand","embeddable":true,"href":"https:\/\/pramlux.com\/es\/wp-json\/wp\/v2\/product_brand?post=23405"},{"taxonomy":"product_cat","embeddable":true,"href":"https:\/\/pramlux.com\/es\/wp-json\/wp\/v2\/product_cat?post=23405"},{"taxonomy":"product_tag","embeddable":true,"href":"https:\/\/pramlux.com\/es\/wp-json\/wp\/v2\/product_tag?post=23405"}],"curies":[{"name":"wp","href":"https:\/\/api.w.org\/{rel}","templated":true}]}}