{"id":5011,"date":"2022-06-27T16:30:31","date_gmt":"2022-06-27T15:30:31","guid":{"rendered":"https:\/\/uk.brotsy.com\/?page_id=5011"},"modified":"2025-04-05T06:59:38","modified_gmt":"2025-04-05T05:59:38","slug":"cookie-policy","status":"publish","type":"page","link":"https:\/\/pramlux.com\/es\/cookie-policy\/","title":{"rendered":"Pol\u00edtica de cookies"},"content":{"rendered":"<p><strong>\u00bfQu\u00e9 son las cookies?<\/strong><\/p>\n\n\n\n<p>Las cookies son peque\u00f1os archivos de texto que los sitios web almacenan en su ordenador o dispositivo m\u00f3vil cuando los visita. Nuestro sitio y nuestros socios publicitarios utilizan cookies para mejorar su experiencia de navegaci\u00f3n, analizar el tr\u00e1fico del sitio web, personalizar el contenido publicitario y medir la eficacia de la publicidad.<\/p>\n\n\n\n<p><strong>Gesti\u00f3n de sus preferencias de cookies<\/strong><\/p>\n\n\n\n<p>Usted tiene el poder de controlar las cookies almacenadas en su dispositivo. Puede restringir o bloquear las cookies ajustando la configuraci\u00f3n de su navegador. El m\u00e9todo para gestionar las cookies var\u00eda en funci\u00f3n de su navegador. Consulte la documentaci\u00f3n de ayuda de su navegador para obtener instrucciones espec\u00edficas.<\/p>\n\n\n\n<p>Tenga en cuenta que si desactiva determinadas cookies, es posible que algunas funciones de nuestro sitio web no funcionen correctamente y que su experiencia de navegaci\u00f3n se vea afectada.<\/p>\n\n\n\n<p><strong>Instrucciones detalladas sobre la gesti\u00f3n de cookies<\/strong><\/p>\n\n\n\n<p>Si desea instrucciones completas y espec\u00edficas para su navegador sobre c\u00f3mo gestionar las cookies, consulte la gu\u00eda facilitada por la Oficina del Comisario de Informaci\u00f3n (ICO). <em>(Tenga en cuenta que no somos responsables del contenido de sitios web externos).<\/em> El ICO ofrece informaci\u00f3n detallada sobre la gesti\u00f3n de cookies en distintos navegadores: <a href=\"https:\/\/ico.org.uk\/your-data-matters\/online\/cookies\/\">https:\/\/ico.org.uk\/your-data-matters\/online\/cookies\/<\/a><\/p>\n\n\n\n<p>Muchos navegadores tambi\u00e9n ofrecen un modo de \"navegaci\u00f3n privada\" que impide el almacenamiento de cookies y del historial de navegaci\u00f3n durante la sesi\u00f3n. Las cookies creadas durante una sesi\u00f3n de navegaci\u00f3n privada suelen eliminarse al cerrar todas las ventanas del navegador.<\/p>\n\n\n\n<p><strong>Exclusi\u00f3n de Google Analytics<\/strong><\/p>\n\n\n\n<p>Puede evitar que Google Analytics rastree su actividad en todos los sitios web instalando el complemento de inhabilitaci\u00f3n para navegadores de Google Analytics. <em>(Tenga en cuenta que no somos responsables del contenido de sitios web externos).<\/em> Este complemento est\u00e1 disponible para varios navegadores y puede descargarse aqu\u00ed: <a href=\"https:\/\/tools.google.com\/dlpage\/gaoptout\">https:\/\/tools.google.com\/dlpage\/gaoptout<\/a><\/p>\n\n\n\n<p><strong>Tipos de cookies utilizadas en nuestro sitio web<\/strong><\/p>\n\n\n\n<p>Utilizamos las siguientes categor\u00edas de cookies:<\/p>\n\n\n\n<ul class=\"wp-block-list\">\n<li><strong>Cookies de origen:<\/strong> Estas cookies son instaladas por nuestro sitio web (pramlux.com) y se utilizan principalmente para recordar sus preferencias, como los art\u00edculos de su cesta de la compra o su moneda preferida.<\/li>\n\n\n\n<li><strong>Cookies de terceros:<\/strong> Estas cookies son instaladas por un dominio distinto de nuestro sitio web y se utilizan normalmente con fines publicitarios, anal\u00edticos y de seguimiento entre sitios web.<\/li>\n\n\n\n<li><strong>Cookies de sesi\u00f3n:<\/strong> Se trata de cookies temporales que caducan y se eliminan autom\u00e1ticamente al cerrar el navegador.<\/li>\n\n\n\n<li><strong>Cookies persistentes:<\/strong> Estas cookies permanecen en su dispositivo durante un periodo determinado o hasta que usted las elimina manualmente.<\/li>\n<\/ul>\n\n\n\n<p><strong>Cookies espec\u00edficas utilizadas en nuestro sitio web<\/strong><\/p>\n\n\n\n<p>La siguiente tabla proporciona informaci\u00f3n detallada sobre las cookies utilizadas en nuestro sitio web, incluida su finalidad y proveedor:<\/p>\n\n\n\n<figure class=\"wp-block-table\"><table class=\"has-fixed-layout\"><thead><tr><th>Nombre de la cookie<\/th><th>Proveedor<\/th><th>Tipo<\/th><th>Prop\u00f3sito<\/th><th>Caducidad<\/th><\/tr><\/thead><tbody><tr><td><code>_ga<\/code><\/td><td>Google Analytics<\/td><td>Terceros<\/td><td>Distingue a los usuarios \u00fanicos y realiza un seguimiento del tr\u00e1fico del sitio web.<\/td><td>2 a\u00f1os<\/td><\/tr><tr><td><code>_gid<\/code><\/td><td>Google Analytics<\/td><td>Terceros<\/td><td>Distingue a los usuarios \u00fanicos y realiza un seguimiento del tr\u00e1fico del sitio web.<\/td><td>24 horas<\/td><\/tr><tr><td><code>_gat<\/code><\/td><td>Google Analytics<\/td><td>Terceros<\/td><td>Se utiliza para estrangular la tasa de solicitudes y limitar la recopilaci\u00f3n de datos en sitios con mucho tr\u00e1fico.<\/td><td>1 minuto<\/td><\/tr><tr><td><code>ads_user_data_src<\/code><\/td><td>Anuncios Google<\/td><td>Terceros<\/td><td>Se utiliza para mejorar la publicidad y la personalizaci\u00f3n sobre lo que es relevante para cada usuario.<\/td><td>Sesi\u00f3n<\/td><\/tr><tr><td>DoubleClick<\/td><td>DoubleClick<\/td><td>Terceros<\/td><td>Permite la reorientaci\u00f3n y el seguimiento del rendimiento de las campa\u00f1as publicitarias.<\/td><td>12 meses<\/td><\/tr><tr><td>reCAPTCHA<\/td><td>Google<\/td><td>Terceros<\/td><td>Se utiliza para distinguir a los usuarios de los robots automatizados y mejorar la seguridad de nuestro sitio web.<\/td><td>12 meses<\/td><\/tr><tr><td>cookieConsentimiento<\/td><td>Pramlux<\/td><td>Primera parte<\/td><td>Almacena las preferencias de consentimiento de cookies del usuario.<\/td><td>1 a\u00f1o<\/td><\/tr><\/tbody><\/table><\/figure>\n\n\n\n<p><strong>Google Analytics<\/strong><\/p>\n\n\n\n<p>Utilizamos Google Analytics para saber c\u00f3mo utilizan los visitantes nuestro sitio web. Esto nos ayuda a mejorar la usabilidad y el contenido del sitio. Estas cookies recopilan informaci\u00f3n de forma an\u00f3nima, como el n\u00famero de visitantes, su procedencia y las p\u00e1ginas que han visitado. Puede inhabilitar el uso de Google Analytics tal y como se describe anteriormente en la secci\u00f3n \"C\u00f3mo administrar las cookies\". Puede obtener m\u00e1s informaci\u00f3n sobre el uso que hace Google de la informaci\u00f3n aqu\u00ed: <a href=\"https:\/\/policies.google.com\/technologies\/partner-sites\">https:\/\/policies.google.com\/technologies\/partner-sites<\/a><\/p>\n\n\n\n<p><strong>Anuncios de Google (y DoubleClick)<\/strong><\/p>\n\n\n\n<p>Google Ads utiliza cookies para personalizar la publicidad y mostrar anuncios relevantes a los usuarios en funci\u00f3n de su comportamiento de navegaci\u00f3n. Estas cookies tambi\u00e9n nos permiten realizar un seguimiento del rendimiento de la publicidad y evitar mostrar anuncios que ya se han visto. Este producto recopila y utiliza datos a trav\u00e9s de cookies, que pueden utilizarse para la personalizaci\u00f3n de anuncios. Para obtener m\u00e1s informaci\u00f3n sobre el uso de datos por parte de Google, consulte <a href=\"https:\/\/policies.google.com\/technologies\/partner-sites\">https:\/\/policies.google.com\/technologies\/partner-sites<\/a>.<\/p>\n\n\n\n<p>Puede gestionar su configuraci\u00f3n de anuncios de Google y revocar el consentimiento para la personalizaci\u00f3n de anuncios aqu\u00ed: <a href=\"https:\/\/adssettings.google.com\/\">https:\/\/adssettings.google.com\/<\/a><\/p>\n\n\n\n<p><strong>Google reCAPTCHA<\/strong><\/p>\n\n\n\n<p>Google reCAPTCHA se implementa para distinguir a los usuarios de los bots automatizados y mejorar la seguridad. Este producto recopila y utiliza datos a trav\u00e9s de cookies. Los datos recopilados pueden utilizarse para la personalizaci\u00f3n de anuncios. Para obtener m\u00e1s informaci\u00f3n sobre el uso de la informaci\u00f3n por parte de Google, consulte <a href=\"https:\/\/policies.google.com\/technologies\/partner-sites\">https:\/\/policies.google.com\/technologies\/partner-sites<\/a>.<\/p>\n\n\n\n<p><strong>\u00bfCu\u00e1nto tiempo permanecer\u00e1n las cookies en mi dispositivo?<\/strong><\/p>\n\n\n\n<p>La duraci\u00f3n durante la cual una cookie permanece en su dispositivo depende de si se trata de una cookie de \"sesi\u00f3n\" o \"persistente\". Las cookies de sesi\u00f3n son temporales y se eliminan al cerrar el navegador. Las cookies persistentes permanecen en su dispositivo hasta que caducan o se eliminan manualmente. La mayor\u00eda de las cookies que utilizamos son persistentes y caducan entre 30 minutos y dos a\u00f1os desde la fecha en que se descargan en su dispositivo. Puede encontrar m\u00e1s informaci\u00f3n sobre c\u00f3mo gestionar y eliminar las cookies en la secci\u00f3n \"C\u00f3mo gestionar las cookies\" m\u00e1s arriba.<\/p>\n\n\n\n<p><\/p>\n\n\n\n<p><\/p>","protected":false},"excerpt":{"rendered":"<p>What are Cookies? Cookies are small text files that websites store on your computer or mobile device when you visit<\/p>","protected":false},"author":1,"featured_media":0,"parent":0,"menu_order":0,"comment_status":"closed","ping_status":"closed","template":"","meta":{"footnotes":""},"class_list":["post-5011","page","type-page","status-publish","hentry"],"jetpack_sharing_enabled":true,"_links":{"self":[{"href":"https:\/\/pramlux.com\/es\/wp-json\/wp\/v2\/pages\/5011","targetHints":{"allow":["GET"]}}],"collection":[{"href":"https:\/\/pramlux.com\/es\/wp-json\/wp\/v2\/pages"}],"about":[{"href":"https:\/\/pramlux.com\/es\/wp-json\/wp\/v2\/types\/page"}],"author":[{"embeddable":true,"href":"https:\/\/pramlux.com\/es\/wp-json\/wp\/v2\/users\/1"}],"replies":[{"embeddable":true,"href":"https:\/\/pramlux.com\/es\/wp-json\/wp\/v2\/comments?post=5011"}],"version-history":[{"count":2,"href":"https:\/\/pramlux.com\/es\/wp-json\/wp\/v2\/pages\/5011\/revisions"}],"predecessor-version":[{"id":24847,"href":"https:\/\/pramlux.com\/es\/wp-json\/wp\/v2\/pages\/5011\/revisions\/24847"}],"wp:attachment":[{"href":"https:\/\/pramlux.com\/es\/wp-json\/wp\/v2\/media?parent=5011"}],"curies":[{"name":"wp","href":"https:\/\/api.w.org\/{rel}","templated":true}]}}