{"id":5007,"date":"2022-06-27T16:17:51","date_gmt":"2022-06-27T15:17:51","guid":{"rendered":"https:\/\/uk.brotsy.com\/?page_id=5007"},"modified":"2024-08-14T15:09:46","modified_gmt":"2024-08-14T14:09:46","slug":"order-cancellation","status":"publish","type":"page","link":"https:\/\/pramlux.com\/es\/order-cancellation\/","title":{"rendered":"Cancelaci\u00f3n de pedidos"},"content":{"rendered":"<p><strong>\u00bfC\u00f3mo puedo anular un pedido?<\/strong><\/p>\n\n\n\n<p>Tendr\u00e1 la opci\u00f3n de cancelar su pedido directamente desde su correo electr\u00f3nico de confirmaci\u00f3n en el plazo de 1 hora. Despl\u00e1cese hacia abajo hasta encontrar la secci\u00f3n \"\u00bfHa cambiado de opini\u00f3n?\". Si han pasado m\u00e1s de 60 minutos, env\u00ede un correo electr\u00f3nico a\u00a0<strong>support@pramlux.com\u00a0<\/strong>y le ayudaremos a encontrar una soluci\u00f3n alternativa.<\/p>\n\n\n\n<p><strong>He cancelado accidentalmente mi pedido, \u00bfpuedo reanudarlo?<\/strong><\/p>\n\n\n\n<p>Si ha cancelado su pedido in situ y desea recibirlo despu\u00e9s, la mejor forma de hacerlo es realizando un nuevo pedido en la caja. Env\u00ede un correo electr\u00f3nico a\u00a0<strong>support@pramlux.com<\/strong>\u00a0Si tiene alguna pregunta, estamos aqu\u00ed para ayudarle.<\/p>\n\n\n\n<p><strong>He cancelado mi pedido, pero no estoy seguro de que se haya realizado. Puede confirmar que se ha cancelado?<\/strong><\/p>\n\n\n\n<p>Si ha cancelado su pedido utilizando el enlace del correo electr\u00f3nico de confirmaci\u00f3n del pedido, recibir\u00e1 otro correo electr\u00f3nico una vez que el pedido se haya cancelado correctamente. Si no ha recibido un correo electr\u00f3nico de confirmaci\u00f3n de la cancelaci\u00f3n, h\u00e1ganoslo saber en\u00a0<strong>support@pramlux.com<\/strong>\u00a0(e incluya su n\u00famero de pedido original #GLO) y le echaremos un vistazo.<\/p>\n\n\n\n<p><strong>No veo la opci\u00f3n de autocancelaci\u00f3n. \u00bfC\u00f3mo puedo cancelar mi pedido?<\/strong><\/p>\n\n\n\n<p>Si su pedido contiene una tarjeta regalo, env\u00ede un correo electr\u00f3nico a\u00a0<strong>support@pramlux.com<\/strong>\u00a0lo antes posible (incluyendo su n\u00famero de pedido # y su solicitud de cancelaci\u00f3n\/cambio) y podremos ayudarle.<\/p>","protected":false},"excerpt":{"rendered":"<p>How can I cancel an order? You\u2019ll have the option to cancel your order directly from your confirmation email within<\/p>","protected":false},"author":1,"featured_media":0,"parent":0,"menu_order":0,"comment_status":"closed","ping_status":"closed","template":"","meta":{"footnotes":""},"class_list":["post-5007","page","type-page","status-publish","hentry"],"jetpack_sharing_enabled":true,"_links":{"self":[{"href":"https:\/\/pramlux.com\/es\/wp-json\/wp\/v2\/pages\/5007","targetHints":{"allow":["GET"]}}],"collection":[{"href":"https:\/\/pramlux.com\/es\/wp-json\/wp\/v2\/pages"}],"about":[{"href":"https:\/\/pramlux.com\/es\/wp-json\/wp\/v2\/types\/page"}],"author":[{"embeddable":true,"href":"https:\/\/pramlux.com\/es\/wp-json\/wp\/v2\/users\/1"}],"replies":[{"embeddable":true,"href":"https:\/\/pramlux.com\/es\/wp-json\/wp\/v2\/comments?post=5007"}],"version-history":[{"count":6,"href":"https:\/\/pramlux.com\/es\/wp-json\/wp\/v2\/pages\/5007\/revisions"}],"predecessor-version":[{"id":24650,"href":"https:\/\/pramlux.com\/es\/wp-json\/wp\/v2\/pages\/5007\/revisions\/24650"}],"wp:attachment":[{"href":"https:\/\/pramlux.com\/es\/wp-json\/wp\/v2\/media?parent=5007"}],"curies":[{"name":"wp","href":"https:\/\/api.w.org\/{rel}","templated":true}]}}