{"id":24701,"date":"2024-09-01T19:08:55","date_gmt":"2024-09-01T18:08:55","guid":{"rendered":"https:\/\/pramlux.com\/product\/baby-bassinet-beside-sleeper-for-baby-with-easy-folding-and-wheels\/"},"modified":"2025-11-21T23:00:20","modified_gmt":"2025-11-21T23:00:20","slug":"baby-bassinet-beside-sleeper-for-baby-with-easy-folding-and-wheels","status":"publish","type":"product","link":"https:\/\/pramlux.com\/de\/produkt\/baby-bassinet-beside-sleeper-for-baby-with-easy-folding-and-wheels\/","title":{"rendered":"Baby Bassinet | Beistellbettchen f\u00fcr Baby mit einfachem Zusammenklappen und R\u00e4dern"},"content":{"rendered":"<h1>Baby Bassinet | Beistellbettchen f\u00fcr Baby mit einfachem Zusammenklappen und R\u00e4dern<\/h1>\n<p>Willkommen bei der perfekten L\u00f6sung f\u00fcr frischgebackene Eltern, die Komfort und Sicherheit suchen. Unser <b>Baby-Bassinet neben dem Schl\u00e4fer<\/b> wurde entwickelt, um eine komfortable und sichere Umgebung f\u00fcr Ihr Baby zu schaffen und gleichzeitig die Erm\u00fcdung durch die n\u00e4chtliche Pflege zu verringern. Dieser leicht zusammenklappbare Stubenwagen ist mit einem gro\u00dfen Aufbewahrungskorb und Universalr\u00e4dern ausgestattet und damit die ideale Wahl f\u00fcr moderne Elternschaft.<\/p>\n<h2>Beschreibung des Produkts<\/h2>\n<p>Bei der Entwicklung unseres Stubenwagens wurden die Bed\u00fcrfnisse von Eltern und Babys gleicherma\u00dfen ber\u00fccksichtigt. Er verf\u00fcgt \u00fcber eine <b>99% keine L\u00fccke<\/b> Das Design des Stubenwagens gew\u00e4hrleistet, dass M\u00fctter ihr Baby mit nur einer Kopfdrehung sehen k\u00f6nnen, so dass sie beruhigt sein k\u00f6nnen und einen einfachen Zugang haben. Der Stubenwagen l\u00e4sst sich an die H\u00f6he Ihres Bettes anpassen und ist somit auch f\u00fcr die n\u00e4chtliche Pflege geeignet. Mit seinem einfachen Klappmechanismus ist dieser Stubenwagen perfekt f\u00fcr Reisen und Aufbewahrung geeignet und bietet Flexibilit\u00e4t f\u00fcr jeden Wohnraum.<\/p>\n<p>Die robuste Pyramidenstruktur bietet Stabilit\u00e4t und verhindert ein Umkippen, w\u00e4hrend die Netzseiten f\u00fcr Atmungsaktivit\u00e4t und Sichtbarkeit sorgen. Der Stubenwagen verf\u00fcgt \u00fcber einen gro\u00dfen Aufbewahrungskorb, in dem die wichtigsten Babyutensilien griffbereit sind. Au\u00dferdem ist er ausgestattet mit <b>vier Universalr\u00e4der<\/b> f\u00fcr eine einfache Bewegung, die es Ihnen erm\u00f6glicht, den Stubenwagen sanft an verschiedene Stellen zu schieben, insbesondere w\u00e4hrend der Nacht.<\/p>\n<h2>Eigenschaften<\/h2>\n<ul>\n<li><b>99% L\u00fcckenlose Ausf\u00fchrung<\/b>: Sorgt f\u00fcr sichere Pflege und gute Sichtbarkeit des Babys.<\/li>\n<li><b>Universal-R\u00e4der<\/b>: Ausgestattet mit beweglichen und leisen R\u00e4dern f\u00fcr einfache Mobilit\u00e4t.<\/li>\n<li><b>Stabilit\u00e4t und Sicherheit<\/b>: Pyramidenstruktur mit solider Dreiecksunterst\u00fctzung und Fu\u00dfbremsen f\u00fcr Stabilit\u00e4t.<\/li>\n<li><b>H\u00f6henverstellbar<\/b>: Sieben Stufen der H\u00f6henverstellung zur Anpassung an verschiedene Betth\u00f6hen.<\/li>\n<li><b>Gro\u00dfer Aufbewahrungskorb<\/b>: Praktisch f\u00fcr die Aufbewahrung von Babyutensilien, die die n\u00e4chtliche Pflege f\u00fcr Eltern erleichtern.<\/li>\n<li><b>Mesh-Seiten<\/b>: Bietet hervorragende Atmungsaktivit\u00e4t und Sichtbarkeit.<\/li>\n<li><b>Einfaches Falten<\/b>: Zusammenklappbares Design f\u00fcr einfache Lagerung und Transport.<\/li>\n<\/ul>\n<h2>Technische Daten<\/h2>\n<ul>\n<li><b>Farbe<\/b>: Dunkelgrau<\/li>\n<li><b>Material<\/b>: Aluminium-Legierung<\/li>\n<li><b>H\u00f6he Eignung<\/b>: 15,35-19,69 Zoll (H\u00f6he des Bettes plus Matratze)<\/li>\n<li><b>Geeignete Betth\u00f6he<\/b>: 21.25&#8221;-26&#8221;<\/li>\n<li><b>H\u00f6henverstellbare Niveaus<\/b>: 33,07 Zoll, 32,28 Zoll, 31,49 Zoll, 30,7 Zoll, 29,9 Zoll, 29,1 Zoll, 28,34 Zoll<\/li>\n<li><b>Altersspanne<\/b>: 0-1Y, 1-2Y<\/li>\n<li><b>Zertifizierung<\/b>: Erf\u00fcllt die US-Sicherheitsvorschriften, ASTM- und CPSC-zertifiziert<\/li>\n<\/ul>\n<h2>Das Paket enth\u00e4lt<\/h2>\n<ul>\n<li>1 x Baby-Bassinet neben dem Schl\u00e4fer<\/li>\n<li>1 x Gro\u00dfer Aufbewahrungskorb<\/li>\n<li>4 x Universal-R\u00e4der<\/li>\n<li>1 x Matratze<\/li>\n<li>1 x Gebrauchsanweisung<\/li>\n<\/ul>\n<h2>Warum sollten Sie sich f\u00fcr unser Baby-Bassinet neben dem Schl\u00e4fer entscheiden?<\/h2>\n<p>Unser <b>Baby-Bassinet neben dem Schl\u00e4fer<\/b> ist aufgrund seiner Kombination aus Bequemlichkeit, Sicherheit und Komfort die erste Wahl f\u00fcr frischgebackene Eltern. Das leicht faltbare Design, die verstellbare H\u00f6he und der gro\u00dfe Ablagekorb machen ihn praktisch f\u00fcr den t\u00e4glichen Gebrauch. Die Universalr\u00e4der erm\u00f6glichen eine einfache Mobilit\u00e4t, w\u00e4hrend die solide Konstruktion die Sicherheit Ihres Babys gew\u00e4hrleistet. Investieren Sie noch heute in unseren Stubenwagen und machen Sie die n\u00e4chtliche Pflege einfacher und bequemer f\u00fcr Sie und Ihr Baby.<\/p>\n<p>&nbsp;<\/p>","protected":false},"excerpt":{"rendered":"<p>Babywanne mit einfachem Klappmechanismus, Aufbewahrungskorb und R\u00e4dern. Bietet verstellbare H\u00f6he, Stabilit\u00e4t und Mobilit\u00e4t f\u00fcr bequeme Babypflege. Perfekt f\u00fcr die Verringerung der M\u00fcdigkeit der Mutter mit schnellem und einfachem n\u00e4chtlichen Zugang.<\/p>","protected":false},"featured_media":24707,"comment_status":"open","ping_status":"closed","template":"","meta":[],"product_brand":[],"product_cat":[369],"product_tag":[],"class_list":{"0":"post-24701","1":"product","2":"type-product","3":"status-publish","4":"has-post-thumbnail","6":"product_cat-nursery-bedding","8":"first","9":"instock","10":"sale","11":"shipping-taxable","12":"purchasable","13":"product-type-simple"},"jetpack_sharing_enabled":true,"_links":{"self":[{"href":"https:\/\/pramlux.com\/de\/wp-json\/wp\/v2\/product\/24701","targetHints":{"allow":["GET"]}}],"collection":[{"href":"https:\/\/pramlux.com\/de\/wp-json\/wp\/v2\/product"}],"about":[{"href":"https:\/\/pramlux.com\/de\/wp-json\/wp\/v2\/types\/product"}],"replies":[{"embeddable":true,"href":"https:\/\/pramlux.com\/de\/wp-json\/wp\/v2\/comments?post=24701"}],"version-history":[{"count":2,"href":"https:\/\/pramlux.com\/de\/wp-json\/wp\/v2\/product\/24701\/revisions"}],"predecessor-version":[{"id":24704,"href":"https:\/\/pramlux.com\/de\/wp-json\/wp\/v2\/product\/24701\/revisions\/24704"}],"wp:featuredmedia":[{"embeddable":true,"href":"https:\/\/pramlux.com\/de\/wp-json\/wp\/v2\/media\/24707"}],"wp:attachment":[{"href":"https:\/\/pramlux.com\/de\/wp-json\/wp\/v2\/media?parent=24701"}],"wp:term":[{"taxonomy":"product_brand","embeddable":true,"href":"https:\/\/pramlux.com\/de\/wp-json\/wp\/v2\/product_brand?post=24701"},{"taxonomy":"product_cat","embeddable":true,"href":"https:\/\/pramlux.com\/de\/wp-json\/wp\/v2\/product_cat?post=24701"},{"taxonomy":"product_tag","embeddable":true,"href":"https:\/\/pramlux.com\/de\/wp-json\/wp\/v2\/product_tag?post=24701"}],"curies":[{"name":"wp","href":"https:\/\/api.w.org\/{rel}","templated":true}]}}