{"id":24089,"date":"2024-07-28T21:58:33","date_gmt":"2024-07-28T20:58:33","guid":{"rendered":"https:\/\/pramlux.com\/product\/electric-baby-bouncer-rocker-with-sun-shade-mosquito-net-portable-cradle-bed-baby-swing-bouncer-bluetooth-touch-screen-rocker\/"},"modified":"2025-08-18T04:15:47","modified_gmt":"2025-08-18T03:15:47","slug":"electric-baby-bouncer-rocker-sun-shade-mosquito-net-bluetooth","status":"publish","type":"product","link":"https:\/\/pramlux.com\/de\/produkt\/electric-baby-bouncer-rocker-sun-shade-mosquito-net-bluetooth\/","title":{"rendered":"Elektrische Babywippe - Sonnenschutz, Moskitonetz und Bluetooth"},"content":{"rendered":"<h1>Elektrische Babywippe | Tragbares Wiegenbett mit Sonnenschutz und Bluetooth<\/h1>\n<p>Willkommen bei der ultimativen L\u00f6sung zur Beruhigung und Unterhaltung Ihres Babys. Unser <b>Elektrische Babywippe &amp; Schaukelstuhl<\/b> ist so konzipiert, dass es ein nat\u00fcrliches Schaukeln simuliert, damit sich Ihr Baby ruhig und entspannt f\u00fchlt. Mit Funktionen wie einem Sonnenschutz, einem Moskitonetz und einem Bluetooth-Touchscreen ist dieses tragbare Wiegenbett perfekt f\u00fcr den Innen- und Au\u00dfenbereich geeignet.<\/p>\n<h2>Beschreibung des Produkts<\/h2>\n<p>Unsere elektrische Babywippe bietet f\u00fcnf wissenschaftliche Schaukelgeschwindigkeiten, die die nat\u00fcrlichen Bewegungen der Eltern nachahmen und eine beruhigende Umgebung f\u00fcr Ihr Baby schaffen. Der Schaukelstuhl ist f\u00fcr S\u00e4uglinge und Kleinkinder geeignet und verf\u00fcgt \u00fcber Winkel von 18\u00b0, 21\u00b0, 23\u00b0, 25\u00b0 und 31\u00b0, so dass Sie den perfekten Rhythmus finden k\u00f6nnen, um Ihr Baby zu beruhigen. Die drei Zeitfunktionen (8, 15 und 30 Minuten) machen ihn zu einem praktischen Babysitter, wenn Sie etwas freie Zeit brauchen.<\/p>\n<p>Das ergonomische Design verf\u00fcgt \u00fcber eine 25\u00b0-Wirbels\u00e4ulenneigung, die die Entwicklung der Wirbels\u00e4ule Ihres Babys optimal st\u00fctzt und unterst\u00fctzt. Die Babywippe verf\u00fcgt au\u00dferdem \u00fcber drei Neigungsmodi, um den unterschiedlichen Bed\u00fcrfnissen in den verschiedenen Wachstumsphasen gerecht zu werden. Mit der Bluetooth-Musikfunktion k\u00f6nnen Sie die Lieblingslieder oder -geschichten Ihres Babys abspielen, und die Touch-Taste und die Fernbedienung erm\u00f6glichen eine einfache Bedienung.<\/p>\n<h2>Eigenschaften<\/h2>\n<ul>\n<li><b>5 Wissenschaftliche Schaukelgeschwindigkeiten<\/b>: Simuliert nat\u00fcrliches Schaukeln in f\u00fcnf verschiedenen Geschwindigkeiten (18\u00b0, 21\u00b0, 23\u00b0, 25\u00b0, 31\u00b0), um Ihr Baby zu beruhigen.<\/li>\n<li><b>3 Zeitmessfunktionen<\/b>: Stellen Sie den Timer bequem auf 8, 15 oder 30 Minuten ein.<\/li>\n<li><b>Ergonomische Wirbels\u00e4ulenneigung<\/b>: 25\u00b0 Neigung mit einem Babykissen zur Unterst\u00fctzung der Wirbels\u00e4ulenentwicklung.<\/li>\n<li><b>Bluetooth-Musik und Fernsteuerung<\/b>: Spielen Sie Schlaflieder und steuern Sie die Babywippe \u00fcber Bluetooth oder eine Fernbedienung.<\/li>\n<li><b>Sicherheitsmerkmale<\/b>: Die verstellbaren 3-Punkt-Gurte und der robuste Aluminiumfu\u00df sorgen f\u00fcr Stabilit\u00e4t und Sicherheit.<\/li>\n<li><b>Tragbares Design<\/b>: Abnehmbare, maschinenwaschbare Sitzauflage und Kopfst\u00fctze. Stromversorgung \u00fcber USB oder 3A-Batterien (nicht enthalten).<\/li>\n<\/ul>\n<h2>Technische Daten<\/h2>\n<ul>\n<li><b>Wippgeschwindigkeiten<\/b>: 5 Geschwindigkeiten (18\u00b0, 21\u00b0, 23\u00b0, 25\u00b0, 31\u00b0)<\/li>\n<li><b>Timing-Funktionen<\/b>8, 15, 30 Minuten<\/li>\n<li><b>Wirbels\u00e4ulenkippung Design<\/b>: 25\u00b0 ergonomische Neigung<\/li>\n<li><b>Bluetooth<\/b>: Ja<\/li>\n<li><b>Fernsteuerung<\/b>: Ja<\/li>\n<li><b>Sicherheitsgurte<\/b>: Verstellbare 3-Punkt-Gurte<\/li>\n<li><b>Gewichtskapazit\u00e4t<\/b>: Bis zu 12 kg (26 lbs)<\/li>\n<li><b>Altersspanne<\/b>: 0-12 Monate<\/li>\n<li><b>Stromversorgung<\/b>: USB oder 3A-Batterien (nicht enthalten)<\/li>\n<\/ul>\n<h2>Das Paket enth\u00e4lt<\/h2>\n<ul>\n<li>1 x Elektrische Babywippe &amp; Schaukelstuhl<\/li>\n<li>1 x Sonnenblende<\/li>\n<li>1 x Moskitonetz<\/li>\n<li>1 x Fernbedienung<\/li>\n<li>1 x USB-Ladekabel<\/li>\n<li>1 x Gebrauchsanweisung<\/li>\n<\/ul>\n<h2>Warum sollten Sie sich f\u00fcr unsere elektrische Babywippe entscheiden?<\/h2>\n<p>Unsere elektrische Babywippe zeichnet sich durch ihre Kombination aus Komfort, Sicherheit und Unterhaltungsfunktionen aus. Die einstellbaren Schaukelgeschwindigkeiten und das ergonomische Design sorgen daf\u00fcr, dass die Wirbels\u00e4ule Ihres Babys gest\u00fctzt wird und eine beruhigende Umgebung entsteht. Die Bluetooth-Musikfunktion und die Fernbedienung sorgen f\u00fcr zus\u00e4tzlichen Komfort f\u00fcr die Eltern. Das tragbare Design macht ihn perfekt f\u00fcr zu Hause und unterwegs. Investieren Sie in die <b>Elektrische Babywippe &amp; Schaukelstuhl<\/b> und geben Sie Ihrem Baby den Komfort und die Unterhaltung, die es verdient.<\/p>\n<p>mit Ihnen.<img decoding=\"async\" src=\"https:\/\/pramlux.com\/wp-content\/uploads\/2024\/07\/S809ad4a666424d34b7dbe553a19a5f74s.webp\" \/><img decoding=\"async\" src=\"https:\/\/pramlux.com\/wp-content\/uploads\/2024\/07\/S2de6c81e5be740e6bf02c88386ee978cy.webp\" \/><img decoding=\"async\" src=\"https:\/\/pramlux.com\/wp-content\/uploads\/2024\/07\/Sb88140e6d5e74189b379c44c586b1095n.webp\" \/><img decoding=\"async\" src=\"https:\/\/pramlux.com\/wp-content\/uploads\/2024\/07\/S177d64d866054f918f18e67174786b91I.webp\" \/><img decoding=\"async\" src=\"https:\/\/pramlux.com\/wp-content\/uploads\/2024\/07\/S70d0945cab6e4a2dbdb41e7e72e59ff2C.webp\" \/><img decoding=\"async\" src=\"https:\/\/pramlux.com\/wp-content\/uploads\/2024\/07\/S25aad9eab6964679a6b5cf3136352a62r.webp\" \/><\/p>","protected":false},"excerpt":{"rendered":"<p>Elektrische Babywippe mit Sonnenschutz, Moskitonetz, Bluetooth-Touchscreen und 5 Schaukelstufen. Tragbares und ergonomisches Design f\u00fcr S\u00e4uglinge und Kleinkinder. Perfekt, um Ihr Baby zu beruhigen und zu unterhalten.<\/p>","protected":false},"featured_media":24472,"comment_status":"open","ping_status":"closed","template":"","meta":[],"product_brand":[],"product_cat":[365],"product_tag":[],"class_list":{"0":"post-24089","1":"product","2":"type-product","3":"status-publish","4":"has-post-thumbnail","6":"product_cat-baby-bouncers-jumpers-swings","8":"first","9":"instock","10":"sale","11":"shipping-taxable","12":"purchasable","13":"product-type-variable"},"jetpack_sharing_enabled":true,"_links":{"self":[{"href":"https:\/\/pramlux.com\/de\/wp-json\/wp\/v2\/product\/24089","targetHints":{"allow":["GET"]}}],"collection":[{"href":"https:\/\/pramlux.com\/de\/wp-json\/wp\/v2\/product"}],"about":[{"href":"https:\/\/pramlux.com\/de\/wp-json\/wp\/v2\/types\/product"}],"replies":[{"embeddable":true,"href":"https:\/\/pramlux.com\/de\/wp-json\/wp\/v2\/comments?post=24089"}],"version-history":[{"count":3,"href":"https:\/\/pramlux.com\/de\/wp-json\/wp\/v2\/product\/24089\/revisions"}],"predecessor-version":[{"id":24473,"href":"https:\/\/pramlux.com\/de\/wp-json\/wp\/v2\/product\/24089\/revisions\/24473"}],"wp:featuredmedia":[{"embeddable":true,"href":"https:\/\/pramlux.com\/de\/wp-json\/wp\/v2\/media\/24472"}],"wp:attachment":[{"href":"https:\/\/pramlux.com\/de\/wp-json\/wp\/v2\/media?parent=24089"}],"wp:term":[{"taxonomy":"product_brand","embeddable":true,"href":"https:\/\/pramlux.com\/de\/wp-json\/wp\/v2\/product_brand?post=24089"},{"taxonomy":"product_cat","embeddable":true,"href":"https:\/\/pramlux.com\/de\/wp-json\/wp\/v2\/product_cat?post=24089"},{"taxonomy":"product_tag","embeddable":true,"href":"https:\/\/pramlux.com\/de\/wp-json\/wp\/v2\/product_tag?post=24089"}],"curies":[{"name":"wp","href":"https:\/\/api.w.org\/{rel}","templated":true}]}}