{"id":23941,"date":"2024-07-28T21:47:42","date_gmt":"2024-07-28T20:47:42","guid":{"rendered":"https:\/\/pramlux.com\/product\/lazychild-0-3-years-old-baby-cradle-multi-function-electric-intelligent-sleep-rocking-chair-newborn-baby-sleeping-basket-2023\/"},"modified":"2025-08-18T04:21:07","modified_gmt":"2025-08-18T03:21:07","slug":"portable-crib-baby-sleeping-basket-5-gears-adjustable-bluetooth-music","status":"publish","type":"product","link":"https:\/\/pramlux.com\/de\/produkt\/portable-crib-baby-sleeping-basket-5-gears-adjustable-bluetooth-music\/","title":{"rendered":"Tragbares Kinderbett Baby Schlafkorb - 5 G\u00e4nge einstellbar &amp; Bluetooth Musik"},"content":{"rendered":"<h1>Kleinkind-Baby-Schlafkorb | 5 G\u00e4nge einstellbar &amp; Bluetooth-Musik<\/h1>\n<p>Willkommen bei der ultimativen L\u00f6sung f\u00fcr den Schlaf und den Komfort Ihres Babys. Unser <b>Kleinkind Baby-Schlafkorb<\/b> mit <b>5 G\u00e4nge Einstellbar<\/b> und <b>Bluetooth-Musik<\/b> wurde entwickelt, um eine beruhigende und sichere Schlafumgebung f\u00fcr Ihr Neugeborenes bis zum Alter von 36 Monaten zu schaffen.<\/p>\n<h2>Beschreibung des Produkts<\/h2>\n<p>Unser Little Child Baby Sleeping Basket bietet eine perfekte Mischung aus Funktionalit\u00e4t und Komfort. Die einstellbare Funktion mit f\u00fcnf G\u00e4ngen ahmt eine sanfte Schaukelbewegung nach, die dem Wiegen in den Armen der Mutter \u00e4hnelt und eine beruhigende Wirkung hat, die Ihrem Baby hilft, leicht einzuschlafen. Die intelligenten Dual-Control-Funktionen erm\u00f6glichen eine einfache Bedienung \u00fcber verschiedene Tasten und eine Infrarot-Fernbedienung.<\/p>\n<p>Die Bluetooth-Musikfunktion schafft eine ruhige Schlafatmosph\u00e4re, indem sie sanfte, beruhigende Melodien abspielt, die Ihrem Baby beim Einschlafen helfen. Sie k\u00f6nnen ihn auch mit Ihrem Mobiltelefon verbinden, um die Lieblingssongs Ihres Babys abzuspielen. Die gro\u00dfe Fl\u00e4che des Korbs sorgt daf\u00fcr, dass Ihr Baby viel Platz hat, um sich bequem zu bewegen, und die Halterung aus Luftfahrt-Aluminiumlegierung sorgt f\u00fcr einen starken, stabilen Halt.<\/p>\n<h2>Eigenschaften<\/h2>\n<ul>\n<li><b>5 G\u00e4nge Einstellbar<\/b>: Sanfte Schaukelbewegung mit f\u00fcnf einstellbaren Geschwindigkeiten zur Beruhigung Ihres Babys.<\/li>\n<li><b>Bluetooth-Musik<\/b>: Spielen Sie sanfte, beruhigende Musik oder stellen Sie eine Verbindung zu Ihrem Telefon her, um eigene Musik zu h\u00f6ren.<\/li>\n<li><b>Intelligente Dual-Steuerung<\/b>: Einfache Bedienung mit Tasten und Infrarot-Fernbedienung.<\/li>\n<li><b>Bequeme Matratze<\/b>: Unterst\u00fctzt die Entwicklung der Wirbels\u00e4ule Ihres Babys mit einer weichen und bequemen Oberfl\u00e4che.<\/li>\n<li><b>Luftfahrt-Aluminium-Legierung Halterung<\/b>: Starke und stabile St\u00fctze mit einem H-f\u00f6rmigen Industriedesign.<\/li>\n<li><b>Gro\u00dfer Raum<\/b>: Geeignet f\u00fcr Babys im Alter von 0-36 Monaten, mit viel Bewegungsfreiheit.<\/li>\n<\/ul>\n<h2>Technische Daten<\/h2>\n<ul>\n<li><b>Produktname<\/b>: Kleinkind-Baby-Schlafkorb<\/li>\n<li><b>Anwendbares Alter<\/b>: 0-36 Monate<\/li>\n<li><b>Produkt Lastaufnahmemittel<\/b>: 50KG+<\/li>\n<li><b>Gr\u00f6\u00dfe des Produkts<\/b>:\n<ul>\n<li>Innendurchmesser: 80 cm x 48 cm<\/li>\n<li>H\u00f6he: 62 cm<\/li>\n<li>L\u00e4nge: 106 cm<\/li>\n<\/ul>\n<\/li>\n<\/ul>\n<h2>Das Paket enth\u00e4lt<\/h2>\n<ul>\n<li>1 x Kleinkind-Baby-Schlafkorb<\/li>\n<li>1 x Bequeme Matratze<\/li>\n<li>1 x Bluetooth-Musikanlage<\/li>\n<li>1 x Infrarot-Fernbedienung<\/li>\n<li>1 x Vollverkleidung Moskitonetz<\/li>\n<li>1 x Gebrauchsanweisung<\/li>\n<\/ul>\n<h2>Warum sollten Sie unseren Baby-Schlafkorb f\u00fcr Kleinkinder w\u00e4hlen?<\/h2>\n<p>Unser Baby-Schlafkorb zeichnet sich durch seine Multifunktionalit\u00e4t, seinen Komfort und seine fortschrittlichen Funktionen aus. Die einstellbaren Schaukelgeschwindigkeiten, die beruhigende Musik und die einfach zu bedienende Steuerung machen ihn zur idealen Wahl f\u00fcr Eltern, die ihrem Baby die beste Schlafumgebung bieten m\u00f6chten. Der gro\u00dfe, komfortable Platz und die robuste Konstruktion sorgen daf\u00fcr, dass Ihr Baby sicher und ruhig schl\u00e4ft. Investieren Sie in die <b>Kleinkind Baby-Schlafkorb<\/b> mit <b>5 G\u00e4nge Einstellbar<\/b> und <b>Bluetooth-Musik<\/b> und schenken Sie Ihrem Baby einen ruhigen Schlaf.<\/p>\n<p>&nbsp;<\/p>\n<div class=\"detailmodule_html\">\n<div class=\"detail-desc-decorate-richtext\">\n<p><img decoding=\"async\" style=\"width: 800px;\" src=\"https:\/\/pramlux.com\/wp-content\/uploads\/2024\/07\/Se1c52f7742784855859c01a909843e7eO.webp\" width=\"800px\" \/><\/p>\n<p><img decoding=\"async\" style=\"width: 800px;\" src=\"https:\/\/pramlux.com\/wp-content\/uploads\/2024\/07\/S96a817059c884e679a63e79ecde82312X.webp\" width=\"800px\" \/><br \/>\n<img decoding=\"async\" style=\"width: 800px;\" src=\"https:\/\/pramlux.com\/wp-content\/uploads\/2024\/07\/S4bf79df6f0be4afd9e1c9ef0f0799758h.webp\" width=\"800px\" \/><br \/>\n<img decoding=\"async\" style=\"width: 800px;\" src=\"https:\/\/pramlux.com\/wp-content\/uploads\/2024\/07\/Sb833411d20584228a829b42b4e3f83a5e.webp\" width=\"800px\" \/><br \/>\n<img decoding=\"async\" style=\"width: 800px;\" src=\"https:\/\/pramlux.com\/wp-content\/uploads\/2024\/07\/S2269287d027f447982c649c2c2f703b9N.webp\" width=\"800px\" \/><br \/>\n<img decoding=\"async\" style=\"width: 800px;\" src=\"https:\/\/pramlux.com\/wp-content\/uploads\/2024\/07\/S3d05f211b7394ed392121fad302878c52.webp\" width=\"800px\" \/><br \/>\n<img decoding=\"async\" style=\"width: 800px;\" src=\"https:\/\/pramlux.com\/wp-content\/uploads\/2024\/07\/S560282c6060f4e0bb04eb66d03bac5edM.webp\" width=\"800px\" \/><br \/>\n<img decoding=\"async\" style=\"width: 800px;\" src=\"https:\/\/pramlux.com\/wp-content\/uploads\/2024\/07\/S5fa6e0a796144854b03bf12bfd7e9849N.webp\" width=\"800px\" \/><br \/>\n<img decoding=\"async\" style=\"width: 800px;\" src=\"https:\/\/pramlux.com\/wp-content\/uploads\/2024\/07\/S22f2e6eaf3b8450fa13732e60ac7c59bT.webp\" width=\"800px\" \/><br \/>\n<img decoding=\"async\" style=\"width: 800px;\" src=\"https:\/\/pramlux.com\/wp-content\/uploads\/2024\/07\/S1a21a6016c7e4e969187973b86b051a8l.webp\" width=\"800px\" \/><br \/>\n<img decoding=\"async\" style=\"width: 800px;\" src=\"https:\/\/pramlux.com\/wp-content\/uploads\/2024\/07\/S00c28a3eeecb4c53a8e1791f869ff60f3.webp\" width=\"800px\" \/><\/p>\n<p><img decoding=\"async\" style=\"width: 800px;\" src=\"https:\/\/pramlux.com\/wp-content\/uploads\/2024\/07\/S3ed7835cd42a4e74b23bdf007e3b3d5cL.webp\" width=\"800px\" \/><\/p>\n<p><img decoding=\"async\" style=\"width: 800px;\" src=\"https:\/\/pramlux.com\/wp-content\/uploads\/2024\/07\/Se19f298993b64d3ab0228a27e487810bi.webp\" width=\"800px\" \/><\/p>\n<p>&nbsp;<\/p>\n<\/div>\n<\/div>","protected":false},"excerpt":{"rendered":"<p>Little Child Baby Sleeping Basket mit 5 G\u00e4ngen einstellbar, Bluetooth-Musik, und komfortable Matratze. Geeignet f\u00fcr Neugeborene bis 36 Monate, bietet eine sichere und beruhigende Schlafumgebung.<\/p>","protected":false},"featured_media":24476,"comment_status":"open","ping_status":"closed","template":"","meta":[],"product_brand":[],"product_cat":[369],"product_tag":[],"class_list":{"0":"post-23941","1":"product","2":"type-product","3":"status-publish","4":"has-post-thumbnail","6":"product_cat-nursery-bedding","8":"first","9":"instock","10":"sale","11":"shipping-taxable","12":"purchasable","13":"product-type-variable"},"jetpack_sharing_enabled":true,"_links":{"self":[{"href":"https:\/\/pramlux.com\/de\/wp-json\/wp\/v2\/product\/23941","targetHints":{"allow":["GET"]}}],"collection":[{"href":"https:\/\/pramlux.com\/de\/wp-json\/wp\/v2\/product"}],"about":[{"href":"https:\/\/pramlux.com\/de\/wp-json\/wp\/v2\/types\/product"}],"replies":[{"embeddable":true,"href":"https:\/\/pramlux.com\/de\/wp-json\/wp\/v2\/comments?post=23941"}],"version-history":[{"count":2,"href":"https:\/\/pramlux.com\/de\/wp-json\/wp\/v2\/product\/23941\/revisions"}],"predecessor-version":[{"id":24418,"href":"https:\/\/pramlux.com\/de\/wp-json\/wp\/v2\/product\/23941\/revisions\/24418"}],"wp:featuredmedia":[{"embeddable":true,"href":"https:\/\/pramlux.com\/de\/wp-json\/wp\/v2\/media\/24476"}],"wp:attachment":[{"href":"https:\/\/pramlux.com\/de\/wp-json\/wp\/v2\/media?parent=23941"}],"wp:term":[{"taxonomy":"product_brand","embeddable":true,"href":"https:\/\/pramlux.com\/de\/wp-json\/wp\/v2\/product_brand?post=23941"},{"taxonomy":"product_cat","embeddable":true,"href":"https:\/\/pramlux.com\/de\/wp-json\/wp\/v2\/product_cat?post=23941"},{"taxonomy":"product_tag","embeddable":true,"href":"https:\/\/pramlux.com\/de\/wp-json\/wp\/v2\/product_tag?post=23941"}],"curies":[{"name":"wp","href":"https:\/\/api.w.org\/{rel}","templated":true}]}}