{"id":23940,"date":"2024-07-28T21:48:04","date_gmt":"2024-07-28T20:48:04","guid":{"rendered":"https:\/\/pramlux.com\/product\/die-cast-foldable-baby-crib-movable-portable-cradle-bed-load-bearing-baby-fence-baby-nest-with-changing-table-for-infant-toddler\/"},"modified":"2025-08-18T04:13:23","modified_gmt":"2025-08-18T03:13:23","slug":"die-cast-foldable-baby-crib-movable-with-adjustable-height","status":"publish","type":"product","link":"https:\/\/pramlux.com\/de\/produkt\/die-cast-foldable-baby-crib-movable-with-adjustable-height\/","title":{"rendered":"Zusammenklappbares Babybett aus Druckguss - beweglich mit verstellbarer H\u00f6he"},"content":{"rendered":"<h1>Druckguss faltbares Babybett | bewegliche tragbare Wiege Bett<\/h1>\n<p>Willkommen bei der ultimativen L\u00f6sung f\u00fcr den Komfort und die Sicherheit Ihres Babys. Unser <b>Druckguss-Klappbares Babybett<\/b> mit <b>Bewegliches, tragbares Wiegenbett<\/b> und <b>Tragf\u00e4higer Babyzaun<\/b> wurde entwickelt, um eine sichere und komfortable Umgebung f\u00fcr Ihr Baby oder Kleinkind zu schaffen. Mit seinen vielseitigen Funktionen und seiner robusten Konstruktion ist er die perfekte Wahl f\u00fcr moderne Eltern.<\/p>\n<h2>Beschreibung des Produkts<\/h2>\n<p>Diese faltbare Babywiege bietet unvergleichlichen Komfort und Sicherheit f\u00fcr Eltern und Babys. Die Wiege kann direkt auf das Bett gestellt werden, so dass Sie Ihr Baby ganz einfach versorgen oder f\u00fcttern k\u00f6nnen. Das Seitennetz kann f\u00fcr einen einfachen Zugang ge\u00f6ffnet werden, und das tragbare Design sorgt daf\u00fcr, dass Sie Ihr Baby auch unterwegs bequem halten k\u00f6nnen.<\/p>\n<p>Der Rahmen aus einer stabilen Aluminiumlegierung in Luftfahrtqualit\u00e4t bietet eine robuste Struktur, die bis zu 50 kg tragen kann. Die 7-Punkt-St\u00fctzstruktur am Boden erh\u00f6ht die Stabilit\u00e4t, w\u00e4hrend die vier abgerundeten Ecken Zusammenst\u00f6\u00dfe und Kratzer verhindern. Das integrierte Babygitter w\u00e4chst mit Ihrem Baby mit, und das Design des Wickeltischs macht das Wechseln der Windeln m\u00fchelos. Die weiche Matratze sorgt f\u00fcr ein angenehmes Schlaferlebnis f\u00fcr Ihr Baby.<\/p>\n<h2>Eigenschaften<\/h2>\n<ul>\n<li><b>Sicherheitswiege<\/b>: Direkt auf dem Bett mit feststellbaren R\u00e4dern f\u00fcr einfache Babypflege und F\u00fctterung.<\/li>\n<li><b>Stabile Struktur<\/b>: Der Rahmen aus einer Aluminiumlegierung in Luftfahrtqualit\u00e4t tr\u00e4gt bis zu 50 kg mit einer 7-Punkt-St\u00fctzstruktur.<\/li>\n<li><b>Integrierter Babyzaun<\/b>: W\u00e4chst mit Ihrem Baby mit und verf\u00fcgt \u00fcber einen Wickeltisch zum einfachen Wechseln.<\/li>\n<li><b>H\u00f6henverstellung<\/b>: Sechs Stufen der H\u00f6henverstellung zur Anpassung an unterschiedliche Betth\u00f6hen mit einer 5-Grad-Neigung zur Vermeidung von Reflux.<\/li>\n<li><b>Leicht zu montieren und zu falten<\/b>: Schnelle Installation ohne Werkzeug; kann in 10 Minuten montiert werden.<\/li>\n<li><b>Tragbares Design<\/b>: Zusammenklappbar f\u00fcr einfachen Transport und Lagerung, mit Moskitonetz und Matratze.<\/li>\n<\/ul>\n<h2>Technische Daten<\/h2>\n<ul>\n<li><b>Produktname<\/b>: Druckguss-Klappbares Babybett<\/li>\n<li><b>Anwendbares Alter<\/b>: S\u00e4ugling bis Kleinkind<\/li>\n<li><b>Produkt Lastaufnahmemittel<\/b>: 50KG+<\/li>\n<li><b>Material<\/b>: Aluminiumlegierung in Luftfahrtqualit\u00e4t<\/li>\n<li><b>H\u00f6heneinstellungsebenen<\/b>: 6<\/li>\n<li><b>Neigungswinkel<\/b>: 5 Grad<\/li>\n<li><b>Montagezeit<\/b>: 10 Minuten<\/li>\n<\/ul>\n<h2>Das Paket enth\u00e4lt<\/h2>\n<ul>\n<li>1 x Druckguss faltbare Baby Krippe<\/li>\n<li>1 x Weiche Matratze<\/li>\n<li>1 x Vollverkleidung Moskitonetz<\/li>\n<li>1 x Integrierter Babyzaun<\/li>\n<li>1 x Windeltisch<\/li>\n<li>1 x Gebrauchsanweisung<\/li>\n<\/ul>\n<h2>Warum unser faltbares Babybett aus Druckguss w\u00e4hlen?<\/h2>\n<p>Unser Babybett zeichnet sich durch seine Multifunktionalit\u00e4t, seine robuste Konstruktion und seine fortschrittlichen Sicherheitsmerkmale aus. Die verstellbare H\u00f6he, der stabile Rahmen und die bequeme Matratze machen es zu einer idealen Wahl, um die Sicherheit und den Komfort Ihres Babys zu gew\u00e4hrleisten. Das integrierte Babygitter und der Windeltisch bieten zus\u00e4tzlichen Komfort und erleichtern den Eltern die t\u00e4gliche Babypflege. Investieren Sie in das <b>Druckguss-Klappbares Babybett<\/b> mit <b>Bewegliches, tragbares Wiegenbett<\/b> und bieten Sie Ihrem Baby das Beste an Komfort und Sicherheit.<\/p>\n<p>&nbsp;<\/p>\n<p><img decoding=\"async\" src=\"https:\/\/pramlux.com\/wp-content\/uploads\/2024\/07\/Se158f2568c0b435988bf0d8b455e3239b.webp\" \/><img decoding=\"async\" src=\"https:\/\/pramlux.com\/wp-content\/uploads\/2024\/07\/S0b9b0f508dab470381d792a213b0700fv.webp\" \/><img decoding=\"async\" src=\"https:\/\/pramlux.com\/wp-content\/uploads\/2024\/07\/Sd93a9191ca2c45f4a2b30c03bbff176ap.webp\" \/><img decoding=\"async\" src=\"https:\/\/pramlux.com\/wp-content\/uploads\/2024\/07\/Se29f0be4b5b04821a56fcdc97570794dy.webp\" \/><img decoding=\"async\" src=\"https:\/\/pramlux.com\/wp-content\/uploads\/2024\/07\/Sde78fbf25f674bbb9b8524367771195bQ.webp\" \/><img decoding=\"async\" src=\"https:\/\/pramlux.com\/wp-content\/uploads\/2024\/07\/S586ba29e044e48c990f14289ee6e60d8h.webp\" \/><\/p>\n<p>&nbsp;<\/p>","protected":false},"excerpt":{"rendered":"<div class=\"flex flex-grow flex-col max-w-full\">\n<div class=\"min-h-[20px] text-message flex w-full flex-col items-end gap-2 whitespace-pre-wrap break-words [.text-message+&amp;]:mt-5 overflow-x-auto\" dir=\"auto\" data-message-author-role=\"assistant\" data-message-id=\"d04ead85-9cb7-4a67-a055-3a0e3e04a33f\">\n<div class=\"flex w-full flex-col gap-1 empty:hidden first:pt-[3px]\">\n<div class=\"markdown prose w-full break-words dark:prose-invert dark\">\n<p>Faltbares Babybett aus Druckguss mit beweglichem, tragbarem Wiegenbett, tragf\u00e4higem Babygitter und verstellbarer H\u00f6he. Stabiler Aluminiumrahmen, einfache Montage, inklusive Moskitonetz und Matratze. Perfekt f\u00fcr S\u00e4uglinge und Kleinkinder<\/p>\n<\/div>\n<\/div>\n<\/div>\n<\/div>","protected":false},"featured_media":24475,"comment_status":"open","ping_status":"closed","template":"","meta":[],"product_brand":[],"product_cat":[369],"product_tag":[],"class_list":{"0":"post-23940","1":"product","2":"type-product","3":"status-publish","4":"has-post-thumbnail","6":"product_cat-nursery-bedding","8":"first","9":"instock","10":"sale","11":"shipping-taxable","12":"purchasable","13":"product-type-variable"},"jetpack_sharing_enabled":true,"_links":{"self":[{"href":"https:\/\/pramlux.com\/de\/wp-json\/wp\/v2\/product\/23940","targetHints":{"allow":["GET"]}}],"collection":[{"href":"https:\/\/pramlux.com\/de\/wp-json\/wp\/v2\/product"}],"about":[{"href":"https:\/\/pramlux.com\/de\/wp-json\/wp\/v2\/types\/product"}],"replies":[{"embeddable":true,"href":"https:\/\/pramlux.com\/de\/wp-json\/wp\/v2\/comments?post=23940"}],"version-history":[{"count":2,"href":"https:\/\/pramlux.com\/de\/wp-json\/wp\/v2\/product\/23940\/revisions"}],"predecessor-version":[{"id":24422,"href":"https:\/\/pramlux.com\/de\/wp-json\/wp\/v2\/product\/23940\/revisions\/24422"}],"wp:featuredmedia":[{"embeddable":true,"href":"https:\/\/pramlux.com\/de\/wp-json\/wp\/v2\/media\/24475"}],"wp:attachment":[{"href":"https:\/\/pramlux.com\/de\/wp-json\/wp\/v2\/media?parent=23940"}],"wp:term":[{"taxonomy":"product_brand","embeddable":true,"href":"https:\/\/pramlux.com\/de\/wp-json\/wp\/v2\/product_brand?post=23940"},{"taxonomy":"product_cat","embeddable":true,"href":"https:\/\/pramlux.com\/de\/wp-json\/wp\/v2\/product_cat?post=23940"},{"taxonomy":"product_tag","embeddable":true,"href":"https:\/\/pramlux.com\/de\/wp-json\/wp\/v2\/product_tag?post=23940"}],"curies":[{"name":"wp","href":"https:\/\/api.w.org\/{rel}","templated":true}]}}