{"id":23904,"date":"2024-07-28T21:47:33","date_gmt":"2024-07-28T20:47:33","guid":{"rendered":"https:\/\/pramlux.com\/product\/multi-functional-baby-crib-with-foldable-height-adjustment-splicing-portable-and-movable-bedside-swing-cradle-sleeping-bed\/"},"modified":"2025-11-12T15:30:45","modified_gmt":"2025-11-12T15:30:45","slug":"portable-multi-functional-baby-crib-foldable-height-adjustable","status":"publish","type":"product","link":"https:\/\/pramlux.com\/de\/produkt\/portable-multi-functional-baby-crib-foldable-height-adjustable\/","title":{"rendered":"Tragbares Multifunktions-Babybett - faltbar und h\u00f6henverstellbar"},"content":{"rendered":"<h1>Multifunktionales Babybett | faltbar H\u00f6henverstellung Splei\u00dfen<\/h1>\n<p>Willkommen bei der ultimativen L\u00f6sung f\u00fcr den Schlaf und den Komfort Ihres Babys. Unser <b>Multifunktionales Babybett<\/b> mit <b>Klappbare H\u00f6henverstellung Splei\u00dfen<\/b> ist so konzipiert, dass es alle Ihre Bed\u00fcrfnisse erf\u00fcllt und eine tragbare und bewegliche Bettschaukel, Wiege und ein Schlafbett f\u00fcr Ihr Neugeborenes bis zu 36 Monaten bietet.<\/p>\n<h2>Beschreibung des Produkts<\/h2>\n<p>Unser multifunktionales Babybett bietet unvergleichliche Bequemlichkeit und Komfort f\u00fcr Eltern und Babys. Mit seiner faltbaren, h\u00f6henverstellbaren Splei\u00dfung sorgt dieses Bettchen daf\u00fcr, dass Sie Ihr Baby immer in der N\u00e4he haben. Das vollfl\u00e4chige Moskitonetz bietet dreidimensionalen Schutz, isoliert Moskitos und sorgt daf\u00fcr, dass Ihr Baby einen ruhigen und s\u00fc\u00dfen Schlaf genie\u00dft. Das Kinderbett ist aus hautfreundlichen Materialien gefertigt, um die zarte Haut Ihres Babys zu pflegen, und verf\u00fcgt \u00fcber einen atmungsaktiven Bettumfang f\u00fcr Sicht und Bel\u00fcftung.<\/p>\n<p>Der gro\u00dfe Aufbewahrungskorb sorgt daf\u00fcr, dass Sie die wichtigsten Babyutensilien immer in Reichweite haben. Die bequeme Matratze sorgt daf\u00fcr, dass Ihr Baby gut schl\u00e4ft, und die Universalr\u00e4der machen es einfach, das Bettchen zu bewegen, sodass Sie Ihr Kleines immer im Auge behalten k\u00f6nnen. Mit seinen sechs Verstellm\u00f6glichkeiten w\u00e4chst dieses Bettchen mit Ihrem Baby mit und h\u00e4lt die Entfernung der Liebe in Reichweite.<\/p>\n<h2>Eigenschaften<\/h2>\n<ul>\n<li><b>Vollverkleidung Moskitonetz<\/b>: Bietet dreidimensionalen Schutz und isoliert die M\u00fccken f\u00fcr einen ruhigen Schlaf.<\/li>\n<li><b>Bequemer Stoff<\/b>: Hautfreundliche Materialien, die die zarte Haut Ihres Babys pflegen.<\/li>\n<li><b>Atmungsaktives Bett Umfang<\/b>: Sorgt f\u00fcr gute Bel\u00fcftung und Sichtbarkeit, um die Bewegungen Ihres Babys zu \u00fcberwachen.<\/li>\n<li><b>Gro\u00dfer Aufbewahrungskorb<\/b>: Praktische Aufbewahrung f\u00fcr Babyutensilien.<\/li>\n<li><b>Bequeme Matratze<\/b>: Weiche Matratze f\u00fcr einen erholsamen Schlaf.<\/li>\n<li><b>Universal Wheel Push<\/b>: Macht das Kinderbett tragbar und leicht zu bewegen.<\/li>\n<li><b>Einstellung des sechsten Gangs<\/b>: Verstellbare H\u00f6he, um mit Ihrem Baby zu wachsen.<\/li>\n<\/ul>\n<h2>Technische Daten<\/h2>\n<ul>\n<li><b>Produktname<\/b>: Multifunktionales Babybett<\/li>\n<li><b>Anwendbares Alter<\/b>: 0-36 Monate<\/li>\n<li><b>Produkt Lastaufnahmemittel<\/b>: 50KG+<\/li>\n<li><b>Produkt Farbabstimmung<\/b>: Grau\/Gr\u00fcn<\/li>\n<li><b>Gr\u00f6\u00dfe des Produkts<\/b>:\n<ul>\n<li>H\u00f6he: 71-83 CM \/ 27.95-32.68 in<\/li>\n<li>Breite: 56 CM \/ 22.05 in<\/li>\n<li>L\u00e4nge: 90 CM \/ 35.43 in<\/li>\n<\/ul>\n<\/li>\n<\/ul>\n<h2>Das Paket enth\u00e4lt<\/h2>\n<ul>\n<li>1 x Multifunktionale Babykrippe<\/li>\n<li>1 x Vollverkleidung Moskitonetz<\/li>\n<li>1 x Bequeme Matratze<\/li>\n<li>1 x Gro\u00dfer Aufbewahrungskorb<\/li>\n<li>1 x Gebrauchsanweisung<\/li>\n<\/ul>\n<h2>Warum sollten Sie sich f\u00fcr unser multifunktionales Babybett entscheiden?<\/h2>\n<p>Unser Kinderbett zeichnet sich durch seine Multifunktionalit\u00e4t, seinen Komfort und seine Bequemlichkeit aus. Es ist so konzipiert, dass es sich den Bed\u00fcrfnissen Ihres Babys anpasst, vom Neugeborenen bis zum Kleinkind. Die verstellbare H\u00f6he, die atmungsaktiven Materialien und die leichte Transportierbarkeit sorgen daf\u00fcr, dass Ihr Baby bequem schl\u00e4ft und Sie sich keine Sorgen machen m\u00fcssen. Der gro\u00dfe Aufbewahrungskorb und das Moskitonetz sorgen f\u00fcr zus\u00e4tzlichen Komfort und Schutz und machen es zu einer perfekten Erg\u00e4nzung f\u00fcr Ihr Kinderzimmer.<\/p>\n<p>Investieren Sie in die <b>Multifunktionales Babybett<\/b> mit <b>Klappbare H\u00f6henverstellung Splei\u00dfen<\/b> und bieten Sie Ihrem Baby die bestm\u00f6gliche Schlaferfahrung. Bestellen Sie jetzt und genie\u00dfen Sie ein Kinderbett, das mit Ihrem Baby w\u00e4chst!<\/p>\n<p>&nbsp;<\/p>\n<div class=\"detailmodule_html\">\n<div class=\"detail-desc-decorate-richtext\"><img decoding=\"async\" src=\"https:\/\/pramlux.com\/wp-content\/uploads\/2024\/07\/S8138624dbf714316a1ebf7cd87222b7do.webp\" \/><br \/>\n<img decoding=\"async\" src=\"https:\/\/pramlux.com\/wp-content\/uploads\/2024\/07\/S76e573ab709e4d3baf7d5d101c888807M.webp\" \/><br \/>\n<img decoding=\"async\" src=\"https:\/\/pramlux.com\/wp-content\/uploads\/2024\/07\/S0223786397ae41beaac11ccc7c5065908.webp\" \/><br \/>\n<img decoding=\"async\" src=\"https:\/\/pramlux.com\/wp-content\/uploads\/2024\/07\/Safa7dbc135bc4ea180ef0a3b7517d540c.webp\" \/><br \/>\n<img decoding=\"async\" src=\"https:\/\/pramlux.com\/wp-content\/uploads\/2024\/07\/Sa89bd6d746c243eb92ca2eea0d135e087.webp\" \/><br \/>\n<img decoding=\"async\" src=\"https:\/\/pramlux.com\/wp-content\/uploads\/2024\/07\/S3f83c7115fe94440b0357449825ca72cd.webp\" \/><\/div>\n<\/div>\n<p>&nbsp;<\/p>","protected":false},"excerpt":{"rendered":"<div class=\"flex flex-grow flex-col max-w-full\">\n<div class=\"min-h-[20px] text-message flex w-full flex-col items-end gap-2 whitespace-pre-wrap break-words [.text-message+&amp;]:mt-5 overflow-x-auto\" dir=\"auto\" data-message-author-role=\"assistant\" data-message-id=\"843627d0-8d9a-4bc2-aa01-23360554614e\">\n<div class=\"flex w-full flex-col gap-1 empty:hidden first:pt-[3px]\">\n<div class=\"markdown prose w-full break-words dark:prose-invert dark\">\n<p>Multifunktionales Babybett mit faltbarer H\u00f6henverstellung, tragbare, bewegliche Bettschaukel. Mit Moskitonetz, atmungsaktivem Stoff und gro\u00dfem Aufbewahrungskorb. Geeignet f\u00fcr Neugeborene bis 36 Monate<\/p>\n<\/div>\n<\/div>\n<\/div>\n<\/div>","protected":false},"featured_media":24477,"comment_status":"open","ping_status":"closed","template":"","meta":[],"product_brand":[],"product_cat":[369],"product_tag":[],"class_list":{"0":"post-23904","1":"product","2":"type-product","3":"status-publish","4":"has-post-thumbnail","6":"product_cat-nursery-bedding","8":"first","9":"instock","10":"shipping-taxable","11":"purchasable","12":"product-type-variable"},"jetpack_sharing_enabled":true,"_links":{"self":[{"href":"https:\/\/pramlux.com\/de\/wp-json\/wp\/v2\/product\/23904","targetHints":{"allow":["GET"]}}],"collection":[{"href":"https:\/\/pramlux.com\/de\/wp-json\/wp\/v2\/product"}],"about":[{"href":"https:\/\/pramlux.com\/de\/wp-json\/wp\/v2\/types\/product"}],"replies":[{"embeddable":true,"href":"https:\/\/pramlux.com\/de\/wp-json\/wp\/v2\/comments?post=23904"}],"version-history":[{"count":2,"href":"https:\/\/pramlux.com\/de\/wp-json\/wp\/v2\/product\/23904\/revisions"}],"predecessor-version":[{"id":24417,"href":"https:\/\/pramlux.com\/de\/wp-json\/wp\/v2\/product\/23904\/revisions\/24417"}],"wp:featuredmedia":[{"embeddable":true,"href":"https:\/\/pramlux.com\/de\/wp-json\/wp\/v2\/media\/24477"}],"wp:attachment":[{"href":"https:\/\/pramlux.com\/de\/wp-json\/wp\/v2\/media?parent=23904"}],"wp:term":[{"taxonomy":"product_brand","embeddable":true,"href":"https:\/\/pramlux.com\/de\/wp-json\/wp\/v2\/product_brand?post=23904"},{"taxonomy":"product_cat","embeddable":true,"href":"https:\/\/pramlux.com\/de\/wp-json\/wp\/v2\/product_cat?post=23904"},{"taxonomy":"product_tag","embeddable":true,"href":"https:\/\/pramlux.com\/de\/wp-json\/wp\/v2\/product_tag?post=23904"}],"curies":[{"name":"wp","href":"https:\/\/api.w.org\/{rel}","templated":true}]}}