{"id":23767,"date":"2024-05-25T20:56:43","date_gmt":"2024-05-25T19:56:43","guid":{"rendered":"https:\/\/pramlux.com\/product\/lightweight-portable-travel-baby-stroller\/"},"modified":"2025-11-11T15:19:57","modified_gmt":"2025-11-11T15:19:57","slug":"lightweight-portable-travel-baby-stroller","status":"publish","type":"product","link":"https:\/\/pramlux.com\/de\/produkt\/lightweight-portable-travel-baby-stroller\/","title":{"rendered":"Leichter &amp; tragbarer Reise-Baby-Kinderwagen"},"content":{"rendered":"<div class=\"flex flex-grow flex-col max-w-full\">\n<div class=\"min-h-[20px] text-message flex flex-col items-start whitespace-pre-wrap break-words [.text-message+&amp;]:mt-5 juice:w-full juice:items-end overflow-x-auto gap-2\" dir=\"auto\" data-message-author-role=\"assistant\" data-message-id=\"7f182ded-006a-4400-916b-65d51067dc82\">\n<div class=\"flex w-full flex-col gap-1 juice:empty:hidden juice:first:pt-[3px]\">\n<div class=\"markdown prose w-full break-words dark:prose-invert light\">\n<h3>Two Way Push Baby Travel<\/h3>\n<h4>Eigenschaften<\/h4>\n<ol>\n<li><strong>Aluminium-Legierung Rahmen<\/strong><br \/>\nLeichtes Gewicht und kompakte Gr\u00f6\u00dfe, daher einfach zu man\u00f6vrieren und zu transportieren.<\/li>\n<li><strong>Zwei-Wege-Schiebe-Baby-Auto<\/strong><br \/>\nR\u00fcckenlehnenst\u00fctze aus Hartfaserplatten mit verstellbarer Sitzh\u00f6he und -l\u00e4nge f\u00fcr wachsende Babys.<\/li>\n<li><strong>Gro\u00dfer Raum und komfortables Sitzkissen<\/strong><br \/>\nBietet reichlich Platz und Komfort f\u00fcr Ihr Baby.<\/li>\n<li><strong>H\u00f6henverstellbarer Schiebeb\u00fcgel<\/strong><br \/>\nDer Schiebeb\u00fcgel kann in der H\u00f6he verstellt werden, damit Sie es bequem haben.<\/li>\n<li><strong>Verstellbare R\u00fcckenlehne<\/strong><br \/>\nDie R\u00fcckenlehne des Kinderwagens kann mechanisch mit drei G\u00e4ngen zwischen 98\u00b0 und 175\u00b0 verstellt werden.<\/li>\n<li><strong>Eif\u00f6rmiger Sitz<\/strong><br \/>\nMit Seitenst\u00fctze zum Schutz der Wirbels\u00e4ule Ihres Babys.<\/li>\n<li><strong>Leichtgewicht<\/strong><br \/>\nNettogewicht ca. 8,3 kg.<\/li>\n<li><strong>Abnehmbarer Stoff<\/strong><br \/>\nDer gesamte Stoff kann zum Waschen abgenommen werden, um Sauberkeit und Hygiene zu gew\u00e4hrleisten.<\/li>\n<li><strong>Zertifizierungen<\/strong><br \/>\nZertifizierung nach EN1888:2012 und CPC-Zertifizierung f\u00fcr Sicherheit und Qualit\u00e4t.<\/li>\n<\/ol>\n<\/div>\n<\/div>\n<\/div>\n<\/div>\n<p>&nbsp;<\/p>\n<p>&nbsp;<\/p>\n<p>&nbsp;<\/p>\n<p>&nbsp;<\/p>\n<p>&nbsp;<\/p>\n<p>&nbsp;<\/p>","protected":false},"excerpt":{"rendered":"<p>Two Way Push Baby Travel Features Aluminum Alloy Frame Lightweight and compact size, making it easy to maneuver and transport.<\/p>","protected":false},"featured_media":24480,"comment_status":"open","ping_status":"closed","template":"","meta":[],"product_brand":[],"product_cat":[277],"product_tag":[],"class_list":{"0":"post-23767","1":"product","2":"type-product","3":"status-publish","4":"has-post-thumbnail","6":"product_cat-pushchairs-prams","8":"first","9":"instock","10":"sale","11":"shipping-taxable","12":"purchasable","13":"product-type-variable"},"jetpack_sharing_enabled":true,"_links":{"self":[{"href":"https:\/\/pramlux.com\/de\/wp-json\/wp\/v2\/product\/23767","targetHints":{"allow":["GET"]}}],"collection":[{"href":"https:\/\/pramlux.com\/de\/wp-json\/wp\/v2\/product"}],"about":[{"href":"https:\/\/pramlux.com\/de\/wp-json\/wp\/v2\/types\/product"}],"replies":[{"embeddable":true,"href":"https:\/\/pramlux.com\/de\/wp-json\/wp\/v2\/comments?post=23767"}],"version-history":[{"count":4,"href":"https:\/\/pramlux.com\/de\/wp-json\/wp\/v2\/product\/23767\/revisions"}],"predecessor-version":[{"id":24673,"href":"https:\/\/pramlux.com\/de\/wp-json\/wp\/v2\/product\/23767\/revisions\/24673"}],"wp:featuredmedia":[{"embeddable":true,"href":"https:\/\/pramlux.com\/de\/wp-json\/wp\/v2\/media\/24480"}],"wp:attachment":[{"href":"https:\/\/pramlux.com\/de\/wp-json\/wp\/v2\/media?parent=23767"}],"wp:term":[{"taxonomy":"product_brand","embeddable":true,"href":"https:\/\/pramlux.com\/de\/wp-json\/wp\/v2\/product_brand?post=23767"},{"taxonomy":"product_cat","embeddable":true,"href":"https:\/\/pramlux.com\/de\/wp-json\/wp\/v2\/product_cat?post=23767"},{"taxonomy":"product_tag","embeddable":true,"href":"https:\/\/pramlux.com\/de\/wp-json\/wp\/v2\/product_tag?post=23767"}],"curies":[{"name":"wp","href":"https:\/\/api.w.org\/{rel}","templated":true}]}}