{"id":23757,"date":"2024-05-25T20:45:14","date_gmt":"2024-05-25T19:45:14","guid":{"rendered":"https:\/\/pramlux.com\/product\/baby-stroller-with-height-adjustable-reversible-seat\/"},"modified":"2024-08-27T14:16:34","modified_gmt":"2024-08-27T13:16:34","slug":"baby-stroller-with-height-adjustable-reversible-seat","status":"publish","type":"product","link":"https:\/\/pramlux.com\/de\/produkt\/baby-stroller-with-height-adjustable-reversible-seat\/","title":{"rendered":"Kinderwagen mit h\u00f6henverstellbarem, umkehrbarem Sitz"},"content":{"rendered":"<h1>Kinderwagen mit h\u00f6henverstellbarem, umkehrbarem Sitz<\/h1>\n<h1>Leichter Aluminiumrahmen<\/h1>\n<h3>SnugRide 35 Lite Elite Kinderautositz<\/h3>\n<p>&nbsp;<\/p>\n<p><strong>Von Angesicht zu Angesicht l\u00e4cheln<\/strong><br \/>\nStellen Sie den Slide2Me-Sitz oder die Babyschale auf eine von drei H\u00f6henpositionen ein, um die richtige Sitzposition f\u00fcr Ihr wachsendes Baby zu finden.<\/p>\n<p><strong>Umkehrbarer Kinderwagensitz<\/strong><br \/>\nDer Sitz kann dem Elternteil oder der Welt zugewandt sein und bietet so die perfekte Fahrt, wenn Ihr Baby w\u00e4chst.<\/p>\n<p><strong>3 Kinderwagen in 1<\/strong><br \/>\nDieser vielseitige Kinderwagen dient als Babyschale, Kinderwagen und Kinderwagen f\u00fcr Kleinkinder, so dass Sie vom S\u00e4uglings- bis zum Kleinkindalter spazieren gehen k\u00f6nnen.<\/p>\n<p><strong>Beinhaltet den Graco SnugRide 35 Lite Elite Kinderautositz<\/strong><br \/>\nDieser r\u00fcckw\u00e4rtsgerichtete Autositz ist f\u00fcr Kleinkinder von 1,8 kg bis 15,9 kg und bis zu einer K\u00f6rpergr\u00f6\u00dfe von 0,81 m geeignet und erm\u00f6glicht einen einfachen \u00dcbergang vom Auto zum Kinderwagen.<\/p>\n<p><strong>Erweiterbarer extragro\u00dfer Aufbewahrungskorb<\/strong><br \/>\nBietet mehr Platz f\u00fcr die wichtigsten Utensilien f\u00fcr Eltern und Baby und macht Ausfl\u00fcge bequemer.<\/p>\n<p>SPEZIALIEN<\/p>\n<ul>\n<li><strong>Material<\/strong>: Leichter Aluminiumrahmen<\/li>\n<li><strong>Kinderwagen-Konfigurationen<\/strong>: 3 in 1 (Autositz f\u00fcr Kleinkinder, Kinderwagen f\u00fcr Kleinkinder, Kinderwagen f\u00fcr Kleinkinder)<\/li>\n<li><strong>H\u00f6henpositionen<\/strong>: 3 (Slide2Me-Sitz oder Autokindersitz)<\/li>\n<li><strong>Autositz<\/strong>: Graco SnugRide 35 Lite Elite Kinderautositz<\/li>\n<li><strong>Gewichtsbereich<\/strong>: Geeignet f\u00fcr Kleinkinder von 1,8 kg bis 15,9 kg<\/li>\n<li><strong>H\u00f6henbegrenzung<\/strong>: Bis zu 0,81 Meter<\/li>\n<li><strong>Aufbewahrungskorb<\/strong>: Erweiterbar und extragro\u00df f\u00fcr die wichtigsten Utensilien f\u00fcr Eltern und Baby<\/li>\n<\/ul>\n<p><img decoding=\"async\" style=\"height: auto; width: 100%;\" src=\"https:\/\/pramlux.com\/wp-content\/uploads\/2024\/05\/Sd5f8761b470d48c48418d9012ed9ec3cN.webp\" \/><img decoding=\"async\" style=\"height: auto; width: 100%;\" src=\"https:\/\/pramlux.com\/wp-content\/uploads\/2024\/05\/Sccb3a9a259bc405a8a591d13b6aecf55z.webp\" \/><img decoding=\"async\" style=\"height: auto; width: 100%;\" src=\"https:\/\/pramlux.com\/wp-content\/uploads\/2024\/05\/S3e8a741b24cf4be5987102686bfb23416.webp\" \/><img decoding=\"async\" style=\"height: auto; width: 100%;\" src=\"https:\/\/pramlux.com\/wp-content\/uploads\/2024\/05\/Sdccc4f9d497941ddb3f848e7bf898308W.webp\" \/><img decoding=\"async\" style=\"height: auto; width: 100%;\" src=\"https:\/\/pramlux.com\/wp-content\/uploads\/2024\/05\/S1608626ac70f46d8ae20feb265544aa4w.webp\" \/><img decoding=\"async\" style=\"height: auto; width: 100%;\" src=\"https:\/\/pramlux.com\/wp-content\/uploads\/2024\/05\/S30a949638b054cf7bf081c18793177886.webp\" \/><\/p>","protected":false},"excerpt":{"rendered":"<p>Baby Stroller with Height Adjustable Reversible Seat Lightweight Aluminum Frame SnugRide 35 Lite Elite Infant Car Seat &nbsp; Enjoy face-to-face<\/p>","protected":false},"featured_media":23751,"comment_status":"open","ping_status":"closed","template":"","meta":[],"product_brand":[],"product_cat":[277],"product_tag":[],"class_list":{"0":"post-23757","1":"product","2":"type-product","3":"status-publish","4":"has-post-thumbnail","6":"product_cat-pushchairs-prams","8":"first","9":"instock","10":"sale","11":"shipping-taxable","12":"purchasable","13":"product-type-simple"},"jetpack_sharing_enabled":true,"_links":{"self":[{"href":"https:\/\/pramlux.com\/de\/wp-json\/wp\/v2\/product\/23757","targetHints":{"allow":["GET"]}}],"collection":[{"href":"https:\/\/pramlux.com\/de\/wp-json\/wp\/v2\/product"}],"about":[{"href":"https:\/\/pramlux.com\/de\/wp-json\/wp\/v2\/types\/product"}],"replies":[{"embeddable":true,"href":"https:\/\/pramlux.com\/de\/wp-json\/wp\/v2\/comments?post=23757"}],"version-history":[{"count":2,"href":"https:\/\/pramlux.com\/de\/wp-json\/wp\/v2\/product\/23757\/revisions"}],"predecessor-version":[{"id":24489,"href":"https:\/\/pramlux.com\/de\/wp-json\/wp\/v2\/product\/23757\/revisions\/24489"}],"wp:featuredmedia":[{"embeddable":true,"href":"https:\/\/pramlux.com\/de\/wp-json\/wp\/v2\/media\/23751"}],"wp:attachment":[{"href":"https:\/\/pramlux.com\/de\/wp-json\/wp\/v2\/media?parent=23757"}],"wp:term":[{"taxonomy":"product_brand","embeddable":true,"href":"https:\/\/pramlux.com\/de\/wp-json\/wp\/v2\/product_brand?post=23757"},{"taxonomy":"product_cat","embeddable":true,"href":"https:\/\/pramlux.com\/de\/wp-json\/wp\/v2\/product_cat?post=23757"},{"taxonomy":"product_tag","embeddable":true,"href":"https:\/\/pramlux.com\/de\/wp-json\/wp\/v2\/product_tag?post=23757"}],"curies":[{"name":"wp","href":"https:\/\/api.w.org\/{rel}","templated":true}]}}