{"id":23743,"date":"2024-05-25T20:40:21","date_gmt":"2024-05-25T19:40:21","guid":{"rendered":"https:\/\/pramlux.com\/product\/doona-car-seat-stroller-green-all-in-one-travel-system\/"},"modified":"2024-08-29T13:28:33","modified_gmt":"2024-08-29T12:28:33","slug":"doona-car-seat-stroller-green-all-in-one-travel-system","status":"publish","type":"product","link":"https:\/\/pramlux.com\/de\/produkt\/doona-car-seat-stroller-green-all-in-one-travel-system\/","title":{"rendered":"All in One Travel System : Autositz &amp; Kinderwagen - Gr\u00fcn"},"content":{"rendered":"<h1>All in One Travel System : Autositz &amp; Kinderwagen - Gr\u00fcn<\/h1>\n<p><strong>IN SEKUNDENSCHNELLE VOM AUTOSITZ ZUM KINDERWAGEN<\/strong><br \/>\nEgal, ob Sie Besorgungen machen oder mit dem Auto, dem Zug oder dem Flugzeug unterwegs sind, Doona ist das komplette Reisesystem. Mit nur einem Klick k\u00f6nnen Sie vom Autositz zum Kinderwagen wechseln, ohne Ihr schlafendes Kind zu st\u00f6ren.<\/p>\n<p><strong>EINFACH ZU BENUTZEN<\/strong><br \/>\nMit einem verstellbaren Lenker, abwaschbaren Materialien und einem intuitiven Design sorgt der sichere Ein-Klick-Mechanismus von Doona daf\u00fcr, dass der Wagen immer richtig sitzt - und erm\u00f6glicht es Ihnen, die Welt mit Ihrem Kind frei und flexibel zu erkunden.<\/p>\n<p><strong>ERGONOMISCHE UNTERST\u00dcTZUNG<\/strong><br \/>\nDoona wurde entwickelt, um sicherzustellen, dass der K\u00f6rper Ihres Babys richtig gest\u00fctzt wird. Das nahezu flache ergonomische Design der Doona S\u00e4uglingseinlage st\u00e4rkt den oberen und unteren R\u00fccken Ihres Neugeborenen und sorgt daf\u00fcr, dass Nacken und R\u00fccken in einer Linie sind.<\/p>\n<p><strong>SAFE<\/strong><br \/>\nMit 3-lagigem Seitenaufprallschutz, Anti-R\u00fcckprall-Bar-Crash-Technologie und einem 5-Punkt-Sicherheitsgurt. Er ist T\u00dcV- und FAA-zugelassen, besteht aus babysicheren Materialien und das Verdeck ist wasserabweisend und bietet UPF 50+ Sonnenschutz.<\/p>\n<p><strong>F\u00dcR DIE HALTUNG GEMACHT<\/strong><br \/>\nDoona besteht aus hochwertigen faserverst\u00e4rkten Kunststoffen, rostfreiem Aluminium und langlebigen R\u00e4dern. Er ist der einzige Autositz, der als r\u00fcckw\u00e4rtsgerichteter Autositz, als Kinderwagen und als Babyschale getestet und zertifiziert wurde.<\/p>\n<p><strong>WAS ENTHALTEN IST<\/strong><br \/>\nDer Doona Autositz &amp; Kinderwagen umfasst den Doona Autositz, den Doona Kinderwagen, die Doona Babyeinlage und Kopfst\u00fctze, den Doona Fahrzeugsitzschutz und die Doona LATCH Autositzbasis.<\/p>\n<p><strong>SPEZIALIEN<\/strong><\/p>\n<ul>\n<li>Geeignet von 1,8 kg bis 15,9 kg, max. 0,81 m H\u00f6he.<\/li>\n<li>Nur f\u00fcr r\u00fcckw\u00e4rtsgerichtete Autositze.<\/li>\n<li>Der Autositz wiegt 7,5 kg, die Basis wiegt 4,7 kg.<\/li>\n<li>Produktabmessungen: Zusammengeklappt: 0,71 x 0,47 x 0,50 Meter; Ungefaltet: 0,99 x 0,44 x 0,82 Meter.<\/li>\n<li>Gewicht: 7,5 kg.<\/li>\n<\/ul>\n<p><img decoding=\"async\" style=\"height: auto; width: 100%;\" src=\"https:\/\/pramlux.com\/wp-content\/uploads\/2024\/05\/S4b85803f9f99405a9d0cdce8d74b514bp.webp\" \/><img decoding=\"async\" style=\"height: auto; width: 100%;\" src=\"https:\/\/pramlux.com\/wp-content\/uploads\/2024\/05\/S13fd4fc735474eecbc42b1a238dcfde7u.webp\" \/><img decoding=\"async\" style=\"height: auto; width: 100%;\" src=\"https:\/\/pramlux.com\/wp-content\/uploads\/2024\/05\/Sdb93e3ff758b47bfb51b60a5afa3d382C.webp\" \/><img decoding=\"async\" style=\"height: auto; width: 100%;\" src=\"https:\/\/pramlux.com\/wp-content\/uploads\/2024\/05\/S4105fec02e064658abfb24d28d37151bd.webp\" \/><img decoding=\"async\" style=\"height: auto; width: 100%;\" src=\"https:\/\/pramlux.com\/wp-content\/uploads\/2024\/05\/S0b58e631f4e2471792c1fcc7c4be9b34a.webp\" \/><img decoding=\"async\" style=\"height: auto; width: 100%;\" src=\"https:\/\/pramlux.com\/wp-content\/uploads\/2024\/05\/S2ba30c007a88446387ff939551e5f060c.webp\" \/><\/p>","protected":false},"excerpt":{"rendered":"<p>All in One Travel System : Car Seat &amp; Stroller &#8211; Green FROM CAR SEAT TO STROLLER IN SECONDS Whether<\/p>","protected":false},"featured_media":23742,"comment_status":"open","ping_status":"closed","template":"","meta":[],"product_brand":[],"product_cat":[277],"product_tag":[],"class_list":{"0":"post-23743","1":"product","2":"type-product","3":"status-publish","4":"has-post-thumbnail","6":"product_cat-pushchairs-prams","8":"first","9":"instock","10":"sale","11":"shipping-taxable","12":"purchasable","13":"product-type-simple"},"jetpack_sharing_enabled":true,"_links":{"self":[{"href":"https:\/\/pramlux.com\/de\/wp-json\/wp\/v2\/product\/23743","targetHints":{"allow":["GET"]}}],"collection":[{"href":"https:\/\/pramlux.com\/de\/wp-json\/wp\/v2\/product"}],"about":[{"href":"https:\/\/pramlux.com\/de\/wp-json\/wp\/v2\/types\/product"}],"replies":[{"embeddable":true,"href":"https:\/\/pramlux.com\/de\/wp-json\/wp\/v2\/comments?post=23743"}],"version-history":[{"count":6,"href":"https:\/\/pramlux.com\/de\/wp-json\/wp\/v2\/product\/23743\/revisions"}],"predecessor-version":[{"id":24687,"href":"https:\/\/pramlux.com\/de\/wp-json\/wp\/v2\/product\/23743\/revisions\/24687"}],"wp:featuredmedia":[{"embeddable":true,"href":"https:\/\/pramlux.com\/de\/wp-json\/wp\/v2\/media\/23742"}],"wp:attachment":[{"href":"https:\/\/pramlux.com\/de\/wp-json\/wp\/v2\/media?parent=23743"}],"wp:term":[{"taxonomy":"product_brand","embeddable":true,"href":"https:\/\/pramlux.com\/de\/wp-json\/wp\/v2\/product_brand?post=23743"},{"taxonomy":"product_cat","embeddable":true,"href":"https:\/\/pramlux.com\/de\/wp-json\/wp\/v2\/product_cat?post=23743"},{"taxonomy":"product_tag","embeddable":true,"href":"https:\/\/pramlux.com\/de\/wp-json\/wp\/v2\/product_tag?post=23743"}],"curies":[{"name":"wp","href":"https:\/\/api.w.org\/{rel}","templated":true}]}}