{"id":23405,"date":"2023-07-23T19:41:28","date_gmt":"2023-07-23T18:41:28","guid":{"rendered":"https:\/\/pramlux.com\/?post_type=product&#038;p=23405"},"modified":"2025-12-28T19:15:09","modified_gmt":"2025-12-28T19:15:09","slug":"babybeat-fetal-doppler-detector-baby-heart-beat-rate-monitor-2","status":"publish","type":"product","link":"https:\/\/pramlux.com\/de\/produkt\/babybeat-fetal-doppler-detector-baby-heart-beat-rate-monitor-2\/","title":{"rendered":"BabyBeat\u2122 Fetal Doppler Detektor Baby Herzschlagrate Monitor"},"content":{"rendered":"<h1 style=\"text-align: center;\">CONTEC10A Taschen-Fetaldoppler<\/h1>\n<h2 style=\"text-align: center;\">\u00a0tragbares Ger\u00e4t zur Erkennung der fetalen Herzfrequenz mit Doppler-Technologie.<\/h2>\n<h3 style=\"text-align: center;\">Dieses innovative Ger\u00e4t bietet eine einfache und bequeme M\u00f6glichkeit, die fetale Herzfrequenz zu \u00fcberwachen, indem es den gemessenen FHR-Wert und die Wellenform auf seinem LCD-Farbbildschirm anzeigt. Sein kompaktes Design mit magnetischer Sonde gew\u00e4hrleistet eine bequeme Anwendung und ein sch\u00f6nes Aussehen.<\/h3>\n<p><img fetchpriority=\"high\" decoding=\"async\" class=\"aligncenter size-full wp-image-23414\" src=\"https:\/\/pramlux.com\/wp-content\/uploads\/2023\/07\/H8abdd6da9f034a54b47e569a122751819.jpg\" alt=\"\" width=\"725\" height=\"422\" srcset=\"https:\/\/pramlux.com\/wp-content\/uploads\/2023\/07\/H8abdd6da9f034a54b47e569a122751819.jpg 725w, https:\/\/pramlux.com\/wp-content\/uploads\/2023\/07\/H8abdd6da9f034a54b47e569a122751819-400x233.jpg 400w, https:\/\/pramlux.com\/wp-content\/uploads\/2023\/07\/H8abdd6da9f034a54b47e569a122751819-60x35.jpg 60w, https:\/\/pramlux.com\/wp-content\/uploads\/2023\/07\/H8abdd6da9f034a54b47e569a122751819-110x64.jpg 110w, https:\/\/pramlux.com\/wp-content\/uploads\/2023\/07\/H8abdd6da9f034a54b47e569a122751819-430x250.jpg 430w, https:\/\/pramlux.com\/wp-content\/uploads\/2023\/07\/H8abdd6da9f034a54b47e569a122751819-700x407.jpg 700w, https:\/\/pramlux.com\/wp-content\/uploads\/2023\/07\/H8abdd6da9f034a54b47e569a122751819-150x87.jpg 150w\" sizes=\"(max-width: 725px) 100vw, 725px\" \/><\/p>\n<p>&nbsp;<\/p>\n<h3>Funktion:<\/h3>\n<ul>\n<li>Benutzerfreundliche Bedienung f\u00fcr einen reibungslosen Einsatz<\/li>\n<li>Farbdisplay mit klaren Ziffern und Wellenformdarstellung<\/li>\n<li>Batteriestandsanzeige zur einfachen \u00dcberwachung des Energiestatus<\/li>\n<li>Automatische Abschaltfunktion nach 60 Sekunden ohne Signaleingang<\/li>\n<li>Hochempfindliche Doppler-Sonde f\u00fcr eindeutige f\u00f6tale Herzt\u00f6ne bei Schwangerschaften nach der 12.<\/li>\n<li>Zwei Tonausgabemodi: integrierter Lautsprecher und externer Kopfh\u00f6rer, die Flexibilit\u00e4t bei der Nutzung bieten.<\/li>\n<\/ul>\n<h3>Leistung:<\/h3>\n<ul>\n<li>Sicherheitseinstufung: Ger\u00e4te mit interner Stromversorgung, Anwendungsteil vom Typ CF<\/li>\n<li>Anzeige: 1,77\u2033 LCD-Bildschirm f\u00fcr klare Visualisierung<\/li>\n<li>FHR-Messung und Anzeigebereich: 50 BPM ~ 240 BPM (BPM: Schl\u00e4ge pro Minute)<\/li>\n<li>Pr\u00e4zise Aufl\u00f6sung: 1 BPM<\/li>\n<li>Genauigkeit: \u00b1 2 BPM f\u00fcr eine zuverl\u00e4ssige \u00dcberwachung<\/li>\n<li>Nennbetriebsspannung: DC3 V<\/li>\n<li>Batterietyp: zwei 1,5-V-Batterien (AA LR6) f\u00fcr Tragbarkeit und Zug\u00e4nglichkeit<\/li>\n<li>Tastkopf mit einer Nennfrequenz von 3,0 MHz und einer Arbeitsfrequenz von 3,0 MHz \u00b1 10%<\/li>\n<li>Garantierte Sicherheitsma\u00dfnahmen mit negativem Spitzenschalldruck: P_ &lt; 1 MPa, Ausgangsstrahlintensit\u00e4t: Iob &lt; 20 mW\/cm2, und r\u00e4umlich-zeitlich-gemittelte Intensit\u00e4t: Ispta &lt; 100 mW\/cm2<\/li>\n<li>Ultraschall-Ausgangsleistung: P &lt; 20 mW<\/li>\n<li>Arbeitsmodus: Kontinuierlicher Wellen-Doppler f\u00fcr genaue Messwerte<\/li>\n<li>Effektive Abstrahlungsfl\u00e4che des Schallwandlers: \u2264 208 mm2<\/li>\n<\/ul>\n<h3>Zubeh\u00f6r:<\/h3>\n<ul>\n<li>Enth\u00e4lt ein umfassendes Benutzerhandbuch zur einfachen Einrichtung und Verwendung.<\/li>\n<\/ul>\n<h3>Physikalische Merkmale:<\/h3>\n<ul>\n<li>Kompakte Abmessungen von 157mm(L) \u00d7 99mm(B) \u00d7 27mm(H)<\/li>\n<li>Leichtes Design mit einem Gewicht von ca. 207 g (mit Batterien), was die Tragbarkeit und einfache Handhabung gew\u00e4hrleistet.<\/li>\n<\/ul>\n<p><img decoding=\"async\" class=\"aligncenter wp-image-23404 size-full\" src=\"https:\/\/pramlux.com\/wp-content\/uploads\/2023\/07\/A4d3b87c060ad4aecbd6f6e937579c7e9O-1.jpg\" alt=\"\" width=\"800\" height=\"800\" srcset=\"https:\/\/pramlux.com\/wp-content\/uploads\/2023\/07\/A4d3b87c060ad4aecbd6f6e937579c7e9O-1.jpg 800w, https:\/\/pramlux.com\/wp-content\/uploads\/2023\/07\/A4d3b87c060ad4aecbd6f6e937579c7e9O-1-300x300.jpg 300w, https:\/\/pramlux.com\/wp-content\/uploads\/2023\/07\/A4d3b87c060ad4aecbd6f6e937579c7e9O-1-150x150.jpg 150w, https:\/\/pramlux.com\/wp-content\/uploads\/2023\/07\/A4d3b87c060ad4aecbd6f6e937579c7e9O-1-768x768.jpg 768w, https:\/\/pramlux.com\/wp-content\/uploads\/2023\/07\/A4d3b87c060ad4aecbd6f6e937579c7e9O-1-70x70.jpg 70w, https:\/\/pramlux.com\/wp-content\/uploads\/2023\/07\/A4d3b87c060ad4aecbd6f6e937579c7e9O-1-60x60.jpg 60w, https:\/\/pramlux.com\/wp-content\/uploads\/2023\/07\/A4d3b87c060ad4aecbd6f6e937579c7e9O-1-110x110.jpg 110w, https:\/\/pramlux.com\/wp-content\/uploads\/2023\/07\/A4d3b87c060ad4aecbd6f6e937579c7e9O-1-500x500.jpg 500w, https:\/\/pramlux.com\/wp-content\/uploads\/2023\/07\/A4d3b87c060ad4aecbd6f6e937579c7e9O-1-430x430.jpg 430w, https:\/\/pramlux.com\/wp-content\/uploads\/2023\/07\/A4d3b87c060ad4aecbd6f6e937579c7e9O-1-700x700.jpg 700w, https:\/\/pramlux.com\/wp-content\/uploads\/2023\/07\/A4d3b87c060ad4aecbd6f6e937579c7e9O-1-32x32.jpg 32w, https:\/\/pramlux.com\/wp-content\/uploads\/2023\/07\/A4d3b87c060ad4aecbd6f6e937579c7e9O-1-80x80.jpg 80w\" sizes=\"(max-width: 800px) 100vw, 800px\" \/> <img decoding=\"async\" class=\"aligncenter wp-image-23406 size-full\" src=\"https:\/\/pramlux.com\/wp-content\/uploads\/2023\/07\/Sb95c18cc129d4923a7258838c1ee0e7dL-1.jpg\" alt=\"\" width=\"800\" height=\"800\" srcset=\"https:\/\/pramlux.com\/wp-content\/uploads\/2023\/07\/Sb95c18cc129d4923a7258838c1ee0e7dL-1.jpg 800w, https:\/\/pramlux.com\/wp-content\/uploads\/2023\/07\/Sb95c18cc129d4923a7258838c1ee0e7dL-1-300x300.jpg 300w, https:\/\/pramlux.com\/wp-content\/uploads\/2023\/07\/Sb95c18cc129d4923a7258838c1ee0e7dL-1-150x150.jpg 150w, https:\/\/pramlux.com\/wp-content\/uploads\/2023\/07\/Sb95c18cc129d4923a7258838c1ee0e7dL-1-768x768.jpg 768w, https:\/\/pramlux.com\/wp-content\/uploads\/2023\/07\/Sb95c18cc129d4923a7258838c1ee0e7dL-1-70x70.jpg 70w, https:\/\/pramlux.com\/wp-content\/uploads\/2023\/07\/Sb95c18cc129d4923a7258838c1ee0e7dL-1-60x60.jpg 60w, https:\/\/pramlux.com\/wp-content\/uploads\/2023\/07\/Sb95c18cc129d4923a7258838c1ee0e7dL-1-110x110.jpg 110w, https:\/\/pramlux.com\/wp-content\/uploads\/2023\/07\/Sb95c18cc129d4923a7258838c1ee0e7dL-1-500x500.jpg 500w, https:\/\/pramlux.com\/wp-content\/uploads\/2023\/07\/Sb95c18cc129d4923a7258838c1ee0e7dL-1-430x430.jpg 430w, https:\/\/pramlux.com\/wp-content\/uploads\/2023\/07\/Sb95c18cc129d4923a7258838c1ee0e7dL-1-700x700.jpg 700w, https:\/\/pramlux.com\/wp-content\/uploads\/2023\/07\/Sb95c18cc129d4923a7258838c1ee0e7dL-1-32x32.jpg 32w, https:\/\/pramlux.com\/wp-content\/uploads\/2023\/07\/Sb95c18cc129d4923a7258838c1ee0e7dL-1-80x80.jpg 80w\" sizes=\"(max-width: 800px) 100vw, 800px\" \/><\/p>\n<h1><\/h1>\n<p><img decoding=\"async\" class=\"aligncenter\" src=\"https:\/\/pramlux.com\/wp-content\/uploads\/2023\/07\/H61abf5f2d8fe4b5faf137ae310e00b70i.jpg\" \/><img decoding=\"async\" class=\"aligncenter\" src=\"https:\/\/pramlux.com\/wp-content\/uploads\/2023\/07\/Hd312c0ed72a24905a28b99348fd769463.jpg\" \/><img decoding=\"async\" class=\"aligncenter\" src=\"https:\/\/pramlux.com\/wp-content\/uploads\/2023\/07\/H2ddd7fd083a74d1792e42de81373d0318.jpg\" \/><img decoding=\"async\" class=\"aligncenter\" src=\"https:\/\/pramlux.com\/wp-content\/uploads\/2023\/07\/H68aab8e38e144e788c1e510bb330733e8.jpg\" \/><\/p>\n<p>&nbsp;<\/p>\n<p>&nbsp;<\/p>\n<p>&nbsp;<\/p>\n<p>&nbsp;<\/p>\n<p>&nbsp;<\/p>\n<p>&nbsp;<\/p>\n<p>&nbsp;<\/p>","protected":false},"excerpt":{"rendered":"<p>Jede Minute der Mutterschaft, besonders die erste, sollte gesch\u00e4tzt werden! Beginnen Sie die Bindung zu Ihrem Baby, w\u00e4hrend es noch im Mutterleib ist. Schalten Sie die F\u00e4higkeit frei, mit Ihrem Baby zu kommunizieren und seinen Herzschlag zu h\u00f6ren. Im Bruchteil einer Sekunde.<\/p>\n<ul>\n<li>Das H\u00f6ren auf den Herzschlag Ihres Babys kann eine starke Bindung zwischen Ihnen und Ihrem Kind f\u00f6rdern.<\/li>\n<li>Den Herzschlag Ihres Babys zu h\u00f6ren, kann Ihnen Trost und Seelenfrieden geben.<\/li>\n<li>Die Verwendung des Lucky Baby Dopplers zu Hause kann eine wirklich spannende und angenehme Erfahrung sein.<\/li>\n<\/ul>","protected":false},"featured_media":23404,"comment_status":"open","ping_status":"closed","template":"","meta":[],"product_brand":[],"product_cat":[277],"product_tag":[],"class_list":{"0":"post-23405","1":"product","2":"type-product","3":"status-publish","4":"has-post-thumbnail","6":"product_cat-pushchairs-prams","8":"first","9":"instock","10":"shipping-taxable","11":"purchasable","12":"product-type-simple"},"jetpack_sharing_enabled":true,"_links":{"self":[{"href":"https:\/\/pramlux.com\/de\/wp-json\/wp\/v2\/product\/23405","targetHints":{"allow":["GET"]}}],"collection":[{"href":"https:\/\/pramlux.com\/de\/wp-json\/wp\/v2\/product"}],"about":[{"href":"https:\/\/pramlux.com\/de\/wp-json\/wp\/v2\/types\/product"}],"replies":[{"embeddable":true,"href":"https:\/\/pramlux.com\/de\/wp-json\/wp\/v2\/comments?post=23405"}],"version-history":[{"count":8,"href":"https:\/\/pramlux.com\/de\/wp-json\/wp\/v2\/product\/23405\/revisions"}],"predecessor-version":[{"id":24870,"href":"https:\/\/pramlux.com\/de\/wp-json\/wp\/v2\/product\/23405\/revisions\/24870"}],"wp:featuredmedia":[{"embeddable":true,"href":"https:\/\/pramlux.com\/de\/wp-json\/wp\/v2\/media\/23404"}],"wp:attachment":[{"href":"https:\/\/pramlux.com\/de\/wp-json\/wp\/v2\/media?parent=23405"}],"wp:term":[{"taxonomy":"product_brand","embeddable":true,"href":"https:\/\/pramlux.com\/de\/wp-json\/wp\/v2\/product_brand?post=23405"},{"taxonomy":"product_cat","embeddable":true,"href":"https:\/\/pramlux.com\/de\/wp-json\/wp\/v2\/product_cat?post=23405"},{"taxonomy":"product_tag","embeddable":true,"href":"https:\/\/pramlux.com\/de\/wp-json\/wp\/v2\/product_tag?post=23405"}],"curies":[{"name":"wp","href":"https:\/\/api.w.org\/{rel}","templated":true}]}}