{"id":5011,"date":"2022-06-27T16:30:31","date_gmt":"2022-06-27T15:30:31","guid":{"rendered":"https:\/\/uk.brotsy.com\/?page_id=5011"},"modified":"2025-04-05T06:59:38","modified_gmt":"2025-04-05T05:59:38","slug":"cookie-policy","status":"publish","type":"page","link":"https:\/\/pramlux.com\/de\/cookie-policy\/","title":{"rendered":"Cookie-Richtlinie"},"content":{"rendered":"<p><strong>Was sind Cookies?<\/strong><\/p>\n\n\n\n<p>Cookies sind kleine Textdateien, die Websites auf Ihrem Computer oder Mobilger\u00e4t speichern, wenn Sie sie besuchen. Unsere Website und unsere Werbepartner verwenden Cookies, um Ihr Surferlebnis zu verbessern, den Website-Verkehr zu analysieren, Werbeinhalte zu personalisieren und die Wirksamkeit der Werbung zu messen.<\/p>\n\n\n\n<p><strong>Verwalten Ihrer Cookie-Pr\u00e4ferenzen<\/strong><\/p>\n\n\n\n<p>Sie haben die M\u00f6glichkeit, die auf Ihrem Ger\u00e4t gespeicherten Cookies zu kontrollieren. Sie k\u00f6nnen Cookies einschr\u00e4nken oder blockieren, indem Sie Ihre Browsereinstellungen anpassen. Die Methode zur Verwaltung von Cookies h\u00e4ngt von Ihrem Browser ab. Bitte konsultieren Sie die Hilfedokumentation Ihres Browsers f\u00fcr spezifische Anweisungen.<\/p>\n\n\n\n<p>Bitte beachten Sie, dass bei der Deaktivierung bestimmter Cookies einige Funktionen unserer Website m\u00f6glicherweise nicht richtig funktionieren und Ihr Surferlebnis beeintr\u00e4chtigt sein kann.<\/p>\n\n\n\n<p><strong>Detaillierte Anweisungen zur Verwaltung von Cookies<\/strong><\/p>\n\n\n\n<p>Umfassende, browserspezifische Anleitungen zur Verwaltung von Cookies finden Sie in dem Leitfaden des Information Commissioner's Office (ICO). <em>(Bitte beachten Sie, dass wir f\u00fcr den Inhalt externer Websites nicht verantwortlich sind).<\/em> Das ICO bietet detaillierte Informationen zur Verwaltung von Cookies in verschiedenen Browsern: <a href=\"https:\/\/ico.org.uk\/your-data-matters\/online\/cookies\/\">https:\/\/ico.org.uk\/your-data-matters\/online\/cookies\/<\/a><\/p>\n\n\n\n<p>Viele Browser bieten auch einen \"Private-Browsing\"-Modus, der die Speicherung von Cookies und des Browserverlaufs w\u00e4hrend Ihrer Sitzung verhindert. Alle Cookies, die w\u00e4hrend einer privaten Browsing-Sitzung erstellt werden, werden normalerweise gel\u00f6scht, wenn Sie alle Browserfenster schlie\u00dfen.<\/p>\n\n\n\n<p><strong>Abmeldung von Google Analytics<\/strong><\/p>\n\n\n\n<p>Sie k\u00f6nnen verhindern, dass Google Analytics Ihre Aktivit\u00e4ten auf allen Websites verfolgt, indem Sie das Google Analytics Opt-out Browser Add-on installieren. <em>(Bitte beachten Sie, dass wir f\u00fcr den Inhalt externer Websites nicht verantwortlich sind).<\/em> Dieses Add-on ist f\u00fcr verschiedene Browser verf\u00fcgbar und kann hier heruntergeladen werden: <a href=\"https:\/\/tools.google.com\/dlpage\/gaoptout\">https:\/\/tools.google.com\/dlpage\/gaoptout<\/a><\/p>\n\n\n\n<p><strong>Arten von Cookies, die auf unserer Website verwendet werden<\/strong><\/p>\n\n\n\n<p>Wir verwenden die folgenden Kategorien von Cookies:<\/p>\n\n\n\n<ul class=\"wp-block-list\">\n<li><strong>Cookies der ersten Partei:<\/strong> Diese Cookies werden von unserer Website (pramlux.com) gesetzt und dienen in erster Linie dazu, sich an Ihre Pr\u00e4ferenzen zu erinnern, z. B. an die Artikel in Ihrem Warenkorb oder Ihre bevorzugte W\u00e4hrung.<\/li>\n\n\n\n<li><strong>Cookies von Drittanbietern:<\/strong> Diese Cookies werden von einer anderen Dom\u00e4ne als unserer Website gesetzt und werden in der Regel f\u00fcr Werbung, Analysen und andere seiten\u00fcbergreifende Tracking-Zwecke verwendet.<\/li>\n\n\n\n<li><strong>Sitzungs-Cookies:<\/strong> Es handelt sich um tempor\u00e4re Cookies, die ablaufen und automatisch gel\u00f6scht werden, wenn Sie Ihren Browser schlie\u00dfen.<\/li>\n\n\n\n<li><strong>Dauerhafte Cookies:<\/strong> Diese Cookies verbleiben f\u00fcr einen bestimmten Zeitraum auf Ihrem Ger\u00e4t oder bis Sie sie manuell l\u00f6schen.<\/li>\n<\/ul>\n\n\n\n<p><strong>Auf unserer Website verwendete spezifische Cookies<\/strong><\/p>\n\n\n\n<p>Die folgende Tabelle enth\u00e4lt detaillierte Informationen \u00fcber die auf unserer Website verwendeten Cookies, einschlie\u00dflich ihres Zwecks und Anbieters:<\/p>\n\n\n\n<figure class=\"wp-block-table\"><table class=\"has-fixed-layout\"><thead><tr><th>Name des Cookies<\/th><th>Anbieter<\/th><th>Typ<\/th><th>Zweck<\/th><th>Verfallsdatum<\/th><\/tr><\/thead><tbody><tr><td><code>_ga<\/code><\/td><td>Google Analytics<\/td><td>Drittanbieter<\/td><td>Unterscheidet einzelne Nutzer und verfolgt den Website-Verkehr.<\/td><td>2 Jahre<\/td><\/tr><tr><td><code>_gid<\/code><\/td><td>Google Analytics<\/td><td>Drittanbieter<\/td><td>Unterscheidet einzelne Nutzer und verfolgt den Website-Verkehr.<\/td><td>24 Stunden<\/td><\/tr><tr><td><code>_gat<\/code><\/td><td>Google Analytics<\/td><td>Drittanbieter<\/td><td>Dient zur Drosselung der Anfragerate, um die Datenerfassung auf stark frequentierten Websites zu begrenzen.<\/td><td>1 Minute<\/td><\/tr><tr><td><code>ads_user_data_src<\/code><\/td><td>Google-Anzeigen<\/td><td>Drittanbieter<\/td><td>Wird verwendet, um Werbung und Personalisierung zu verbessern, die f\u00fcr jeden Nutzer relevant ist.<\/td><td>Sitzung<\/td><\/tr><tr><td>DoubleClick<\/td><td>DoubleClick<\/td><td>Drittanbieter<\/td><td>Erm\u00f6glicht Retargeting und verfolgt die Leistung von Werbekampagnen.<\/td><td>12 Monate<\/td><\/tr><tr><td>reCAPTCHA<\/td><td>Google<\/td><td>Drittanbieter<\/td><td>Wird verwendet, um Nutzer von automatisierten Bots zu unterscheiden und die Sicherheit auf unserer Website zu verbessern.<\/td><td>12 Monate<\/td><\/tr><tr><td>cookieConsent<\/td><td>Pramlux<\/td><td>Erste Partei<\/td><td>Speichert die Cookie-Einstellungen des Benutzers.<\/td><td>1 Jahr<\/td><\/tr><\/tbody><\/table><\/figure>\n\n\n\n<p><strong>Google Analytics<\/strong><\/p>\n\n\n\n<p>Wir verwenden Google Analytics, um zu verstehen, wie Besucher unsere Website nutzen. Dies hilft uns, die Benutzerfreundlichkeit und den Inhalt der Website zu verbessern. Diese Cookies sammeln Informationen in anonymer Form, z. B. die Anzahl der Besucher, woher sie kamen und welche Seiten sie besucht haben. Sie k\u00f6nnen Google Analytics deaktivieren, wie oben im Abschnitt \"Wie verwalte ich Cookies\" beschrieben. Weitere Informationen \u00fcber die Verwendung von Informationen durch Google finden Sie hier: <a href=\"https:\/\/policies.google.com\/technologies\/partner-sites\">https:\/\/policies.google.com\/technologies\/partner-sites<\/a><\/p>\n\n\n\n<p><strong>Google-Anzeigen (und DoubleClick)<\/strong><\/p>\n\n\n\n<p>Google Ads verwendet Cookies, um Werbung zu personalisieren und den Nutzern relevante Anzeigen auf der Grundlage ihres Surfverhaltens anzuzeigen. Diese Cookies erm\u00f6glichen es uns auch, die Werbeleistung zu verfolgen und zu vermeiden, dass Anzeigen angezeigt werden, die bereits angesehen wurden. Dieses Produkt sammelt und verwendet Daten durch Cookies, die f\u00fcr die Anzeigenpersonalisierung verwendet werden k\u00f6nnen. Weitere Informationen \u00fcber die Datennutzung durch Google finden Sie unter <a href=\"https:\/\/policies.google.com\/technologies\/partner-sites\">https:\/\/policies.google.com\/technologies\/partner-sites<\/a>.<\/p>\n\n\n\n<p>Hier k\u00f6nnen Sie Ihre Google-Anzeigeneinstellungen verwalten und Ihre Zustimmung zur Anzeigenpersonalisierung widerrufen: <a href=\"https:\/\/adssettings.google.com\/\">https:\/\/adssettings.google.com\/<\/a><\/p>\n\n\n\n<p><strong>Google reCAPTCHA<\/strong><\/p>\n\n\n\n<p>Google reCAPTCHA wird eingesetzt, um Nutzer von automatisierten Bots zu unterscheiden und die Sicherheit zu erh\u00f6hen. Dieses Produkt sammelt und verwendet Daten durch Cookies. Die erfassten Daten k\u00f6nnen f\u00fcr die Personalisierung von Anzeigen verwendet werden. Weitere Informationen \u00fcber die Verwendung von Informationen durch Google finden Sie unter <a href=\"https:\/\/policies.google.com\/technologies\/partner-sites\">https:\/\/policies.google.com\/technologies\/partner-sites<\/a>.<\/p>\n\n\n\n<p><strong>Wie lange verbleiben Cookies auf meinem Ger\u00e4t?<\/strong><\/p>\n\n\n\n<p>Die Dauer, f\u00fcr die ein Cookie auf Ihrem Ger\u00e4t verbleibt, h\u00e4ngt davon ab, ob es sich um ein \"Sitzungscookie\" oder ein \"dauerhaftes\" Cookie handelt. Sitzungs-Cookies sind tempor\u00e4r und werden gel\u00f6scht, wenn Sie Ihren Browser schlie\u00dfen. Dauerhafte Cookies verbleiben auf Ihrem Ger\u00e4t, bis sie ablaufen oder manuell gel\u00f6scht werden. Die meisten der von uns verwendeten Cookies sind dauerhafte Cookies und laufen zwischen 30 Minuten und zwei Jahren nach dem Herunterladen auf Ihr Ger\u00e4t ab. Weitere Informationen zur Verwaltung und L\u00f6schung von Cookies finden Sie im obigen Abschnitt \"Wie verwalte ich Cookies\".<\/p>\n\n\n\n<p><\/p>\n\n\n\n<p><\/p>","protected":false},"excerpt":{"rendered":"<p>What are Cookies? Cookies are small text files that websites store on your computer or mobile device when you visit<\/p>","protected":false},"author":1,"featured_media":0,"parent":0,"menu_order":0,"comment_status":"closed","ping_status":"closed","template":"","meta":{"footnotes":""},"class_list":["post-5011","page","type-page","status-publish","hentry"],"jetpack_sharing_enabled":true,"_links":{"self":[{"href":"https:\/\/pramlux.com\/de\/wp-json\/wp\/v2\/pages\/5011","targetHints":{"allow":["GET"]}}],"collection":[{"href":"https:\/\/pramlux.com\/de\/wp-json\/wp\/v2\/pages"}],"about":[{"href":"https:\/\/pramlux.com\/de\/wp-json\/wp\/v2\/types\/page"}],"author":[{"embeddable":true,"href":"https:\/\/pramlux.com\/de\/wp-json\/wp\/v2\/users\/1"}],"replies":[{"embeddable":true,"href":"https:\/\/pramlux.com\/de\/wp-json\/wp\/v2\/comments?post=5011"}],"version-history":[{"count":2,"href":"https:\/\/pramlux.com\/de\/wp-json\/wp\/v2\/pages\/5011\/revisions"}],"predecessor-version":[{"id":24847,"href":"https:\/\/pramlux.com\/de\/wp-json\/wp\/v2\/pages\/5011\/revisions\/24847"}],"wp:attachment":[{"href":"https:\/\/pramlux.com\/de\/wp-json\/wp\/v2\/media?parent=5011"}],"curies":[{"name":"wp","href":"https:\/\/api.w.org\/{rel}","templated":true}]}}